{"id":9788,"date":"2024-10-02T09:59:36","date_gmt":"2024-10-02T07:59:36","guid":{"rendered":"https:\/\/www.afg.asso.fr\/?page_id=9788"},"modified":"2025-10-13T10:22:33","modified_gmt":"2025-10-13T08:22:33","slug":"accompagner-les-epargnants","status":"publish","type":"page","link":"https:\/\/www.afg.asso.fr\/fr\/accompagner-les-epargnants\/","title":{"rendered":"Accompagner les \u00e9pargnants"},"content":{"rendered":"\n<div style=\"height:15px\" aria-hidden=\"true\" class=\"wp-block-spacer\"><\/div>\n\n\n\n<h2 class=\"wp-block-heading alignfull\">L&rsquo;\u00e9ducation financi\u00e8re <\/h2>\n\n\n\n<div class=\"wp-block-group alignfull has-white-color has-text-color has-link-color wp-elements-626a39585af30781a5f9eaa468107efd\" style=\"padding-top:7vw;padding-bottom:7vw\"><div class=\"wp-block-group__inner-container is-layout-constrained wp-block-group-is-layout-constrained\">\n<div class=\"wp-block-columns alignfull is-layout-flex wp-container-core-columns-is-layout-28f84493 wp-block-columns-is-layout-flex\">\n<div class=\"wp-block-column is-layout-flow wp-block-column-is-layout-flow\" style=\"flex-basis:33.33%\">\n<figure class=\"wp-block-image size-large\"><img loading=\"lazy\" decoding=\"async\" width=\"1024\" height=\"1024\" src=\"https:\/\/www.afg.asso.fr\/app\/uploads\/2025\/10\/nbre-epargnants-per-FR-1024x1024.png\" alt=\"\" class=\"wp-image-121386\" srcset=\"https:\/\/www.afg.asso.fr\/app\/uploads\/2025\/10\/nbre-epargnants-per-FR-1024x1024.png 1024w, https:\/\/www.afg.asso.fr\/app\/uploads\/2025\/10\/nbre-epargnants-per-FR-300x300.png 300w, https:\/\/www.afg.asso.fr\/app\/uploads\/2025\/10\/nbre-epargnants-per-FR-150x150.png 150w, https:\/\/www.afg.asso.fr\/app\/uploads\/2025\/10\/nbre-epargnants-per-FR-768x768.png 768w, https:\/\/www.afg.asso.fr\/app\/uploads\/2025\/10\/nbre-epargnants-per-FR-1536x1536.png 1536w, https:\/\/www.afg.asso.fr\/app\/uploads\/2025\/10\/nbre-epargnants-per-FR-459x459.png 459w, https:\/\/www.afg.asso.fr\/app\/uploads\/2025\/10\/nbre-epargnants-per-FR-60x60.png 60w, https:\/\/www.afg.asso.fr\/app\/uploads\/2025\/10\/nbre-epargnants-per-FR.png 2000w\" sizes=\"auto, (max-width: 1024px) 100vw, 1024px\" \/><\/figure>\n<\/div>\n\n\n\n<div class=\"wp-block-column is-layout-flow wp-block-column-is-layout-flow\" style=\"flex-basis:66.66%\">\n<h3 class=\"wp-block-heading has-blue-color has-text-color has-link-color wp-elements-0658dc9d185f80a40ece3abfad13af2b\"><strong>Un \u00e9pargnant averti en vaut mille<\/strong><\/h3>\n\n\n\n<p class=\"has-blue-color has-text-color has-link-color wp-elements-9a9f449321fb5bdc7db7729ff16a347f\">Il raisonne en termes de projet (financer un bien immobilier, sa retraite ou un voyage exceptionnel). Il adapte l\u2019horizon de ses placements en fonction de ses objectifs et de son app\u00e9tence au risque. Il diversifie son portefeuille et suit ses performances. <\/p>\n\n\n\n<figure class=\"wp-block-gallery has-nested-images columns-default is-cropped wp-block-gallery-2 is-layout-flex wp-block-gallery-is-layout-flex\">\n<figure class=\"wp-block-image size-full is-resized has-custom-border is-style-default wp-duotone-unset-1\"><img loading=\"lazy\" decoding=\"async\" width=\"2560\" height=\"1707\" data-id=\"111277\" src=\"https:\/\/www.afg.asso.fr\/app\/uploads\/2024\/12\/accompagner-les-epargnants-illustr-1-scaled.jpg\" alt=\"Une jeune fille m\u00e9tisse est assise \u00e0 son bureau. Elle \u00e9crit sur un carnet avec un stylo et tape sur le clavier de son ordinateur avec son autre main.\" class=\"wp-image-111277\" style=\"border-style:none;border-width:0px;border-radius:20px;object-fit:cover;width:480px;height:350px\" srcset=\"https:\/\/www.afg.asso.fr\/app\/uploads\/2024\/12\/accompagner-les-epargnants-illustr-1-scaled.jpg 2560w, https:\/\/www.afg.asso.fr\/app\/uploads\/2024\/12\/accompagner-les-epargnants-illustr-1-300x200.jpg 300w, https:\/\/www.afg.asso.fr\/app\/uploads\/2024\/12\/accompagner-les-epargnants-illustr-1-1024x683.jpg 1024w, https:\/\/www.afg.asso.fr\/app\/uploads\/2024\/12\/accompagner-les-epargnants-illustr-1-768x512.jpg 768w, https:\/\/www.afg.asso.fr\/app\/uploads\/2024\/12\/accompagner-les-epargnants-illustr-1-1536x1024.jpg 1536w, https:\/\/www.afg.asso.fr\/app\/uploads\/2024\/12\/accompagner-les-epargnants-illustr-1-2048x1365.jpg 2048w, https:\/\/www.afg.asso.fr\/app\/uploads\/2024\/12\/accompagner-les-epargnants-illustr-1-60x40.jpg 60w\" sizes=\"auto, (max-width: 2560px) 100vw, 2560px\" \/><\/figure>\n\n\n\n<figure class=\"wp-block-image size-full is-resized has-custom-border is-style-rounded\"><img loading=\"lazy\" decoding=\"async\" width=\"2560\" height=\"1709\" data-id=\"111283\" src=\"https:\/\/www.afg.asso.fr\/app\/uploads\/2024\/12\/accompagner-les-epargnants-illustr-2.1-scaled.jpg\" alt=\"Homme portant son ordinateur sur ses genoux. Il tient son t\u00e9l\u00e9phone portable d'une main et tape sur le clavier de son ordinateur de l'autre.\" class=\"wp-image-111283\" style=\"border-style:none;border-width:0px;border-radius:20px;object-fit:cover;width:480px;height:350px\" srcset=\"https:\/\/www.afg.asso.fr\/app\/uploads\/2024\/12\/accompagner-les-epargnants-illustr-2.1-scaled.jpg 2560w, https:\/\/www.afg.asso.fr\/app\/uploads\/2024\/12\/accompagner-les-epargnants-illustr-2.1-300x200.jpg 300w, https:\/\/www.afg.asso.fr\/app\/uploads\/2024\/12\/accompagner-les-epargnants-illustr-2.1-1024x684.jpg 1024w, https:\/\/www.afg.asso.fr\/app\/uploads\/2024\/12\/accompagner-les-epargnants-illustr-2.1-768x513.jpg 768w, https:\/\/www.afg.asso.fr\/app\/uploads\/2024\/12\/accompagner-les-epargnants-illustr-2.1-1536x1026.jpg 1536w, https:\/\/www.afg.asso.fr\/app\/uploads\/2024\/12\/accompagner-les-epargnants-illustr-2.1-2048x1367.jpg 2048w, https:\/\/www.afg.asso.fr\/app\/uploads\/2024\/12\/accompagner-les-epargnants-illustr-2.1-60x40.jpg 60w\" sizes=\"auto, (max-width: 2560px) 100vw, 2560px\" \/><\/figure>\n<\/figure>\n\n\n\n<div class=\"wp-block-buttons is-layout-flex wp-block-buttons-is-layout-flex\">\n<div class=\"wp-block-button\"><a class=\"wp-block-button__link has-cyan-color has-text-color has-link-color wp-element-button\" href=\"https:\/\/www.afg.asso.fr\/fr\/commission-club\/club-education-financiere\/\">Retrouvez toutes les infos sur le Club d&rsquo;\u00e9ducation financi\u00e8re de l&rsquo;AFG<\/a><\/div>\n<\/div>\n\n\n\n<div class=\"wp-block-buttons is-layout-flex wp-block-buttons-is-layout-flex\">\n<div class=\"wp-block-button\"><a class=\"wp-block-button__link has-cyan-color has-text-color has-link-color wp-element-button\" href=\"https:\/\/www.epargnesalariale-france.fr\/\" target=\"_blank\" rel=\"noreferrer noopener\"><strong>D\u00e9couvrez la Semaine de l&rsquo;\u00e9pargne salariale : un site p\u00e9dagogique pour tout comprendre et prendre les bonnes d\u00e9cisions<\/strong><\/a><\/div>\n<\/div>\n<\/div>\n<\/div>\n<\/div><\/div>\n\n\n\n<div class=\"wp-block-group alignfull\" style=\"padding-top:7vw;padding-bottom:7vw\"><div class=\"wp-block-group__inner-container is-layout-constrained wp-block-group-is-layout-constrained\">\n<div class=\"wp-block-columns alignfull is-layout-flex wp-container-core-columns-is-layout-28f84493 wp-block-columns-is-layout-flex\">\n<div class=\"wp-block-column is-layout-flow wp-block-column-is-layout-flow\" style=\"flex-basis:66.66%\">\n<h2 class=\"wp-block-heading\">D\u00e9mocratiser l&rsquo;\u00e9pargne est un enjeu de soci\u00e9t\u00e9<\/h2>\n\n\n\n<div style=\"height:127px\" aria-hidden=\"true\" class=\"wp-block-spacer\"><\/div>\n\n\n\n<p class=\"is-style-default has-blue-color has-text-color has-link-color wp-elements-46f842db2bc595b8f240df5d32bddbc8\">L\u2019AFG participe \u00e0 la strat\u00e9gie nationale d\u2019\u00e9ducation financi\u00e8re pilot\u00e9e par la Banque de France et \u00e0 la sensibilisation d\u00e8s les premi\u00e8res ann\u00e9es de la vie scolaire. Son guide p\u00e9dagogique <strong>\u201c<a href=\"https:\/\/www.afg.asso.fr\/fr\/publication\/12-principes-pour-epargner-et-investir-dans-les-placements-financiers-de-moyen-et-long-terme-septembre-2020\/\" data-type=\"link\" data-id=\"https:\/\/www.afg.asso.fr\/fr\/publication\/12-principes-pour-epargner-et-investir-dans-les-placements-financiers-de-moyen-et-long-terme-septembre-2020\/\">12 principes pour \u00e9pargner et investir<\/a>\u201d<\/strong> propose aux \u00e9pargnants et aux professionnels un parcours simple en 4 questions \u00e0 se poser, 4 notions \u00e0 conna\u00eetre et 4 conseils pour d\u00e9cider. Son guide <strong>\u201c<a href=\"https:\/\/www.afg.asso.fr\/fr\/publication\/finance-durable-comprendre-en-9-questions\/\" data-type=\"link\" data-id=\"https:\/\/www.afg.asso.fr\/fr\/publication\/finance-durable-comprendre-en-9-questions\/\">Finance Durable. Comprendre en 9 questions<\/a>\u201d <\/strong>initie \u00e0 l\u2019investissement responsable. Ses campagnes sur les r\u00e9seaux sociaux interpellent le plus grand nombre sur les bienfaits de l\u2019\u00e9pargne pour l\u2019avenir de tous.<\/p>\n\n\n\n<div style=\"height:180px\" aria-hidden=\"true\" class=\"wp-block-spacer\"><\/div>\n<\/div>\n\n\n\n<div class=\"wp-block-column is-layout-flow wp-block-column-is-layout-flow\" style=\"flex-basis:33.33%\"><div class=\"wp-block-image\">\n<figure class=\"aligncenter size-full is-resized\"><a href=\"https:\/\/www.afg.asso.fr\/fr\/publication\/finance-durable-comprendre-en-9-questions\/\"><img loading=\"lazy\" decoding=\"async\" width=\"953\" height=\"535\" src=\"https:\/\/www.afg.asso.fr\/app\/uploads\/2025\/08\/finance-durable-comprendre-en-9-questions-educfi-afg-efama-couv-fr.jpg\" alt=\"\" class=\"wp-image-120470\" style=\"width:399px;height:auto\" srcset=\"https:\/\/www.afg.asso.fr\/app\/uploads\/2025\/08\/finance-durable-comprendre-en-9-questions-educfi-afg-efama-couv-fr.jpg 953w, https:\/\/www.afg.asso.fr\/app\/uploads\/2025\/08\/finance-durable-comprendre-en-9-questions-educfi-afg-efama-couv-fr-300x168.jpg 300w, https:\/\/www.afg.asso.fr\/app\/uploads\/2025\/08\/finance-durable-comprendre-en-9-questions-educfi-afg-efama-couv-fr-768x431.jpg 768w, https:\/\/www.afg.asso.fr\/app\/uploads\/2025\/08\/finance-durable-comprendre-en-9-questions-educfi-afg-efama-couv-fr-60x34.jpg 60w\" sizes=\"auto, (max-width: 953px) 100vw, 953px\" \/><\/a><\/figure>\n<\/div>\n\n\n<div style=\"height:50px\" aria-hidden=\"true\" class=\"wp-block-spacer\"><\/div>\n\n\n<div class=\"wp-block-image wp-duotone-unset-3\">\n<figure class=\"aligncenter size-full is-resized\"><a href=\"https:\/\/www.afg.asso.fr\/fr\/publication\/12-principes-pour-epargner-et-investir-dans-les-placements-financiers-de-moyen-et-long-terme-septembre-2020\/\"><img decoding=\"async\" src=\"https:\/\/www.afg.asso.fr\/app\/uploads\/2024\/10\/Education-financiere_12-principes.jpg\" alt=\"Couverture du guide AFG &quot;12 principes pour \u00e9pargner et investir dans les placements financiers de moyen et long terme.\" class=\"wp-image-9797\" style=\"width:384px;height:auto\"\/><\/a><\/figure>\n<\/div><\/div>\n<\/div>\n<\/div><\/div>\n\n\n\n<div class=\"wp-block-group alignfull has-border-background-color has-background\" style=\"padding-top:7vw;padding-bottom:7vw\"><div class=\"wp-block-group__inner-container is-layout-constrained wp-block-group-is-layout-constrained\">\n<div class=\"wp-block-columns alignfull is-layout-flex wp-container-core-columns-is-layout-28f84493 wp-block-columns-is-layout-flex\">\n<div class=\"wp-block-column is-vertically-aligned-center is-layout-flow wp-block-column-is-layout-flow\" style=\"flex-basis:66.66%\">\n<h2 class=\"wp-block-heading\">Une \u00e9pargne qui a du sens est une \u00e9pargne plus utile<\/h2>\n\n\n\n<p>L\u2019\u00e9pargnant averti comprend l\u2019impact de son \u00e9pargne sur l\u2019\u00e9conomie. Il privil\u00e9gie la croissance des entreprises, les territoires et l\u2019Europe. Il apprivoise la finance durable et contribue \u00e0 une \u00e9conomie qui r\u00e9pond \u00e0 ses aspirations soci\u00e9tales et environnementales.<\/p>\n\n\n\n<div class=\"wp-block-columns is-layout-flex wp-container-core-columns-is-layout-28f84493 wp-block-columns-is-layout-flex\">\n<div class=\"wp-block-column is-layout-flow wp-block-column-is-layout-flow\"><div class=\"wp-block-image is-style-rounded\">\n<figure class=\"aligncenter size-full has-custom-border\"><img loading=\"lazy\" decoding=\"async\" width=\"7900\" height=\"5256\" src=\"https:\/\/www.afg.asso.fr\/app\/uploads\/2024\/12\/accompagner-les-epargnants-illustr-3.jpg\" alt=\"Une jeune femme et un jeune homme m\u00e9tisse discutent autour d'un ordinateur. La jeune femme a un stylo dans la main. Le jeune homme touche le clavier.\" class=\"wp-image-111287\" style=\"border-radius:20px\" srcset=\"https:\/\/www.afg.asso.fr\/app\/uploads\/2024\/12\/accompagner-les-epargnants-illustr-3.jpg 7900w, https:\/\/www.afg.asso.fr\/app\/uploads\/2024\/12\/accompagner-les-epargnants-illustr-3-300x200.jpg 300w, https:\/\/www.afg.asso.fr\/app\/uploads\/2024\/12\/accompagner-les-epargnants-illustr-3-1024x681.jpg 1024w, https:\/\/www.afg.asso.fr\/app\/uploads\/2024\/12\/accompagner-les-epargnants-illustr-3-768x511.jpg 768w, https:\/\/www.afg.asso.fr\/app\/uploads\/2024\/12\/accompagner-les-epargnants-illustr-3-1536x1022.jpg 1536w, https:\/\/www.afg.asso.fr\/app\/uploads\/2024\/12\/accompagner-les-epargnants-illustr-3-60x40.jpg 60w\" sizes=\"auto, (max-width: 7900px) 100vw, 7900px\" \/><\/figure>\n<\/div><\/div>\n<\/div>\n<\/div>\n\n\n\n<div class=\"wp-block-column is-vertically-aligned-center is-layout-flow wp-block-column-is-layout-flow\" style=\"flex-basis:66.66%\">\n<h5 class=\"wp-block-heading has-text-align-center has-blue-color has-text-color has-link-color wp-elements-b6a35976c5cb3e420c70d6188526dc93\"><a href=\"https:\/\/www.oee.fr\/indice-de-performance-de-lepargne-financiere\/\" data-type=\"link\" data-id=\"https:\/\/www.oee.fr\/indice-de-performance-de-lepargne-financiere\/\" target=\"_blank\" rel=\"noreferrer noopener\">D\u00e9couvrez le dernier communiqu\u00e9 de presse de l&rsquo;OEE sur la performance de l&rsquo;\u00e9pargne financi\u00e8re des m\u00e9nages fran\u00e7ais<\/a><\/h5>\n\n\n\n<div style=\"height:70px\" aria-hidden=\"true\" class=\"wp-block-spacer\"><\/div>\n\n\n\n<div class=\"wp-block-columns is-layout-flex wp-container-core-columns-is-layout-28f84493 wp-block-columns-is-layout-flex\">\n<div class=\"wp-block-column is-layout-flow wp-block-column-is-layout-flow\"><div class=\"wp-block-image\">\n<figure class=\"aligncenter size-full is-resized has-custom-border\"><a href=\"https:\/\/www.afg.asso.fr\/fr\/publication\/oee-indice-de-performance-de-lepargne-financiere-des-menages-francais-avec-les-donnees-de-2023\/\"><img loading=\"lazy\" decoding=\"async\" width=\"694\" height=\"321\" src=\"https:\/\/www.afg.asso.fr\/app\/uploads\/2024\/11\/logo_oee.png\" alt=\"Logo de l'observatoire de l'\u00e9pargne europ\u00e9enne\" class=\"wp-image-110359\" style=\"border-radius:20px;width:470px\" srcset=\"https:\/\/www.afg.asso.fr\/app\/uploads\/2024\/11\/logo_oee.png 694w, https:\/\/www.afg.asso.fr\/app\/uploads\/2024\/11\/logo_oee-300x139.png 300w, https:\/\/www.afg.asso.fr\/app\/uploads\/2024\/11\/logo_oee-60x28.png 60w\" sizes=\"auto, (max-width: 694px) 100vw, 694px\" \/><\/a><\/figure>\n<\/div><\/div>\n<\/div>\n<\/div>\n<\/div>\n<\/div><\/div>\n\n\n\n<figure class=\"wp-block-image alignwide size-large\"><img loading=\"lazy\" decoding=\"async\" width=\"1024\" height=\"306\" src=\"https:\/\/www.afg.asso.fr\/app\/uploads\/2025\/10\/accompagner-lepargnant-chiffre-epargne-FR-102025-1024x306.png\" alt=\"\" class=\"wp-image-121391\" srcset=\"https:\/\/www.afg.asso.fr\/app\/uploads\/2025\/10\/accompagner-lepargnant-chiffre-epargne-FR-102025-1024x306.png 1024w, https:\/\/www.afg.asso.fr\/app\/uploads\/2025\/10\/accompagner-lepargnant-chiffre-epargne-FR-102025-300x90.png 300w, https:\/\/www.afg.asso.fr\/app\/uploads\/2025\/10\/accompagner-lepargnant-chiffre-epargne-FR-102025-768x229.png 768w, https:\/\/www.afg.asso.fr\/app\/uploads\/2025\/10\/accompagner-lepargnant-chiffre-epargne-FR-102025-1536x459.png 1536w, https:\/\/www.afg.asso.fr\/app\/uploads\/2025\/10\/accompagner-lepargnant-chiffre-epargne-FR-102025-2048x611.png 2048w, https:\/\/www.afg.asso.fr\/app\/uploads\/2025\/10\/accompagner-lepargnant-chiffre-epargne-FR-102025-60x18.png 60w\" sizes=\"auto, (max-width: 1024px) 100vw, 1024px\" \/><\/figure>\n\n\n\n<div class=\"wp-block-group alignfull\"><div class=\"wp-block-group__inner-container is-layout-constrained wp-block-group-is-layout-constrained\">\n<h2 class=\"wp-block-heading alignfull\" style=\"font-style:normal;font-weight:400\">Proposer une solution d&rsquo;\u00e9pargne pour chacun<\/h2>\n\n\n\n<div style=\"height:20px\" aria-hidden=\"true\" class=\"wp-block-spacer\"><\/div>\n\n\n\n<blockquote class=\"wp-block-quote is-layout-flow wp-block-quote-is-layout-flow\">\n<p><strong>Faire fructifier l&rsquo;argent confi\u00e9 par les \u00e9pargnants<\/strong> est la premi\u00e8re mission des g\u00e9rants d&rsquo;actifs. Ils construisent des portefeuilles dans lesquels votre \u00e9pargne est investie. Assurance vie ou PEA, au c\u0153ur de toutes les solutions d&rsquo;\u00e9pargne, il y a un g\u00e9rant d&rsquo;actifs qui \u0153uvre au quotidien.<\/p>\n<\/blockquote>\n\n\n\n<div style=\"height:20px\" aria-hidden=\"true\" class=\"wp-block-spacer\"><\/div>\n\n\n\n<figure class=\"wp-block-image alignwide size-large\"><img loading=\"lazy\" decoding=\"async\" width=\"1024\" height=\"576\" src=\"https:\/\/www.afg.asso.fr\/app\/uploads\/2025\/01\/Schema_Accompagner-les-epargnants_VF-1024x576.png\" alt=\"Sch\u00e9ma avec une bulle centrale indiquant &quot;la gestion d'actifs fran\u00e7ais&quot; reli\u00e9e \u00e0 des bulles repr\u00e9santant chaque dispositif d'\u00e9pargne permettant aux Fran\u00e7ais d'\u00e9pargner et d'investir : \n\n- \u00e9pargne salariale : plus d'un salari\u00e9 sur trois b\u00e9n\u00e9ficie d'une \u00e9pargne salariale\n- \u00e9pargne retraite : 10 millions de Fran\u00e7ais d\u00e9tiennent un PER (plan \u00e9pargne retraite) \n- assurance vie : 40% des m\u00e9nages fran\u00e7ais ont souscrit une assurance vie \n- plan d'\u00e9pargne avenir climat : les capitaux doivent \u00eatre investis pour financer des projets li\u00e9s \u00e0 la transition \u00e9cologique \n- PEA (plan d'\u00e9pargne en actions) : 6.4 millions de fran\u00e7ais d\u00e9tiennent un PEA \n- PEA jeunes : dispositif permettant d\u2019acheter et de vendre des titres d\u2019entreprises tout en b\u00e9n\u00e9ficiant d\u2019avantages fiscaux\n- PEA-PME : Plus de 270 000 PEA-PME en France, pour un encours global de pr\u00e8s de 113 milliards d\u2019euros\" class=\"wp-image-112326\" srcset=\"https:\/\/www.afg.asso.fr\/app\/uploads\/2025\/01\/Schema_Accompagner-les-epargnants_VF-1024x576.png 1024w, https:\/\/www.afg.asso.fr\/app\/uploads\/2025\/01\/Schema_Accompagner-les-epargnants_VF-300x169.png 300w, https:\/\/www.afg.asso.fr\/app\/uploads\/2025\/01\/Schema_Accompagner-les-epargnants_VF-768x432.png 768w, https:\/\/www.afg.asso.fr\/app\/uploads\/2025\/01\/Schema_Accompagner-les-epargnants_VF-1536x864.png 1536w, https:\/\/www.afg.asso.fr\/app\/uploads\/2025\/01\/Schema_Accompagner-les-epargnants_VF-60x34.png 60w, https:\/\/www.afg.asso.fr\/app\/uploads\/2025\/01\/Schema_Accompagner-les-epargnants_VF.png 1920w\" sizes=\"auto, (max-width: 1024px) 100vw, 1024px\" \/><\/figure>\n<\/div><\/div>\n\n\n\n<p><\/p>\n","protected":false},"excerpt":{"rendered":"<p>L&rsquo;\u00e9ducation financi\u00e8re Un \u00e9pargnant averti en vaut mille Il raisonne en termes de projet (financer un bien immobilier, sa retraite&hellip;<\/p>\n","protected":false},"author":6,"featured_media":0,"parent":0,"menu_order":0,"comment_status":"closed","ping_status":"closed","template":"","meta":{"_acf_changed":false,"_gspb_post_css":"","footnotes":""},"class_list":["post-9788","page","type-page","status-publish","hentry"],"acf":[],"_links":{"self":[{"href":"https:\/\/www.afg.asso.fr\/fr\/wp-json\/wp\/v2\/pages\/9788","targetHints":{"allow":["GET"]}}],"collection":[{"href":"https:\/\/www.afg.asso.fr\/fr\/wp-json\/wp\/v2\/pages"}],"about":[{"href":"https:\/\/www.afg.asso.fr\/fr\/wp-json\/wp\/v2\/types\/page"}],"author":[{"embeddable":true,"href":"https:\/\/www.afg.asso.fr\/fr\/wp-json\/wp\/v2\/users\/6"}],"replies":[{"embeddable":true,"href":"https:\/\/www.afg.asso.fr\/fr\/wp-json\/wp\/v2\/comments?post=9788"}],"version-history":[{"count":0,"href":"https:\/\/www.afg.asso.fr\/fr\/wp-json\/wp\/v2\/pages\/9788\/revisions"}],"wp:attachment":[{"href":"https:\/\/www.afg.asso.fr\/fr\/wp-json\/wp\/v2\/media?parent=9788"}],"curies":[{"name":"wp","href":"https:\/\/api.w.org\/{rel}","templated":true}]}}