{"id":944,"date":"2024-08-05T09:43:08","date_gmt":"2024-08-05T07:43:08","guid":{"rendered":"https:\/\/www.afg.asso.fr\/?page_id=944"},"modified":"2024-12-02T16:52:40","modified_gmt":"2024-12-02T15:52:40","slug":"comprendre-la-gestion-d-actif","status":"publish","type":"page","link":"https:\/\/www.afg.asso.fr\/fr\/comprendre-la-gestion-d-actif\/","title":{"rendered":"Comprendre la gestion d\u2019actifs"},"content":{"rendered":"\n<div style=\"height:50px\" aria-hidden=\"true\" class=\"wp-block-spacer\"><\/div>\n\n\n\n<div class=\"wp-block-columns alignfull are-vertically-aligned-center is-layout-flex wp-container-core-columns-is-layout-9c22b1e3 wp-block-columns-is-layout-flex\">\n<div class=\"wp-block-column is-vertically-aligned-center is-layout-flow wp-block-column-is-layout-flow\" style=\"flex-basis:50%\"><div class=\"wp-block-image is-style-default\">\n<figure class=\"aligncenter size-full is-resized\"><img decoding=\"async\" src=\"https:\/\/www.afg.asso.fr\/app\/uploads\/2024\/12\/comprendre-la-gestion-dactifs-scaled.jpg\" alt=\"\" class=\"wp-image-111144\" style=\"width:526px;height:auto\"\/><\/figure>\n<\/div><\/div>\n\n\n\n<div class=\"wp-block-column is-vertically-aligned-center is-layout-flow wp-block-column-is-layout-flow\" style=\"padding-right:5vw;padding-left:5vw;flex-basis:50%\">\n<h2 class=\"wp-block-heading\">La gestion d&rsquo;actifs agit pour le compte de ses clients<\/h2>\n\n\n\n<p>La gestion d\u2019actifs consiste \u00e0 g\u00e9rer des portefeuilles d\u2019investissements pour le compte de clients vari\u00e9s : particuliers, entreprises ou institutions comme les banques et les compagnies d&rsquo;assurance. Le gestionnaire d&rsquo;actifs a pour mission de faire cro\u00eetre les sommes investies, en tenant compte des objectifs sp\u00e9cifiques de chaque client, de leurs besoins financiers, et de leur tol\u00e9rance au risque. <\/p>\n\n\n\n<p><\/p>\n<\/div>\n<\/div>\n\n\n\n<div class=\"wp-block-columns alignfull are-vertically-aligned-center is-layout-flex wp-container-core-columns-is-layout-4fabc385 wp-block-columns-is-layout-flex\">\n<div class=\"wp-block-column is-vertically-aligned-center is-layout-flow wp-block-column-is-layout-flow\" style=\"padding-right:5vw;padding-left:5vw;flex-basis:50%\">\n<h2 class=\"wp-block-heading\">La gestion d&rsquo;actifs investit dans l&rsquo;\u00e9conomie<\/h2>\n\n\n\n<p>Les g\u00e9rant d&rsquo;actifs investissent le capital de leurs clients dans diff\u00e9rents types d\u2019actifs, tels que des actions, des obligations d&rsquo;entreprises ou d&rsquo;Etats, des biens immobiliers et d\u2019autres instruments financiers. Ils utilisent leur expertise pour s\u00e9lectionner des investissements adapt\u00e9s, g\u00e9rer les risques, et surveiller en continu les performances des portefeuilles afin de maximiser les rendements.<\/p>\n\n\n\n<p><\/p>\n<\/div>\n\n\n\n<div class=\"wp-block-column is-vertically-aligned-center is-layout-flow wp-block-column-is-layout-flow\" style=\"flex-basis:50%\"><div class=\"wp-block-image\">\n<figure class=\"aligncenter size-full is-resized\"><img decoding=\"async\" src=\"https:\/\/www.afg.asso.fr\/app\/uploads\/2024\/12\/comprendre-la-gestion-dactifs-leconomie-scaled.jpg\" alt=\"\" class=\"wp-image-111150\" style=\"width:560px;height:auto\"\/><\/figure>\n<\/div><\/div>\n<\/div>\n\n\n\n<div class=\"wp-block-columns alignfull are-vertically-aligned-center is-layout-flex wp-container-core-columns-is-layout-9c22b1e3 wp-block-columns-is-layout-flex\">\n<div class=\"wp-block-column is-vertically-aligned-center is-layout-flow wp-block-column-is-layout-flow\" style=\"flex-basis:50%\"><div class=\"wp-block-image\">\n<figure class=\"aligncenter size-full is-resized\"><img decoding=\"async\" src=\"https:\/\/www.afg.asso.fr\/app\/uploads\/2024\/12\/comprendre-la-gestion-dactifs-3-scaled.jpg\" alt=\"\" class=\"wp-image-111153\" style=\"width:604px;height:auto\"\/><\/figure>\n<\/div><\/div>\n\n\n\n<div class=\"wp-block-column is-vertically-aligned-center is-layout-flow wp-block-column-is-layout-flow\" style=\"padding-right:5vw;padding-left:5vw;flex-basis:50%\">\n<h2 class=\"wp-block-heading\">La gestion d&rsquo;actifs finance une \u00e9conomie durable <\/h2>\n\n\n\n<p>La gestion d&rsquo;actifs investit le capital de ses clients dans des entreprises et des projets qui cr\u00e9ent des emplois et offrent des services essentiels, en veillant \u00e0 ce que ces investissements contribuent activement aux solutions face aux d\u00e9fis mondiaux actuels et futurs, notamment en mati\u00e8re d\u2019urgence climatique. Elle joue ainsi un r\u00f4le cl\u00e9 en orientant les capitaux vers des initiatives responsables et durables, essentielles pour b\u00e2tir un avenir r\u00e9silient.<\/p>\n<\/div>\n<\/div>\n","protected":false},"excerpt":{"rendered":"<p>La gestion d&rsquo;actifs agit pour le compte de ses clients La gestion d\u2019actifs consiste \u00e0 g\u00e9rer des portefeuilles d\u2019investissements pour&hellip;<\/p>\n","protected":false},"author":10,"featured_media":0,"parent":0,"menu_order":0,"comment_status":"closed","ping_status":"closed","template":"","meta":{"_acf_changed":false,"_gspb_post_css":"","footnotes":""},"class_list":["post-944","page","type-page","status-publish","hentry"],"acf":[],"_links":{"self":[{"href":"https:\/\/www.afg.asso.fr\/fr\/wp-json\/wp\/v2\/pages\/944","targetHints":{"allow":["GET"]}}],"collection":[{"href":"https:\/\/www.afg.asso.fr\/fr\/wp-json\/wp\/v2\/pages"}],"about":[{"href":"https:\/\/www.afg.asso.fr\/fr\/wp-json\/wp\/v2\/types\/page"}],"author":[{"embeddable":true,"href":"https:\/\/www.afg.asso.fr\/fr\/wp-json\/wp\/v2\/users\/10"}],"replies":[{"embeddable":true,"href":"https:\/\/www.afg.asso.fr\/fr\/wp-json\/wp\/v2\/comments?post=944"}],"version-history":[{"count":0,"href":"https:\/\/www.afg.asso.fr\/fr\/wp-json\/wp\/v2\/pages\/944\/revisions"}],"wp:attachment":[{"href":"https:\/\/www.afg.asso.fr\/fr\/wp-json\/wp\/v2\/media?parent=944"}],"curies":[{"name":"wp","href":"https:\/\/api.w.org\/{rel}","templated":true}]}}