{"id":45845,"date":"2025-01-02T14:48:14","date_gmt":"2025-01-02T13:48:14","guid":{"rendered":"https:\/\/www.afg.asso.fr\/?page_id=45845"},"modified":"2026-02-16T11:11:01","modified_gmt":"2026-02-16T10:11:01","slug":"fiches-reporting","status":"publish","type":"page","link":"https:\/\/www.afg.asso.fr\/fr\/fiches-reporting\/","title":{"rendered":"Fiches \u00ab\u00a0Reporting\u00a0\u00bb"},"content":{"rendered":"\n<div style=\"height:40px\" aria-hidden=\"true\" class=\"wp-block-spacer\"><\/div>\n\n\n\n<div class=\"wp-block-group has-border-background-color has-background\"><div class=\"wp-block-group__inner-container is-layout-constrained wp-block-group-is-layout-constrained\">\n<p>Cette liste est issue des<strong> travaux du Comit\u00e9 Reporting de l&rsquo;AFG <\/strong>pr\u00e9sid\u00e9 par Pascal Koenig. &nbsp;L&rsquo;objectif de cette liste est de r\u00e9pertorier l&rsquo;ensemble des reportings (financiers, fiscaux, comptables, juridiques, r\u00e8glementaires et autres) devant \u00eatre effectu\u00e9s par une SGP et\/ou un OPC (FCP\/SICAV) dans le cadre de son activit\u00e9 aupr\u00e8s des diff\u00e9rentes autorit\u00e9s fran\u00e7aises et europ\u00e9ennes, et ceux pouvant \u00eatre effectu\u00e9s par la soci\u00e9t\u00e9 de gestion de portefeuille aupr\u00e8s de ses clients.<\/p>\n\n\n\n<p>Cette liste ne recense pas, pour l\u2019instant :<br>&#8211; les reportings \u00e0 destination des autorit\u00e9s nationales \u00e9trang\u00e8res<br>&#8211; les reportings applicables aux soci\u00e9t\u00e9s commerciales<\/p>\n\n\n\n<p>La mise \u00e0 jour de cette liste se fera au fil de l\u2019eau. Par ailleurs, une fiche compl\u00e9mentaire sera \u00e9galement publi\u00e9e par l&rsquo;AFG recensant pour chaque mois de l&rsquo;ann\u00e9e les reportings obligatoires pour une SGP et\/ou un OPC (FCP\/SICAV). &nbsp;<\/p>\n\n\n\n<ul class=\"wp-block-list\">\n<li>Il est rappel\u00e9 que<strong> la liste de l\u2019AFG n\u2019est \u00e9dit\u00e9e qu\u2019\u00e0 titre informatif<\/strong> et<strong> il vous appartient de v\u00e9rifier vos propres obligations d\u00e9claratives en vous r\u00e9f\u00e9rant \u00e0 l\u2019ensemble de la r\u00e9glementation qui vous est applicable<\/strong>.<\/li>\n\n\n\n<li>En cons\u00e9quence, l\u2019AFG ne serait \u00eatre tenue pour responsable d\u2019un manquement \u00e0 l\u2019une quelconque de vos obligations de reporting.<\/li>\n\n\n\n<li>Nous mettons en ligne les fiches r\u00e9alis\u00e9es au fur et \u00e0 mesure de leur finalisation. Consultez le <a href=\"https:\/\/www.afg.asso.fr\/fr\/publication\/\/tableau-des-reportings\/\">tableau des reportings (en attente de mise \u00e0 jour).<\/a><\/li>\n<\/ul>\n<\/div><\/div>\n\n\n\n<div style=\"height:40px\" aria-hidden=\"true\" class=\"wp-block-spacer\"><\/div>\n\n\n\n<div class=\"wp-block-group has-lightblueopacitywithcercles-background-color has-background\"><div class=\"wp-block-group__inner-container is-layout-flow wp-block-group-is-layout-flow\">\n<ul class=\"wp-block-list\">\n<li><strong><a href=\"https:\/\/www.afg.asso.fr\/fr\/publication\/fiche-reporting-2025-focus-actualites\/\" data-type=\"link\" data-id=\"https:\/\/www.afg.asso.fr\/fr\/publication\/fiche-reporting-2025-focus-actualites\/\">Fiche \u00ab\u00a0exceptionnelle\u00a0\u00bb &#8211; Priorit\u00e9s 2025<\/a><\/strong><\/li>\n\n\n\n<li><a href=\"https:\/\/www.afg.asso.fr\/fr\/publication\/\/fiche-exceptionnelle-priorites-2024\/\" data-type=\"link\" data-id=\"https:\/\/www.afg.asso.fr\/fr\/publication\/\/fiche-exceptionnelle-priorites-2024\/\" target=\"_blank\" rel=\"noreferrer noopener\">Fiche \u00ab\u00a0exceptionnelle\u00a0\u00bb &#8211; Priorit\u00e9s 2024<\/a><\/li>\n\n\n\n<li><a href=\"https:\/\/www.afg.asso.fr\/fr\/publication\/\/fiche-exceptionnelle-priorites-2023\/\" data-type=\"URL\" data-id=\"https:\/\/www.afg.asso.fr\/fr\/publication\/fiche-exceptionnelle-priorites-2023\/\">Fiche \u00ab&nbsp;exceptionnelle \u00bb &#8211; Priorit\u00e9s 2023<\/a><\/li>\n\n\n\n<li><a href=\"https:\/\/www.afg.asso.fr\/fr\/publication\/\/fiche-exceptionnelle-priorites-2022\/\" data-type=\"link\" data-id=\"https:\/\/www.afg.asso.fr\/fr\/publication\/\/fiche-exceptionnelle-priorites-2022\/\">Fiche \u00ab&nbsp;exceptionnelle&nbsp;\u00bb &#8211; Priorit\u00e9s 2022<\/a><\/li>\n<\/ul>\n<\/div><\/div>\n\n\n\n<h4 class=\"wp-block-heading\" id=\"reportings-reglementaires-dus-au-niveau-de-la-sgp\"><strong>Reportings r\u00e9glementaires dus au niveau de la SGP<\/strong><\/h4>\n\n\n\n<ul class=\"wp-block-list\">\n<li>A.1 <a href=\"https:\/\/www.afg.asso.fr\/fr\/publications\/a-1-fiche-de-renseignements-annuelle-fra\/\" data-type=\"link\" data-id=\"https:\/\/www.afg.asso.fr\/fr\/publications\/a-1-fiche-de-renseignements-annuelle-fra\/\">Fiche de renseignements annuelle&nbsp;(FRA)&nbsp;<\/a>(version 2025)<\/li>\n\n\n\n<li>A.2 <a href=\"https:\/\/www.afg.asso.fr\/fr\/publication\/a-2-rapport-annuel-de-controle-rac-reportings-reglementaires-dus-au-niveau-de-la-sgp\/\" data-type=\"publication\" data-id=\"104770\">Rapport Annuel de Contr\u00f4le (RAC<\/a>)&nbsp;(version 2025)<\/li>\n\n\n\n<li>A.3 <a href=\"https:\/\/www.afg.asso.fr\/fr\/publication\/\/comptes-annuels-des-sgp\/\" data-type=\"link\" data-id=\"https:\/\/www.afg.asso.fr\/fr\/publication\/\/comptes-annuels-des-sgp\/\">Comptes annuels de la soci\u00e9t\u00e9 de gestion<\/a>&nbsp;(version 2025)<\/li>\n\n\n\n<li>A.4 <a href=\"https:\/\/www.afg.asso.fr\/fr\/publication\/fiche-reporting-a4-politiques-documents-site-internet\/\">Politiques et documents devant \u00eatre mis sur le site internet&nbsp;<\/a>&nbsp;(version 2025) et son <a href=\"https:\/\/www.afg.asso.fr\/fr\/publication\/tableau-suivi-exigences-internet\/\">annexe \u00ab\u00a0Tableau d&rsquo;exigence de suivi\u00a0\u00bb (tableau excel)<\/a><\/li>\n\n\n\n<li>A.5&nbsp;&nbsp;D\u00e9claration des encours pour calcul contribution AMF&nbsp;&nbsp;<\/li>\n\n\n\n<li>A.6&nbsp;<a href=\"https:\/\/www.afg.asso.fr\/fr\/publication\/a-6-mise-a-jour-du-programme-dactivite\/\" data-type=\"publication\" data-id=\"104873\">Mise \u00e0 jour du programme d\u2019activit\u00e9<\/a>&nbsp;(version 2020)<\/li>\n\n\n\n<li>A.7&nbsp;<a href=\"https:\/\/www.afg.asso.fr\/fr\/publication\/a-7-reporting-environnemental-et-social-ou-declaration-de-performance-extra-financiere-des-entreprises\/\" data-type=\"publication\" data-id=\"104874\">Reporting environnemental et social ou d\u00e9claration de performance extra-financi\u00e8re des entreprises <\/a>&nbsp;(version 2020)<\/li>\n\n\n\n<li>A.8&nbsp;<a href=\"https:\/\/www.afg.asso.fr\/fr\/publication\/a-8-rapport-annuel-controle-interne-lcb-ft-raci\/\" data-type=\"publication\" data-id=\"106070\">Rapport annuel de contr\u00f4le interne LCB-FT (RACI)<\/a> (version 2026)<\/li>\n\n\n\n<li>A.9&nbsp;Questionnaire LCB-FT<\/li>\n\n\n\n<li>A.10&nbsp;<a href=\"https:\/\/www.afg.asso.fr\/fr\/publication\/a-10-rapport-annuel-sur-le-controle-interne\/\" data-type=\"publication\" data-id=\"106186\">Rapport annuel sur le contr\u00f4le interne<\/a> (version 2021)<\/li>\n\n\n\n<li>A.11&nbsp;D\u00e9clarations de soup\u00e7on &lsquo;Abus de march\u00e9&rsquo;<\/li>\n\n\n\n<li>A.12&nbsp;Politique ISR pour SGP revendiquant cette approche\/ Signataires PRI + ISR des fonds (optionnel)<\/li>\n<\/ul>\n\n\n\n<h4 class=\"wp-block-heading\" id=\"reportings-reglementaires-dus-au-niveau-des-opc-et-portefeuilles-lies\"><strong>Reportings r\u00e9glementaires dus au niveau des OPC et portefeuilles li\u00e9s<\/strong><\/h4>\n\n\n\n<ul class=\"wp-block-list\">\n<li>B.1&nbsp;<a href=\"https:\/\/www.afg.asso.fr\/fr\/publication\/\/b-1-diffusion-dinformations-aux-autorites-de-tutelle-base-geco-produits\/\">Diffusion d\u2019informations aux autorit\u00e9s de tutelle : Base GECO \u00ab&nbsp;Produits&nbsp;\u00bb&nbsp;et gestion des autres autorit\u00e9s de tutelle<\/a>&nbsp;(version 2020)<\/li>\n\n\n\n<li>B.2&nbsp;<a href=\"https:\/\/www.afg.asso.fr\/fr\/publication\/\/b-2-loi-sur-la-transition-energetique-pour-la-croissance-verte-et-reporting-carbone\/\">Loi sur la Transition Energ\u00e9tique pour la croissance verte et Reporting Carbone<\/a>&nbsp;(en attente de mise \u00e0 jour)<\/li>\n\n\n\n<li>B.3 <a href=\"https:\/\/www.afg.asso.fr\/fr\/publication\/b-3-composition-dactif-opcvmfia-fivgfci-fcprfcpififfafpvgfpsslpfpcifessicaf\/\" data-type=\"publication\" data-id=\"104772\">Composition d&rsquo;actif (OPCVM\/FIA : FIVG\/FCI (FCPR,FCPI,FI)\/FFA\/FPVG\/FPS\/SLP\/FPCI\/FES\/SICAF)&nbsp;<\/a>(version 2024)<\/li>\n\n\n\n<li>B.4<a href=\"https:\/\/www.afg.asso.fr\/fr\/publication\/\/b-4-documents-dinformation-periodique-dip-rapports-semestriel-trimestriel-opcvm-et-fia-fivgffafpvgfps\/\"> Documents d\u2019information p\u00e9riodique (DIP) : Rapports semestriel, trimestriel<\/a> (OPCVM et FIA : FIVG\/FFA\/FPVG\/FPS)&nbsp;(version 2020)<\/li>\n\n\n\n<li>B.5 <a href=\"https:\/\/www.afg.asso.fr\/fr\/publication\/b-5-rapport-annuel-de-l-opc\/\" data-type=\"publication\" data-id=\"104877\">Rapport annuel de l\u2019OPC<\/a>&nbsp;(version 2021)<\/li>\n\n\n\n<li>B.6 <a href=\"https:\/\/www.afg.asso.fr\/fr\/publication\/b-6-reporting-aifm-aux-regulateurs\/\" data-type=\"publication\" data-id=\"104774\">Reporting AIFM aux r\u00e9gulateurs<\/a>&nbsp;(version 2021)<\/li>\n\n\n\n<li>B.7&nbsp;<a href=\"https:\/\/www.afg.asso.fr\/fr\/publication\/b-7-dici-document-dinformation-cle\/\" data-type=\"publication\" data-id=\"106071\">DICI : Document d&rsquo;information cl\u00e9&nbsp;<\/a>(version 2022)<\/li>\n\n\n\n<li>B.8 <a href=\"https:\/\/www.afg.asso.fr\/fr\/publication\/b-8-ot-reporting-banque-france-organismes-titrisation\/\" data-type=\"link\" data-id=\"https:\/\/www.afg.asso.fr\/fr\/publication\/b-8-ot-reporting-banque-france-organismes-titrisation\/\">Reporting Banque de France des organismes de titrisation<\/a>&nbsp;(version 2025)<\/li>\n\n\n\n<li>B.9 Information p\u00e9riodique gestion sous mandat (compte-rendu trimestriel)<\/li>\n\n\n\n<li>B.10 Reporting Environnement Social et Gouvernance (ESG)<\/li>\n\n\n\n<li>B.11&nbsp;Collecte des situations annuelles : FCPR \/&nbsp; OPCI \/&nbsp; organismes de titrisation \/ fonds professionnels de CI \/ Epargne salariale&nbsp;<\/li>\n\n\n\n<li>B.12&nbsp;MMF&nbsp;<\/li>\n\n\n\n<li>B.13 <a href=\"https:\/\/www.afg.asso.fr\/fr\/publication\/fiche_b13_comptes-annuels-opc-capital-variable\/\" data-type=\"link\" data-id=\"https:\/\/www.afg.asso.fr\/fr\/publication\/fiche_b13_comptes-annuels-opc-capital-variable\/\">Comptes annuels des OPC \u00e0 capital variable<\/a><\/li>\n\n\n\n<li><a href=\"https:\/\/www.afg.asso.fr\/fr\/publication\/rapport-sur-la-revision-de-lactivite-de-l-opc-long-form-report-lfr-concerne-les-fonds-domicilies-au-luxembourg\/\" data-type=\"link\" data-id=\"https:\/\/www.afg.asso.fr\/fr\/publication\/rapport-sur-la-revision-de-lactivite-de-l-opc-long-form-report-lfr-concerne-les-fonds-domicilies-au-luxembourg\/\">Rapport sur la r\u00e9vision de l&rsquo;activit\u00e9 de l&rsquo;OPC (Long Form report \u00ab\u00a0LFR\u00a0\u00bb) &#8211; Concerne les fonds domicili\u00e9s au Luxembourg<\/a>&nbsp;(en attente de mise \u00e0 jour)<\/li>\n\n\n\n<li>B.14 <a href=\"https:\/\/www.afg.asso.fr\/fr\/publication\/b-14-reporting-titrisation-dit-esma\/\">Reporting Titrisation (DIT ESMA)<\/a><\/li>\n<\/ul>\n\n\n\n<h4 class=\"wp-block-heading\" id=\"reportings-reglementaires-dus-aux-transactions-realisees\"><strong>Reportings r\u00e9glementaires dus aux transactions r\u00e9alis\u00e9es<\/strong><\/h4>\n\n\n\n<ul class=\"wp-block-list\">\n<li>C.1&nbsp;<a href=\"https:\/\/www.afg.asso.fr\/fr\/publication\/c-1-franchissements-de-seuils\/\" data-type=\"publication\" data-id=\"104878\">Franchissements de seuils<\/a>&nbsp;(en attente de mise \u00e0 jour)<\/li>\n\n\n\n<li>C.2&nbsp;Reporting EMIR- d\u00e9claration des transactions&nbsp;(\u00e0 venir)<\/li>\n\n\n\n<li>C.3 Reporting EMIR- d\u00e9claration des diff\u00e9rends&nbsp;(\u00e0 venir)<\/li>\n\n\n\n<li>C.4&nbsp;Reporting EMIR- notification annuelle de franchissement seuil de compensation&nbsp;(\u00e0 venir)<\/li>\n\n\n\n<li>C.5 <a href=\"https:\/\/www.afg.asso.fr\/fr\/publication\/c-5-reporting-sec-13-f-positions-detenues-en-actions-us\/\" data-type=\"publication\" data-id=\"104778\">Reporting SEC 13F (positions d\u00e9tenues en actions US)<\/a>&nbsp;(en attente de mise \u00e0 jour)<\/li>\n\n\n\n<li>C.6&nbsp;SFTR&nbsp;(\u00e0 venir)<\/li>\n\n\n\n<li>C.7&nbsp;<a href=\"https:\/\/www.afg.asso.fr\/fr\/publication\/c-7-best-execution-best-selection-rts-28\/\" data-type=\"publication\" data-id=\"106930\">Best Execution &#8211; Best Selection + RTS 28 <\/a>(version 2021)<\/li>\n\n\n\n<li>C.8&nbsp;D\u00e9claration trimestrielle des pr\u00eats octroy\u00e9s \u00e0 l\u2019AMF&nbsp;(\u00e0 venir)<\/li>\n\n\n\n<li>C.9 D\u00e9claration de positions courtes nettes ou de ventes \u00e0 d\u00e9couvert&nbsp;&nbsp;(\u00e0 venir)<\/li>\n<\/ul>\n\n\n\n<h4 class=\"wp-block-heading\" id=\"reportings-fiscaux-lies-aux-fonds\"><strong>Reportings fiscaux li\u00e9s aux fonds<\/strong><\/h4>\n\n\n\n<ul class=\"wp-block-list\">\n<li>D.1 <a href=\"https:\/\/www.afg.asso.fr\/fr\/publication\/d-7-ventilation-fiscale-francaise-du-coupon-distribue-couponnage\/\" data-type=\"publication\" data-id=\"108058\">Ventilation fiscale fran\u00e7aise du coupon distribu\u00e9 (Couponnage)<\/a> (version 2024)<\/li>\n\n\n\n<li>D.2&nbsp;FCPI : reporting fiscal sp\u00e9cifique \u00e0 l\u2019administration&nbsp;(\u00e0 venir)<\/li>\n\n\n\n<li>D.3&nbsp;<a href=\"https:\/\/www.afg.asso.fr\/fr\/publication\/d-3-reporting-crs-fatca\/\" data-type=\"publication\" data-id=\"106931\">Reporting CRS \/ FATCA<\/a>&nbsp;(version 2021)<\/li>\n\n\n\n<li>D.4 Clients r\u00e9calcitrants&nbsp;(\u00e0 venir)<\/li>\n\n\n\n<li>D.5 DAC 6&nbsp;(\u00e0 venir)<\/li>\n\n\n\n<li>D.6 <a href=\"https:\/\/www.afg.asso.fr\/fr\/publication\/d-6-ifi-lettre-aux-porteurs\/\" data-type=\"publication\" data-id=\"106187\">IFI &#8211; Lettre aux porteurs<\/a> (version 2021)<\/li>\n<\/ul>\n\n\n\n<h4 class=\"wp-block-heading\" id=\"reportings-clients-buy-side\"><strong>Reportings clients \u00ab\u00a0buy-side\u00a0\u00bb<\/strong><\/h4>\n\n\n\n<ul class=\"wp-block-list\">\n<li>E.1 <a href=\"https:\/\/www.afg.asso.fr\/fr\/publication\/e-1-reporting-solvabilite-2\/\" data-type=\"publication\" data-id=\"104780\">Reporting Solvabilit\u00e9 2<\/a>&nbsp;(version 2021)<\/li>\n\n\n\n<li>E.2&nbsp;Consolidation des OPC <\/li>\n\n\n\n<li>E.3&nbsp;Reportings mensuels (Factsheet)<\/li>\n\n\n\n<li>E.4 <a href=\"https:\/\/www.afg.asso.fr\/fr\/publication\/e-4-reporting-lcr\/\" data-type=\"publication\" data-id=\"104781\">Reporting LCR<\/a>&nbsp;(en attente de mise \u00e0 jour)<\/li>\n\n\n\n<li>E.5 <a href=\"https:\/\/www.afg.asso.fr\/fr\/publication\/e-5-reportings-mensuels-factsheet\/\" data-type=\"publication\" data-id=\"104782\">Reportings mensuels (Factsheet)<\/a>&nbsp;(version 2022)<\/li>\n\n\n\n<li>E.6 <a href=\"https:\/\/www.afg.asso.fr\/fr\/publication\/e-6-reporting-gips\/\" data-type=\"publication\" data-id=\"104783\">Reporting GIPS<\/a>&nbsp;(en attente de mise \u00e0 jour)<\/li>\n\n\n\n<li>E.8 <a href=\"https:\/\/www.afg.asso.fr\/fr\/publication\/e-8-referentiels-sur-levaluation-des-dispositifs-de-controle-interne-isae-3402-ssae-16\/\" data-type=\"publication\" data-id=\"104784\">R\u00e9f\u00e9rentiels sur l&rsquo;\u00e9valuation des dispositifs de Contr\u00f4le Interne<\/a> ISAE3402\/SSAE16&nbsp;(en attente de mise \u00e0 jour)<\/li>\n<\/ul>\n\n\n\n<h4 class=\"wp-block-heading\" id=\"reportings-reglementaires-finance-durable-esg\"><strong>Reportings r\u00e9glementaires \u00ab\u00a0Finance Durable\/ESG\u00a0\u00bb<\/strong><\/h4>\n\n\n\n<ul class=\"wp-block-list\">\n<li>F.1 <a href=\"https:\/\/www.afg.asso.fr\/fr\/publication\/f-1-reportings-sfdr-ou-disclosure\/\" data-type=\"publication\" data-id=\"106932\">Reporting SFDR ou \u00ab\u00a0Disclosure\u00a0\u00bb<\/a> (version 2025)<\/li>\n\n\n\n<li>F.2 <a href=\"https:\/\/www.afg.asso.fr\/fr\/publication\/f-2-reporting-environnemental-et-social-ou-declaration-de-performance-extra-financiere-des-entreprises\/\" data-type=\"link\" data-id=\"https:\/\/www.afg.asso.fr\/fr\/publication\/f-2-reporting-environnemental-et-social-ou-declaration-de-performance-extra-financiere-des-entreprises\/\">Reporting environnemental et social ou d\u00e9claration de performance extra-financi\u00e8re des entreprises<\/a> (version 2021)<\/li>\n\n\n\n<li>F.5 <a href=\"https:\/\/www.afg.asso.fr\/fr\/publication\/f-5-rapport-article-29-annuel-de-la-loi-energie-climat\/\" data-type=\"publication\" data-id=\"106933\">Rapport article 29 annuel de loi \u00e9nergie climat<\/a> (version 2021)<\/li>\n\n\n\n<li>F.6 <a href=\"https:\/\/www.afg.asso.fr\/fr\/publication\/f-6-sfdr-principales-incidences-negatives-pai-version-2024\/\" data-type=\"publication\" data-id=\"107963\">SFDR&nbsp;: Principales incidences n\u00e9gatives (PAI)<\/a> (version 2024)&nbsp;<\/li>\n\n\n\n<li>F.7<a href=\"https:\/\/www.afg.asso.fr\/fr\/publication\/label-relance\/\" data-type=\"publication\" data-id=\"107214\"> Label Relance<\/a> (version 2022)<\/li>\n<\/ul>\n\n\n\n<p><\/p>\n","protected":false},"excerpt":{"rendered":"<p>Cette liste est issue des travaux du Comit\u00e9 Reporting de l&rsquo;AFG pr\u00e9sid\u00e9 par Pascal Koenig. &nbsp;L&rsquo;objectif de cette liste est&hellip;<\/p>\n","protected":false},"author":6,"featured_media":0,"parent":0,"menu_order":0,"comment_status":"closed","ping_status":"closed","template":"","meta":{"_acf_changed":false,"_gspb_post_css":"","footnotes":""},"class_list":["post-45845","page","type-page","status-publish","hentry"],"acf":[],"_links":{"self":[{"href":"https:\/\/www.afg.asso.fr\/fr\/wp-json\/wp\/v2\/pages\/45845","targetHints":{"allow":["GET"]}}],"collection":[{"href":"https:\/\/www.afg.asso.fr\/fr\/wp-json\/wp\/v2\/pages"}],"about":[{"href":"https:\/\/www.afg.asso.fr\/fr\/wp-json\/wp\/v2\/types\/page"}],"author":[{"embeddable":true,"href":"https:\/\/www.afg.asso.fr\/fr\/wp-json\/wp\/v2\/users\/6"}],"replies":[{"embeddable":true,"href":"https:\/\/www.afg.asso.fr\/fr\/wp-json\/wp\/v2\/comments?post=45845"}],"version-history":[{"count":0,"href":"https:\/\/www.afg.asso.fr\/fr\/wp-json\/wp\/v2\/pages\/45845\/revisions"}],"wp:attachment":[{"href":"https:\/\/www.afg.asso.fr\/fr\/wp-json\/wp\/v2\/media?parent=45845"}],"curies":[{"name":"wp","href":"https:\/\/api.w.org\/{rel}","templated":true}]}}