{"id":43863,"date":"2024-11-08T10:51:12","date_gmt":"2024-11-08T09:51:12","guid":{"rendered":"https:\/\/www.afg.asso.fr\/?page_id=43863"},"modified":"2025-11-13T15:06:18","modified_gmt":"2025-11-13T14:06:18","slug":"politique-de-confidentialite-2","status":"publish","type":"page","link":"https:\/\/www.afg.asso.fr\/fr\/politique-de-confidentialite-2\/","title":{"rendered":"Politique de confidentialit\u00e9"},"content":{"rendered":"\n<p><\/p>\n\n\n\n<h2 class=\"wp-block-heading\"><strong>L\u2019utilisation de cookies<\/strong><\/h2>\n\n\n\n<div style=\"height:50px\" aria-hidden=\"true\" class=\"wp-block-spacer\"><\/div>\n\n\n\n<p>Notre site internet <a href=\"https:\/\/www.afg.asso.fr\" target=\"_blank\" rel=\"noreferrer noopener\">https:\/\/www.afg.asso.fr<\/a> utilise des cookies. Un cookie est un petit fichier qui est envoy\u00e9 avec les pages de ce site Web et\/ou les applications Flash et qui est stock\u00e9 par votre navigateur sur votre disque dur \u00e0 partir de votre ordinateur, t\u00e9l\u00e9phone portable, montre connect\u00e9e ou tablette. Les informations qui y sont stock\u00e9es peuvent \u00eatre retourn\u00e9es \u00e0 nos serveurs lors d\u2019une visite ult\u00e9rieure.<\/p>\n\n\n\n<p>L\u2019utilisation de cookies est d\u2019une grande importance pour le bon fonctionnement de notre site web. Gr\u00e2ce \u00e0 la contribution (anonyme) des visiteurs, nous pouvons am\u00e9liorer l\u2019utilisation du site internet et le rendre plus convivial.<\/p>\n\n\n\n<h2 class=\"wp-block-heading\"><strong>Consentement<\/strong><\/h2>\n\n\n\n<div style=\"height:50px\" aria-hidden=\"true\" class=\"wp-block-spacer\"><\/div>\n\n\n\n<p>Votre consentement est requis pour l\u2019utilisation de certains cookies. Nous le recueillons au moyen d\u2019une banni\u00e8re informatique.<\/p>\n\n\n\n<h2 class=\"wp-block-heading\"><strong>Le type de cookies utilis\u00e9s et leurs objectifs<\/strong><\/h2>\n\n\n\n<div style=\"height:50px\" aria-hidden=\"true\" class=\"wp-block-spacer\"><\/div>\n\n\n\n<p>Nous utilisons les cookies suivants&nbsp;:<\/p>\n\n\n\n<ul class=\"wp-block-list\">\n<li>Cookies fonctionnels : ils nous permettent d\u2019am\u00e9liorer le fonctionnement du site internet et de le rendre plus convivial pour le visiteur. Par exemple, nous stockons vos donn\u00e9es de connexion.<\/li>\n<\/ul>\n\n\n\n<ul class=\"wp-block-list\">\n<li>Cookies de mesure d\u2019audience : ils garantissent qu\u2019un cookie anonyme est g\u00e9n\u00e9r\u00e9 \u00e0 chaque fois que vous visitez un site internet. Ces cookies permettent de savoir si vous avez d\u00e9j\u00e0 visit\u00e9 le site auparavant ou non. Ce n\u2019est que lors de la premi\u00e8re visite qu\u2019un cookie est cr\u00e9\u00e9. Lors des visites suivantes, l\u2019utilisation du cookie d\u00e9j\u00e0 existant est automatique. Ce cookie n\u2019est utilis\u00e9 qu\u2019\u00e0 des fins statistiques. De cette fa\u00e7on, les donn\u00e9es suivantes peuvent \u00eatre collect\u00e9es :\n<ul class=\"wp-block-list\">\n<li>le nombre de visiteurs uniques<\/li>\n\n\n\n<li>la fr\u00e9quence \u00e0 laquelle les utilisateurs visitent le site<\/li>\n\n\n\n<li>quelles pages les visiteurs consultent<\/li>\n\n\n\n<li>combien de temps les utilisateurs consultent une page particuli\u00e8re<\/li>\n\n\n\n<li>la page \u00e0 partir de laquelle les visiteurs quittent le site<\/li>\n<\/ul>\n<\/li>\n<\/ul>\n\n\n\n<h2 class=\"wp-block-heading\"><strong>Liste des cookies utilis\u00e9s<\/strong><\/h2>\n\n\n\n<div style=\"height:50px\" aria-hidden=\"true\" class=\"wp-block-spacer\"><\/div>\n\n\n\n<p>Cookies Google :<\/p>\n\n\n\n<ul class=\"wp-block-list\">\n<li>Google analytics: permet de mesurer l\u2019audience du site.<\/li>\n\n\n\n<li>Google tag manager: facilite l\u2019impl\u00e9mentation des tags sur les pages et permet de g\u00e9rer les balises Google.<\/li>\n\n\n\n<li>Google Adsense : r\u00e9gie publicitaire de Google utilisant les sites web ou les vid\u00e9os youTube comme support pour ses annonces.<\/li>\n\n\n\n<li>Google Dynamic Remarketing : pemet de vous proposer de la publicit\u00e9 dynamique en fonction des pr\u00e9c\u00e9dentes recherches.<\/li>\n\n\n\n<li>Google Adwords Conversion : outil de suivi des campagnes publicitaires adwords.<\/li>\n\n\n\n<li>DoubleClick: cookies publicitaires de Google pour diffuser des banni\u00e8res.<\/li>\n<\/ul>\n\n\n\n<h2 class=\"wp-block-heading\"><strong>Vos droits \u00e0 l\u2019\u00e9gard de vos donn\u00e9es personnelles<\/strong><\/h2>\n\n\n\n<div style=\"height:50px\" aria-hidden=\"true\" class=\"wp-block-spacer\"><\/div>\n\n\n\n<p>Vous disposez d\u2019un droit d\u2019acc\u00e8s, de rectification, de limitation et de suppression de vos donn\u00e9es personnelles. En outre, vous avez le droit de vous opposer au traitement des donn\u00e9es personnelles et le droit \u00e0 la transf\u00e9rabilit\u00e9 de vos donn\u00e9es. Vous pouvez exercer ces droits en nous envoyant un mail \u00e0 l\u2019adresse suivante&nbsp;:&nbsp;<a href=\"mailto:dpo-afg@afg.asso.fr\">dpo-afg@afg.asso.fr<\/a>&nbsp;.<\/p>\n\n\n\n<p>Afin de pr\u00e9venir les abus, nous pouvons vous demander de vous identifier sur notre site. Lorsqu\u2019il s\u2019agit d\u2019acc\u00e9der \u00e0 des donn\u00e9es personnelles li\u00e9es \u00e0 un cookie, nous vous demandons de nous envoyer une copie du cookie en question. Vous pouvez les trouver dans les param\u00e8tres de votre navigateur.<\/p>\n\n\n\n<h2 class=\"wp-block-heading\"><strong>Blocage et suppression des cookies<\/strong><\/h2>\n\n\n\n<div style=\"height:50px\" aria-hidden=\"true\" class=\"wp-block-spacer\"><\/div>\n\n\n\n<p>Vous pouvez facilement bloquer et supprimer vous-m\u00eame les cookies \u00e0 tout moment par votre navigateur Internet. Vous pouvez \u00e9galement configurer votre navigateur internet de mani\u00e8re \u00e0 recevoir un message lorsqu\u2019un cookie est install\u00e9. Vous pouvez \u00e9galement indiquer que certains cookies ne peuvent pas \u00eatre install\u00e9s. Pour cela, veuillez consulter la fonction d\u2019aide de votre navigateur. Si vous supprimez les cookies de votre navigateur, cela peut avoir des cons\u00e9quences sur l\u2019utilisation de notre site internet.<\/p>\n\n\n\n<p>Veuillez noter que si vous ne voulez pas de cookies, nous ne serons plus en mesure de garantir le bon fonctionnement de notre site Web. Certaines caract\u00e9ristiques du site peuvent \u00eatre alt\u00e9r\u00e9s et dans certains cas, vous ne pourrez plus acc\u00e9der au site.<\/p>\n\n\n\n<p>Les \u00e9tapes \u00e0 suivre pour ajuster vos param\u00e8tres varient d\u2019un navigateur \u00e0 un autre. Si n\u00e9cessaire, consultez la fonction d\u2019aide de votre navigateur.<\/p>\n\n\n\n<p>Firefox&nbsp;:&nbsp;<a href=\"https:\/\/support.mozilla.org\/fr\/kb\/effacer-les-cookies-pour-supprimer-les-information\">https:\/\/support.mozilla.org\/fr\/kb\/effacer-les-cookies-pour-supprimer-les-information<\/a><\/p>\n\n\n\n<p>Google Chrome :&nbsp;<a href=\"https:\/\/support.google.com\/chrome\/answer\/95647?co=GENIE.Platform=Desktop&amp;hl=fr\">https:\/\/support.google.com\/chrome\/answer\/95647?co=GENIE.Platform=Desktop&amp;hl=fr<\/a><\/p>\n\n\n\n<p>Internet Explorer :&nbsp;<a href=\"https:\/\/support.microsoft.com\/fr-fr\/help\/278835\/how-to-delete-cookie-files-in-internet-explorer\">https:\/\/support.microsoft.com\/fr-fr\/help\/278835\/how-to-delete-cookie-files-in-internet-explorer<\/a><\/p>\n\n\n\n<p>Safari&nbsp;:&nbsp;<a href=\"https:\/\/support.apple.com\/kb\/ph21411?locale=fr_FR\">https:\/\/support.apple.com\/kb\/ph21411?locale=fr_FR<\/a><\/p>\n\n\n\n<h2 class=\"wp-block-heading\"><strong>Nouveaux d\u00e9veloppements et cookies non pr\u00e9vus<\/strong><\/h2>\n\n\n\n<div style=\"height:50px\" aria-hidden=\"true\" class=\"wp-block-spacer\"><\/div>\n\n\n\n<p>Sur certaines de nos pages, nous pouvons utiliser du contenu h\u00e9berg\u00e9 sur d\u2019autres sites et qui est rendu accessible sur notre site internet au moyen de certains codes (contenu int\u00e9gr\u00e9). Ces codes utilisent souvent des cookies. Nous n\u2019avons cependant aucun contr\u00f4le sur ce que ces tiers font de leurs cookies.<\/p>\n\n\n\n<p>Il est \u00e9galement possible que, par l\u2019interm\u00e9diaire de notre site internet, des cookies soient plac\u00e9s par d\u2019autres personnes. Vous avez trouv\u00e9 sur notre site des cookies que nous n\u2019avons pas identifi\u00e9s&nbsp;? Veuillez nous le faire savoir par mail. Vous pouvez \u00e9galement contacter directement le tiers et lui demander quels cookies il place, quelle en est la raison, quelle est leur dur\u00e9e de vie et quelles sont les mesures pour prot\u00e9ger votre vie priv\u00e9e.<\/p>\n\n\n\n<h2 class=\"wp-block-heading\">Utilisation et transmission de vos donn\u00e9es personnelles<\/h2>\n\n\n\n<div style=\"height:50px\" aria-hidden=\"true\" class=\"wp-block-spacer\"><\/div>\n\n\n\n<p>Si vous demandez une r\u00e9initialisation de votre mot de passe, votre adresse IP sera incluse dans l\u2019e-mail de r\u00e9initialisation.<\/p>\n\n\n\n<h2 class=\"wp-block-heading\">Dur\u00e9es de stockage de vos donn\u00e9es<\/h2>\n\n\n\n<div style=\"height:50px\" aria-hidden=\"true\" class=\"wp-block-spacer\"><\/div>\n\n\n\n<p>Si vous laissez un commentaire, le commentaire et ses m\u00e9tadonn\u00e9es sont conserv\u00e9s ind\u00e9finiment. Cela permet de reconna\u00eetre et approuver automatiquement les commentaires suivants au lieu de les laisser dans la file de mod\u00e9ration.<\/p>\n\n\n\n<p>Pour les comptes qui s\u2019inscrivent sur notre site (le cas \u00e9ch\u00e9ant), nous stockons \u00e9galement les donn\u00e9es personnelles indiqu\u00e9es dans leur profil. Tous les comptes peuvent voir, modifier ou supprimer leurs informations personnelles \u00e0 tout moment (\u00e0 l\u2019exception de leur identifiant). Les gestionnaires du site peuvent aussi voir et modifier ces informations.<\/p>\n\n\n\n<h2 class=\"wp-block-heading\">Les droits que vous avez sur vos donn\u00e9es<\/h2>\n\n\n\n<div style=\"height:50px\" aria-hidden=\"true\" class=\"wp-block-spacer\"><\/div>\n\n\n\n<p>Si vous avez un compte ou si vous avez laiss\u00e9 des commentaires sur le site, vous pouvez demander \u00e0 recevoir un fichier contenant toutes les donn\u00e9es personnelles que nous poss\u00e9dons \u00e0 votre sujet, incluant celles que vous nous avez fournies. Vous pouvez \u00e9galement demander la suppression des donn\u00e9es personnelles vous concernant. Cela ne prend pas en compte les donn\u00e9es stock\u00e9es \u00e0 des fins administratives, l\u00e9gales ou pour des raisons de s\u00e9curit\u00e9.<\/p>\n\n\n\n<h2 class=\"wp-block-heading\">Contenu embarqu\u00e9 depuis d\u2019autres sites<\/h2>\n\n\n\n<div style=\"height:50px\" aria-hidden=\"true\" class=\"wp-block-spacer\"><\/div>\n\n\n\n<p>Les articles de ce site peuvent inclure des contenus int\u00e9gr\u00e9s (par exemple des vid\u00e9os, images, articles\u2026). Le contenu int\u00e9gr\u00e9 depuis d\u2019autres sites se comporte de la m\u00eame mani\u00e8re que si le visiteur se rendait sur cet autre site.<\/p>\n\n\n\n<p>Ces sites web pourraient collecter des donn\u00e9es sur vous, utiliser des cookies, embarquer des outils de suivis tiers, suivre vos interactions avec ces contenus embarqu\u00e9s si vous disposez d\u2019un compte connect\u00e9 sur leur site web.<\/p>\n\n\n\n<h2 class=\"wp-block-heading\"><strong>Remarques<\/strong><\/h2>\n\n\n\n<div style=\"height:50px\" aria-hidden=\"true\" class=\"wp-block-spacer\"><\/div>\n\n\n\n<p>Nous devons mettre \u00e0 jour cette politique d\u2019utilisation des cookies r\u00e9guli\u00e8rement, par exemple, lorsque nous modifions notre site Web ou les r\u00e8gles le concernant. Nous vous prions de consulter cette page pour prendre connaissance de la derni\u00e8re version de notre politique d\u2019utilisation des cookies.<\/p>\n\n\n\n<p>Si vous avez des questions et\/ou des commentaires, veuillez nous contacter \u00e0 l\u2019adresse courriel suivante&nbsp;:&nbsp;<a href=\"mailto:vie_privee_AFG@afg.asso.fr\">vie_privee_AFG@afg.asso.fr<\/a><\/p>\n\n\n\n<div style=\"height:50px\" aria-hidden=\"true\" class=\"wp-block-spacer\"><\/div>\n","protected":false},"excerpt":{"rendered":"<p>L\u2019utilisation de cookies Notre site internet https:\/\/www.afg.asso.fr utilise des cookies. Un cookie est un petit fichier qui est envoy\u00e9 avec&hellip;<\/p>\n","protected":false},"author":6,"featured_media":0,"parent":0,"menu_order":0,"comment_status":"closed","ping_status":"closed","template":"","meta":{"_acf_changed":false,"_gspb_post_css":"","footnotes":""},"class_list":["post-43863","page","type-page","status-publish","hentry"],"acf":[],"_links":{"self":[{"href":"https:\/\/www.afg.asso.fr\/fr\/wp-json\/wp\/v2\/pages\/43863","targetHints":{"allow":["GET"]}}],"collection":[{"href":"https:\/\/www.afg.asso.fr\/fr\/wp-json\/wp\/v2\/pages"}],"about":[{"href":"https:\/\/www.afg.asso.fr\/fr\/wp-json\/wp\/v2\/types\/page"}],"author":[{"embeddable":true,"href":"https:\/\/www.afg.asso.fr\/fr\/wp-json\/wp\/v2\/users\/6"}],"replies":[{"embeddable":true,"href":"https:\/\/www.afg.asso.fr\/fr\/wp-json\/wp\/v2\/comments?post=43863"}],"version-history":[{"count":0,"href":"https:\/\/www.afg.asso.fr\/fr\/wp-json\/wp\/v2\/pages\/43863\/revisions"}],"wp:attachment":[{"href":"https:\/\/www.afg.asso.fr\/fr\/wp-json\/wp\/v2\/media?parent=43863"}],"curies":[{"name":"wp","href":"https:\/\/api.w.org\/{rel}","templated":true}]}}