{"id":1419,"date":"2024-08-26T16:49:03","date_gmt":"2024-08-26T14:49:03","guid":{"rendered":"https:\/\/www.afg.asso.fr\/?page_id=1419"},"modified":"2024-11-04T16:33:06","modified_gmt":"2024-11-04T15:33:06","slug":"expert-analyste-isr","status":"publish","type":"page","link":"https:\/\/www.afg.asso.fr\/fr\/expert-analyste-isr\/","title":{"rendered":"Expert &#8211; Analyste ISR"},"content":{"rendered":"\n<div style=\"height:60px\" aria-hidden=\"true\" class=\"wp-block-spacer\"><\/div>\n\n\n\n<h4 class=\"wp-block-heading\"><strong>Expert en performance extra-financi\u00e8re, l\u2019analyste ISR est le maillon cl\u00e9 entre les \u00e9metteurs et les g\u00e9rants de fonds ISR.<\/strong><\/h4>\n\n\n\n<div style=\"height:60px\" aria-hidden=\"true\" class=\"wp-block-spacer\"><\/div>\n\n\n\n<div class=\"wp-block-group has-white-color has-cyan-background-color has-text-color has-background has-link-color wp-elements-f40d16d38535ce51102c7ebb12c37ef7\"><div class=\"wp-block-group__inner-container is-layout-constrained wp-block-group-is-layout-constrained\">\n<h3 class=\"wp-block-heading\">Mission <\/h3>\n\n\n\n<p><strong><strong>Identifier les entreprises conciliant performances financi\u00e8res et d\u00e9veloppement durable en vue de les pr\u00e9senter aux investisseurs orient\u00e9s ISR.<\/strong><\/strong><\/p>\n\n\n\n<ul class=\"wp-block-list\">\n<li>Analyser la performance financi\u00e8re et extra-financi\u00e8re des entreprises<\/li>\n\n\n\n<li>Dialoguer avec leurs dirigeants<\/li>\n\n\n\n<li>R\u00e9aliser les analyses sectorielles et le rating ESG de soci\u00e9t\u00e9s<\/li>\n\n\n\n<li>Pr\u00e9senter ces analyses aux g\u00e9rants de fonds<\/li>\n<\/ul>\n<\/div><\/div>\n\n\n\n<div style=\"height:61px\" aria-hidden=\"true\" class=\"wp-block-spacer\"><\/div>\n\n\n\n<div class=\"wp-block-group has-white-color has-green-background-color has-text-color has-background has-link-color wp-elements-231b2c48c5b95d097eb758dca1e608c5\"><div class=\"wp-block-group__inner-container is-layout-constrained wp-block-group-is-layout-constrained\">\n<h3 class=\"wp-block-heading\">Comp\u00e9tences<\/h3>\n\n\n\n<ul class=\"wp-block-list\">\n<li>Bac+5 en \u00c9cole de commerce ou en Universit\u00e9 sp\u00e9cialit\u00e9 Finance compl\u00e9t\u00e9 d\u2019une exp\u00e9rience de 2\/3 ans minimum<\/li>\n\n\n\n<li>Sens de l\u2019analyse, organisation, capacit\u00e9s r\u00e9dactionnelles et de synth\u00e8se<\/li>\n\n\n\n<li>Comp\u00e9tence en environnement ou en droit, anglais professionnel courant<\/li>\n<\/ul>\n<\/div><\/div>\n\n\n\n<div style=\"height:60px\" aria-hidden=\"true\" class=\"wp-block-spacer\"><\/div>\n","protected":false},"excerpt":{"rendered":"<p>Fiche m\u00e9tier &#8211; Expert &#8211; Analyste ISR<\/p>\n","protected":false},"author":6,"featured_media":0,"parent":0,"menu_order":0,"comment_status":"closed","ping_status":"closed","template":"","meta":{"_acf_changed":false,"_gspb_post_css":"","footnotes":""},"class_list":["post-1419","page","type-page","status-publish","hentry"],"acf":[],"_links":{"self":[{"href":"https:\/\/www.afg.asso.fr\/fr\/wp-json\/wp\/v2\/pages\/1419","targetHints":{"allow":["GET"]}}],"collection":[{"href":"https:\/\/www.afg.asso.fr\/fr\/wp-json\/wp\/v2\/pages"}],"about":[{"href":"https:\/\/www.afg.asso.fr\/fr\/wp-json\/wp\/v2\/types\/page"}],"author":[{"embeddable":true,"href":"https:\/\/www.afg.asso.fr\/fr\/wp-json\/wp\/v2\/users\/6"}],"replies":[{"embeddable":true,"href":"https:\/\/www.afg.asso.fr\/fr\/wp-json\/wp\/v2\/comments?post=1419"}],"version-history":[{"count":0,"href":"https:\/\/www.afg.asso.fr\/fr\/wp-json\/wp\/v2\/pages\/1419\/revisions"}],"wp:attachment":[{"href":"https:\/\/www.afg.asso.fr\/fr\/wp-json\/wp\/v2\/media?parent=1419"}],"curies":[{"name":"wp","href":"https:\/\/api.w.org\/{rel}","templated":true}]}}