{"id":1382,"date":"2024-08-26T16:21:25","date_gmt":"2024-08-26T14:21:25","guid":{"rendered":"https:\/\/www.afg.asso.fr\/?page_id=1382"},"modified":"2025-12-19T10:27:12","modified_gmt":"2025-12-19T09:27:12","slug":"un-enjeu-de-souverainete","status":"publish","type":"page","link":"https:\/\/www.afg.asso.fr\/fr\/un-enjeu-de-souverainete\/","title":{"rendered":"Un enjeu de souverainet\u00e9"},"content":{"rendered":"\n<div style=\"height:50px\" aria-hidden=\"true\" class=\"wp-block-spacer\"><\/div>\n\n\n\n<div class=\"wp-block-columns alignwide is-layout-flex wp-container-core-columns-is-layout-28f84493 wp-block-columns-is-layout-flex\">\n<div class=\"wp-block-column is-vertically-aligned-center is-layout-flow wp-block-column-is-layout-flow\" style=\"flex-basis:33.33%\">\n<h2 class=\"wp-block-heading has-text-align-left\" id=\"promouvoir-la-competitivite-de-la-gestion-d-actifs-pour-financer-l-economie-et-garantir-l-autonomie-strategique-de-la-france\"><strong>Promouvoir la comp\u00e9titivit\u00e9 <\/strong>de la gestion d\u2019actifs pour financer l\u2019\u00e9conomie et garantir l\u2019autonomie strat\u00e9gique de la France<\/h2>\n<\/div>\n\n\n\n<div class=\"wp-block-column is-layout-flow wp-block-column-is-layout-flow\" style=\"flex-basis:66.66%\"><div class=\"wp-block-image\">\n<figure class=\"aligncenter size-full\"><img loading=\"lazy\" decoding=\"async\" width=\"12000\" height=\"5739\" src=\"https:\/\/www.afg.asso.fr\/app\/uploads\/2024\/11\/allocation-geographique-des-fonds-actions-de-lue-sans-titre-.jpg\" alt=\"Infographie illustrant l'\u00e9volution des parts de march\u00e9 r\u00e9gionales entre 2012 et 2022. Les \u00c9tats-Unis (orange) voient leur part augmenter de 19 % \u00e0 42 %. L'Europe (bleu) conna\u00eet une baisse de 51 % \u00e0 35 %. La r\u00e9gion Asie-Pacifique (vert) diminue l\u00e9g\u00e8rement de 22 % \u00e0 19 %, tandis que les autres pays passent de 7 % \u00e0 4 %. Une carte du monde en arri\u00e8re-plan met en \u00e9vidence ces tendances avec des fl\u00e8ches reliant les diff\u00e9rentes r\u00e9gions\" class=\"wp-image-110690\" \/><\/figure>\n<\/div><\/div>\n<\/div>\n\n\n\n<div class=\"wp-block-columns is-layout-flex wp-container-core-columns-is-layout-28f84493 wp-block-columns-is-layout-flex\">\n<div class=\"wp-block-column is-layout-flow wp-block-column-is-layout-flow\" style=\"flex-basis:33.33%\"><\/div>\n\n\n\n<div class=\"wp-block-column is-layout-flow wp-block-column-is-layout-flow\" style=\"flex-basis:66.66%\">\n<p class=\"has-text-align-center\">Allocation g\u00e9ographique des fonds action de l&rsquo;Union Europ\u00e9enne <\/p>\n<\/div>\n<\/div>\n\n\n\n<div style=\"height:70px\" aria-hidden=\"true\" class=\"wp-block-spacer\"><\/div>\n\n\n\n<h2 class=\"wp-block-heading alignwide has-text-align-left\" id=\"les-objectifs-de-l-afg\">Les objectifs de l&rsquo;AFG<\/h2>\n\n\n\n<div style=\"height:70px\" aria-hidden=\"true\" class=\"wp-block-spacer\"><\/div>\n\n\n\n<div class=\"wp-block-columns alignfull is-layout-flex wp-container-core-columns-is-layout-28f84493 wp-block-columns-is-layout-flex\">\n<div class=\"wp-block-column is-vertically-aligned-center is-layout-flow wp-block-column-is-layout-flow\" style=\"flex-basis:33.33%\"><div class=\"wp-block-image\">\n<figure class=\"aligncenter size-full is-resized\"><img loading=\"lazy\" decoding=\"async\" width=\"512\" height=\"512\" src=\"https:\/\/www.afg.asso.fr\/app\/uploads\/2024\/11\/numero-1-2.png\" alt=\"chiffre un. \" class=\"wp-image-110527\" style=\"width:170px\" srcset=\"https:\/\/www.afg.asso.fr\/app\/uploads\/2024\/11\/numero-1-2.png 512w, https:\/\/www.afg.asso.fr\/app\/uploads\/2024\/11\/numero-1-2-300x300.png 300w, https:\/\/www.afg.asso.fr\/app\/uploads\/2024\/11\/numero-1-2-150x150.png 150w, https:\/\/www.afg.asso.fr\/app\/uploads\/2024\/11\/numero-1-2-306x306.png 306w, https:\/\/www.afg.asso.fr\/app\/uploads\/2024\/11\/numero-1-2-60x60.png 60w\" sizes=\"auto, (max-width: 512px) 100vw, 512px\" \/><\/figure>\n<\/div><\/div>\n\n\n\n<div class=\"wp-block-column is-vertically-aligned-center is-layout-flow wp-block-column-is-layout-flow\" style=\"flex-basis:66.66%\">\n<h3 class=\"wp-block-heading has-purple-color has-text-color has-link-color wp-elements-95227e585b2c53e1b891da0a708c5e8d\" id=\"construire-une-union-de-l-epargne-et-de-l-investissement-pour-financer-l-economie-europeenne\"><strong>Construire une Union de l&rsquo;Epargne et de l&rsquo;Investissement pour financer l&rsquo;\u00e9conomie europ\u00e9enne<\/strong><\/h3>\n\n\n\n<p class=\"is-style-default has-blue-color has-text-color has-link-color wp-elements-579faf2de27a97b6f279d99ff126b8c7\"><br><strong>Pour relancer notre \u00e9conomie, l&rsquo;\u00e9pargne europ\u00e9enne doit jouer un r\u00f4le central dans le financement via les march\u00e9s financiers. <\/strong><\/p>\n\n\n\n<p class=\"is-style-default has-blue-color has-text-color has-link-color wp-elements-5e8f0bc01c22f9af4d1e29d97345d426\">L&rsquo;offre d&rsquo;investissement doit \u00eatre diversifi\u00e9e afin de r\u00e9pondre aux besoins des \u00e9pargnants, tout en adoptant une perspective d&rsquo;investissement \u00e0 long terme pour soutenir le financement des entreprises europ\u00e9ennes.<\/p>\n\n\n\n<div class=\"wp-block-buttons is-layout-flex wp-block-buttons-is-layout-flex\">\n<div class=\"wp-block-button\"><a class=\"wp-block-button__link has-cyan-color has-text-color has-link-color wp-element-button\" href=\"https:\/\/www.afg.asso.fr\/fr\/publication\/la-gestion-dactifs-francaise-finance-l-union-europeenne\/\" target=\"_blank\" rel=\"noreferrer noopener\">D\u00e9couvrez l&rsquo;\u00e9tude AFG : La gestion d&rsquo;actifs fran\u00e7aise finance l&rsquo;Union europ\u00e9enne<\/a><\/div>\n<\/div>\n<\/div>\n<\/div>\n\n\n\n<div style=\"height:70px\" aria-hidden=\"true\" class=\"wp-block-spacer\"><\/div>\n\n\n\n<div class=\"wp-block-columns alignfull is-layout-flex wp-container-core-columns-is-layout-28f84493 wp-block-columns-is-layout-flex\">\n<div class=\"wp-block-column is-vertically-aligned-center is-layout-flow wp-block-column-is-layout-flow\" style=\"flex-basis:33.33%\"><div class=\"wp-block-image\">\n<figure class=\"aligncenter size-full is-resized\"><img loading=\"lazy\" decoding=\"async\" width=\"512\" height=\"512\" src=\"https:\/\/www.afg.asso.fr\/app\/uploads\/2024\/11\/number-2-3.png\" alt=\"chiffre 2\" class=\"wp-image-110531\" style=\"width:170px\" srcset=\"https:\/\/www.afg.asso.fr\/app\/uploads\/2024\/11\/number-2-3.png 512w, https:\/\/www.afg.asso.fr\/app\/uploads\/2024\/11\/number-2-3-300x300.png 300w, https:\/\/www.afg.asso.fr\/app\/uploads\/2024\/11\/number-2-3-150x150.png 150w, https:\/\/www.afg.asso.fr\/app\/uploads\/2024\/11\/number-2-3-306x306.png 306w, https:\/\/www.afg.asso.fr\/app\/uploads\/2024\/11\/number-2-3-60x60.png 60w\" sizes=\"auto, (max-width: 512px) 100vw, 512px\" \/><\/figure>\n<\/div><\/div>\n\n\n\n<div class=\"wp-block-column is-vertically-aligned-center is-layout-flow wp-block-column-is-layout-flow\" style=\"flex-basis:66.66%\">\n<h3 class=\"wp-block-heading has-purple-color has-text-color has-link-color wp-elements-ca92b924a7845e04ab91534708937f4d\" id=\"une-reglementation-competitive-et-alignee-sur-les-objectifs-strategiques-de-l-ue\"><strong><strong>Une r\u00e9glementation comp\u00e9titive et align\u00e9e sur les objectifs strat\u00e9giques de l&rsquo;UE<\/strong><\/strong><\/h3>\n\n\n\n<p><strong>Nous promouvons un cadre r\u00e9glementaire clair, comp\u00e9titif et harmonis\u00e9, applicable \u00e0 tous les acteurs de la gestion d\u2019actifs<\/strong>.<\/p>\n\n\n\n<p>Il doit permettre aux g\u00e9rants d\u2019actifs europ\u00e9ens de jouer \u00e0 jeu \u00e9gal au niveau international et ainsi assurer l\u2019autonomie des financements de l\u2019UE.<\/p>\n<\/div>\n<\/div>\n\n\n\n<div style=\"height:70px\" aria-hidden=\"true\" class=\"wp-block-spacer\"><\/div>\n\n\n\n<div class=\"wp-block-columns alignfull is-layout-flex wp-container-core-columns-is-layout-28f84493 wp-block-columns-is-layout-flex\">\n<div class=\"wp-block-column is-vertically-aligned-center is-layout-flow wp-block-column-is-layout-flow\" style=\"flex-basis:33.33%\"><div class=\"wp-block-image\">\n<figure class=\"aligncenter size-full is-resized\"><img loading=\"lazy\" decoding=\"async\" width=\"512\" height=\"512\" src=\"https:\/\/www.afg.asso.fr\/app\/uploads\/2024\/11\/number-3-1.png\" alt=\"chiffre 3\" class=\"wp-image-110535\" style=\"width:170px\" srcset=\"https:\/\/www.afg.asso.fr\/app\/uploads\/2024\/11\/number-3-1.png 512w, https:\/\/www.afg.asso.fr\/app\/uploads\/2024\/11\/number-3-1-300x300.png 300w, https:\/\/www.afg.asso.fr\/app\/uploads\/2024\/11\/number-3-1-150x150.png 150w, https:\/\/www.afg.asso.fr\/app\/uploads\/2024\/11\/number-3-1-306x306.png 306w, https:\/\/www.afg.asso.fr\/app\/uploads\/2024\/11\/number-3-1-60x60.png 60w\" sizes=\"auto, (max-width: 512px) 100vw, 512px\" \/><\/figure>\n<\/div><\/div>\n\n\n\n<div class=\"wp-block-column is-vertically-aligned-center is-layout-flow wp-block-column-is-layout-flow\" style=\"flex-basis:66.66%\">\n<h3 class=\"wp-block-heading has-purple-color has-text-color has-link-color wp-elements-d46a0a5388b5f7e92094752967cd615b\" id=\"un-cadre-de-la-finance-durable-coherent-et-une-vision-inclusive-des-entreprises\"><strong><strong><strong>Un cadre de la finance durable coh\u00e9rent et une vision inclusive des entreprises<\/strong><\/strong><\/strong><\/h3>\n\n\n\n<p><strong>Une r\u00e9glementation harmonis\u00e9e et applicable est indispensable pour mieux financer la transition : <\/strong><\/p>\n\n\n\n<ul class=\"wp-block-list\">\n<li> Des d\u00e9finitions claires et compr\u00e9hensibles<\/li>\n\n\n\n<li> Valorisant les dimensions sociales et environnementales des mod\u00e8les \u00e9conomiques europ\u00e9ens<\/li>\n\n\n\n<li> Assurant la coh\u00e9rence entre les r\u00e9glementations et la bonne articulation de leur application<\/li>\n<\/ul>\n\n\n\n<p><strong>Un encadrement des donn\u00e9es ESG <\/strong>avec des obligations de transparence sur la source et les mod\u00e8les de traitement, facteur d\u00e9terminants des d\u00e9cisions d&rsquo;investissement.<br><strong>La mise en \u0153uvre de l&rsquo;ESAP<\/strong> pour l&rsquo;acc\u00e8s aux informations financi\u00e8res et extra financi\u00e8res des entreprises.<br><strong>Une vision inclusive de la finance durable<\/strong> : toutes les entreprises doivent \u00eatre soutenues qu&rsquo;elles soient 100% \u00ab\u00a0vertes\u00a0\u00bb ou en transition. <strong>Une gouvernance efficace des entreprises avec une juste repr\u00e9sentation des \u00e9pargnants actionnaires.<\/strong><\/p>\n<\/div>\n<\/div>\n\n\n\n<div style=\"height:70px\" aria-hidden=\"true\" class=\"wp-block-spacer\"><\/div>\n\n\n\n<div class=\"wp-block-cover alignfull\"><img loading=\"lazy\" decoding=\"async\" width=\"1024\" height=\"383\" class=\"wp-block-cover__image-background wp-image-122517 size-large\" alt=\"\" src=\"https:\/\/www.afg.asso.fr\/app\/uploads\/2025\/12\/6ab4fa6f113ae793cbe228ea0e28c776-1024x383.png\" data-object-fit=\"cover\" srcset=\"https:\/\/www.afg.asso.fr\/app\/uploads\/2025\/12\/6ab4fa6f113ae793cbe228ea0e28c776-1024x383.png 1024w, https:\/\/www.afg.asso.fr\/app\/uploads\/2025\/12\/6ab4fa6f113ae793cbe228ea0e28c776-300x112.png 300w, https:\/\/www.afg.asso.fr\/app\/uploads\/2025\/12\/6ab4fa6f113ae793cbe228ea0e28c776-768x287.png 768w, https:\/\/www.afg.asso.fr\/app\/uploads\/2025\/12\/6ab4fa6f113ae793cbe228ea0e28c776-60x22.png 60w, https:\/\/www.afg.asso.fr\/app\/uploads\/2025\/12\/6ab4fa6f113ae793cbe228ea0e28c776.png 1403w\" sizes=\"auto, (max-width: 1024px) 100vw, 1024px\" \/><span aria-hidden=\"true\" class=\"wp-block-cover__background has-purple-background-color has-background-dim-70 has-background-dim\"><\/span><div class=\"wp-block-cover__inner-container is-layout-constrained wp-block-cover-is-layout-constrained\">\n<h2 class=\"wp-block-heading has-text-align-center\" id=\"demain-l-industrie-europeenne-de-la-gestion-d-actifs-gagnera-des-parts-de-marche\"><strong>Demain, l&rsquo;industrie europ\u00e9enne de la gestion d&rsquo;actifs gagnera des parts de march\u00e9. <\/strong><\/h2>\n<\/div><\/div>\n\n\n\n<p><\/p>\n","protected":false},"excerpt":{"rendered":"<p>Promouvoir la comp\u00e9titivit\u00e9 de la gestion d\u2019actifs pour financer l\u2019\u00e9conomie et garantir l\u2019autonomie strat\u00e9gique de la France Allocation g\u00e9ographique des&hellip;<\/p>\n","protected":false},"author":6,"featured_media":0,"parent":0,"menu_order":0,"comment_status":"closed","ping_status":"closed","template":"","meta":{"_acf_changed":false,"_gspb_post_css":"","footnotes":""},"class_list":["post-1382","page","type-page","status-publish","hentry"],"acf":[],"_links":{"self":[{"href":"https:\/\/www.afg.asso.fr\/fr\/wp-json\/wp\/v2\/pages\/1382","targetHints":{"allow":["GET"]}}],"collection":[{"href":"https:\/\/www.afg.asso.fr\/fr\/wp-json\/wp\/v2\/pages"}],"about":[{"href":"https:\/\/www.afg.asso.fr\/fr\/wp-json\/wp\/v2\/types\/page"}],"author":[{"embeddable":true,"href":"https:\/\/www.afg.asso.fr\/fr\/wp-json\/wp\/v2\/users\/6"}],"replies":[{"embeddable":true,"href":"https:\/\/www.afg.asso.fr\/fr\/wp-json\/wp\/v2\/comments?post=1382"}],"version-history":[{"count":0,"href":"https:\/\/www.afg.asso.fr\/fr\/wp-json\/wp\/v2\/pages\/1382\/revisions"}],"wp:attachment":[{"href":"https:\/\/www.afg.asso.fr\/fr\/wp-json\/wp\/v2\/media?parent=1382"}],"curies":[{"name":"wp","href":"https:\/\/api.w.org\/{rel}","templated":true}]}}