{"id":1360,"date":"2024-08-26T15:06:15","date_gmt":"2024-08-26T13:06:15","guid":{"rendered":"https:\/\/www.afg.asso.fr\/?page_id=1360"},"modified":"2025-03-25T11:53:34","modified_gmt":"2025-03-25T10:53:34","slug":"financer-leconomie","status":"publish","type":"page","link":"https:\/\/www.afg.asso.fr\/fr\/financer-leconomie\/","title":{"rendered":"Financer l&rsquo;\u00e9conomie"},"content":{"rendered":"\n<div style=\"height:35px\" aria-hidden=\"true\" class=\"wp-block-spacer\"><\/div>\n\n\n\n<div class=\"wp-block-columns alignfull are-vertically-aligned-center is-layout-flex wp-container-core-columns-is-layout-9c22b1e3 wp-block-columns-is-layout-flex\">\n<div class=\"wp-block-column is-vertically-aligned-center is-layout-flow wp-block-column-is-layout-flow\" style=\"flex-basis:50%\"><div class=\"wp-block-image\">\n<figure class=\"aligncenter size-full\"><img decoding=\"async\" src=\"https:\/\/www.afg.asso.fr\/app\/uploads\/2024\/11\/couverture-manifeste-1.png\" alt=\"\" class=\"wp-image-110353\"\/><\/figure>\n<\/div><\/div>\n\n\n\n<div class=\"wp-block-column is-vertically-aligned-center is-layout-flow wp-block-column-is-layout-flow\" style=\"padding-right:5vw;padding-left:5vw;flex-basis:50%\">\n<blockquote class=\"wp-block-quote is-layout-flow wp-block-quote-is-layout-flow\">\n<h3 class=\"wp-block-heading\"><strong>Une entreprise a besoin d\u2019argent <\/strong>pour financer sa croissance, sa transformation num\u00e9rique et sa trajectoire vers le z\u00e9ro carbone. Elle peut compter sur les g\u00e9rants d&rsquo;actifs pour lui apporter les ressources n\u00e9cessaires.<\/h3>\n<\/blockquote>\n\n\n\n<div class=\"wp-block-buttons is-layout-flex wp-block-buttons-is-layout-flex\">\n<div class=\"wp-block-button\"><a class=\"wp-block-button__link wp-element-button\" href=\"https:\/\/www.afg.asso.fr\/app\/uploads\/2024\/02\/manifeste-avec-propositions-cmu-fr.pdf\" target=\"_blank\" rel=\"noreferrer noopener\">Acc\u00e9dez au Manifeste AFG : Travailler ensemble pour r\u00e9ussir les transitions vitales <\/a><\/div>\n<\/div>\n<\/div>\n<\/div>\n\n\n\n<div class=\"wp-block-group alignfull\" style=\"margin-top:0;margin-bottom:0;padding-top:7vw;padding-bottom:7vw\"><div class=\"wp-block-group__inner-container is-layout-constrained wp-block-group-is-layout-constrained\">\n<h2 class=\"wp-block-heading\" style=\"padding-right:0;padding-left:0\">Pour cr\u00e9er des emplois<\/h2>\n\n\n\n<h3 class=\"wp-block-heading\" style=\"padding-right:0;padding-left:0\"><strong>Les gestionnaires d\u2019actifs financent les entreprises<\/strong> de plusieurs fa\u00e7ons <\/h3>\n\n\n\n<div style=\"height:20px\" aria-hidden=\"true\" class=\"wp-block-spacer\"><\/div>\n\n\n\n<p><strong>En achetant des actions<\/strong>, ils augmentent la valeur de l&rsquo;entreprise et lui fournissent des capitaux n\u00e9cessaires pour financer son d\u00e9veloppement et ses projets de croissance.<\/p>\n\n\n\n<p><strong>En investissant dans sa dette<\/strong>, ils lui apportent des liquidit\u00e9s, offrant ainsi un soutien financier \u00e0 court et moyen terme pour assurer ses besoins de financement op\u00e9rationnel ou strat\u00e9gique.<\/p>\n\n\n\n<h3 class=\"wp-block-heading\"><strong>Les gestionnaires d\u2019actifs financent toutes les entreprises<\/strong> <\/h3>\n\n\n\n<div style=\"height:20px\" aria-hidden=\"true\" class=\"wp-block-spacer\"><\/div>\n\n\n\n<p>Des PME locales aux groupes du CAC 40, en passant par les start-up \u00e9mergentes du secteur technologique et les entreprises cot\u00e9es en Bourse. Leurs financements r\u00e9pondent \u00e0 tous les besoins, allant de la tr\u00e9sorerie \u00e0 court terme aux financements \u00e0 moyen et long terme, par le biais d&rsquo;actions et de dettes.<\/p>\n\n\n\n<figure class=\"wp-block-image alignwide size-large\"><img loading=\"lazy\" decoding=\"async\" width=\"1024\" height=\"306\" src=\"https:\/\/www.afg.asso.fr\/app\/uploads\/2025\/01\/mds-investis-en-actions-1024x306.png\" alt=\"L\u2019image pr\u00e9sente deux grandes cat\u00e9gories d\u2019investissements en France, illustr\u00e9es par des ic\u00f4nes :\n\n- 1 070 milliards d\u2019euros investis en actions : 79 % dans les grandes entreprises et 21 % dans les PME-ETI.  L\u2019ic\u00f4ne associ\u00e9e repr\u00e9sente un graphique circulaire et un histogramme.\n\n- 1 750 milliards d\u2019euros investis en obligations : 55 % en obligations d\u2019entreprises et 45 % en obligations d\u2019\u00c9tats. L\u2019ic\u00f4ne associ\u00e9e repr\u00e9sente un document sign\u00e9 et un stylo.\" class=\"wp-image-112321\" srcset=\"https:\/\/www.afg.asso.fr\/app\/uploads\/2025\/01\/mds-investis-en-actions-1024x306.png 1024w, https:\/\/www.afg.asso.fr\/app\/uploads\/2025\/01\/mds-investis-en-actions-300x90.png 300w, https:\/\/www.afg.asso.fr\/app\/uploads\/2025\/01\/mds-investis-en-actions-768x229.png 768w, https:\/\/www.afg.asso.fr\/app\/uploads\/2025\/01\/mds-investis-en-actions-1536x459.png 1536w, https:\/\/www.afg.asso.fr\/app\/uploads\/2025\/01\/mds-investis-en-actions-2048x611.png 2048w, https:\/\/www.afg.asso.fr\/app\/uploads\/2025\/01\/mds-investis-en-actions-60x18.png 60w\" sizes=\"auto, (max-width: 1024px) 100vw, 1024px\" \/><\/figure>\n\n\n\n<h3 class=\"wp-block-heading\"><strong>La gestion d\u2019actifs est un pilier de l\u2019\u00e9conomie<\/strong><\/h3>\n\n\n\n<div style=\"height:20px\" aria-hidden=\"true\" class=\"wp-block-spacer\"><\/div>\n\n\n\n<p>En pla\u00e7ant l\u2019\u00e9pargne dans les entreprises et les projets innovants, elle stimule leur comp\u00e9titivit\u00e9, le d\u00e9veloppement de nouvelles comp\u00e9tences et le plein emploi.<\/p>\n\n\n\n<div style=\"height:50px\" aria-hidden=\"true\" class=\"wp-block-spacer\"><\/div>\n\n\n<div class=\"wp-block-image\">\n<figure class=\"aligncenter size-full\"><img loading=\"lazy\" decoding=\"async\" width=\"12000\" height=\"5763\" src=\"https:\/\/www.afg.asso.fr\/app\/uploads\/2024\/11\/repartition-des-actifs-geres-par-typologie-sans-titre.jpg\" alt=\"Sch\u00e9ma repr\u00e9sentant les Organismes de Placement Collectif (OPC) de droit fran\u00e7ais. Il illustre 2 279 milliards d\u2019euros investis sur un total de 4 600 milliards d\u2019euros d\u2019actifs g\u00e9r\u00e9s par les membres.\n\nR\u00e9partition des investissements :\n- 19 % Mon\u00e9taires \u2013 444 milliards d\u2019euros\n- 15 % Fonds de titrisation \u2013 344 milliards d\u2019euros\n- 14 % Obligations \u2013 311 milliards d\u2019euros\n- 10 % Immobilier \u2013 220 milliards d\u2019euros\n- 16 % Diversifi\u00e9s et \u00e0 formule \u2013 356 milliards d\u2019euros\n- 20 % Actions \u2013 461 milliards d\u2019euros\n- 6 % Capital investissement \u2013 143 milliards d\u2019euros\n\nL\u2019image utilise un diagramme circulaire en couleur pour repr\u00e9senter ces cat\u00e9gories, avec des pictogrammes associ\u00e9s \u00e0 certains investissements (ex. : b\u00e2timents pour l\u2019immobilier, graphique pour les actions).\" class=\"wp-image-110675\"\/><\/figure>\n<\/div>\n\n\n<p class=\"has-text-align-center\">R\u00e9partition des actifs g\u00e9r\u00e9s par typologie<\/p>\n<\/div><\/div>\n\n\n\n<div class=\"wp-block-group alignfull has-white-color has-green-background-color has-text-color has-background has-link-color wp-elements-660b939b3b3dcef2dccd911d2fce64e1\" style=\"padding-top:7vw;padding-bottom:7vw\"><div class=\"wp-block-group__inner-container is-layout-constrained wp-block-group-is-layout-constrained\">\n<h2 class=\"wp-block-heading\">Pour r\u00e9ussir les grandes transitions<\/h2>\n\n\n\n<h3 class=\"wp-block-heading\"><strong>Les g\u00e9rants d\u2019actifs acc\u00e9l\u00e8rent la transition \u00e9cologique.<\/strong><\/h3>\n\n\n\n<div style=\"height:20px\" aria-hidden=\"true\" class=\"wp-block-spacer\"><\/div>\n\n\n\n<p><strong>Ils apportent aux entreprises les ressources n\u00e9cessaires pour d\u00e9carboner leurs activit\u00e9s <\/strong>et les incitent \u00e0 am\u00e9liorer leurs pratiques en dialoguant avec elles et en soutenant les r\u00e9solutions climatiques lors des assembl\u00e9es g\u00e9n\u00e9rales.<\/p>\n\n\n\n<p>Les g\u00e9rants d\u2019actifs fran\u00e7ais cultivent cette finance durable depuis 25 ans, ils sont les pionniers mondiaux dans ce domaine. La Directive europ\u00e9enne CSRD*, applicable \u00e0 compter de l\u2019exercice 2024, fera progresser le reporting \u201cdurabilit\u00e9\u201d des entreprises.<\/p>\n\n\n\n<h3 class=\"wp-block-heading\"><strong>L\u2019innovation technologique passera par la France.<\/strong><\/h3>\n\n\n\n<div style=\"height:20px\" aria-hidden=\"true\" class=\"wp-block-spacer\"><\/div>\n\n\n\n<p>Intelligence Artificielle, Big Data, jumeaux num\u00e9riques, cloud souverain et cybers\u00e9curit\u00e9\u2026 La technologie est un vecteur de comp\u00e9titivit\u00e9 incontournable de l\u2019\u00e9conomie fran\u00e7aise. En finan\u00e7ant aussi les projets technologiques disruptifs, la gestion d\u2019actifs est d\u00e9cisive pour l\u2019avenir de ce secteur et la transition num\u00e9rique des entreprises fran\u00e7aises.<\/p>\n\n\n\n<p><em>*CSRD : Corporate Sustainability Reporting directive<\/em><\/p>\n<\/div><\/div>\n\n\n\n<div class=\"wp-block-group\" style=\"margin-top:0;margin-bottom:0;padding-top:7vw;padding-bottom:7vw\"><div class=\"wp-block-group__inner-container is-layout-constrained wp-block-group-is-layout-constrained\">\n<h2 class=\"wp-block-heading\">Pour soutenir les grands projets<\/h2>\n\n\n\n<h3 class=\"wp-block-heading\"><strong><strong>Financer les <strong><strong>\u00c9tats <\/strong><\/strong>et les infrastructures fait partie du r\u00f4le de la gestion d\u2019actifs.<\/strong><\/strong><\/h3>\n\n\n\n<div style=\"height:20px\" aria-hidden=\"true\" class=\"wp-block-spacer\"><\/div>\n\n\n\n<p>Relocalisation d\u2019industries strat\u00e9giques, course aux \u00e9nergies renouvelables, r\u00e9seau 5G, autoroutes et a\u00e9roports, logements sociaux ou financement des retraites sont autant de projets essentiels qui r\u00e9clament des investissements massifs et s\u2019inscrivent dans un horizon de long terme.<\/p>\n\n\n\n<p>\u00c0 travers le monde, les g\u00e9rants d\u2019actifs prennent une part croissante au financement de ces infrastructures et de ces syst\u00e8mes qui profitent au plus grand nombre. Ils permettent aux \u00e9pargnants de placer \u00e0 leur tour leurs \u00e9conomies dans les grands projets.<\/p>\n\n\n\n<figure class=\"wp-block-image alignwide size-large\"><img loading=\"lazy\" decoding=\"async\" width=\"1024\" height=\"306\" src=\"https:\/\/www.afg.asso.fr\/app\/uploads\/2025\/01\/mds-encours-financer-leconomie-1-1024x306.png\" alt=\"Graphique stylis\u00e9 repr\u00e9sentant une courbe de croissance ascendante avec des barres de diff\u00e9rentes hauteurs, accompagn\u00e9 du texte : '800 Mds\u20ac \u2013 Encours de titres d'\u00c9tat d\u00e9tenus par les gestionnaires d'actifs en France'\" class=\"wp-image-112318\" srcset=\"https:\/\/www.afg.asso.fr\/app\/uploads\/2025\/01\/mds-encours-financer-leconomie-1-1024x306.png 1024w, https:\/\/www.afg.asso.fr\/app\/uploads\/2025\/01\/mds-encours-financer-leconomie-1-300x90.png 300w, https:\/\/www.afg.asso.fr\/app\/uploads\/2025\/01\/mds-encours-financer-leconomie-1-768x229.png 768w, https:\/\/www.afg.asso.fr\/app\/uploads\/2025\/01\/mds-encours-financer-leconomie-1-1536x459.png 1536w, https:\/\/www.afg.asso.fr\/app\/uploads\/2025\/01\/mds-encours-financer-leconomie-1-2048x611.png 2048w, https:\/\/www.afg.asso.fr\/app\/uploads\/2025\/01\/mds-encours-financer-leconomie-1-60x18.png 60w\" sizes=\"auto, (max-width: 1024px) 100vw, 1024px\" \/><\/figure>\n<\/div><\/div>\n\n\n\n<p><\/p>\n","protected":false},"excerpt":{"rendered":"<p>Une entreprise a besoin d\u2019argent pour financer sa croissance, sa transformation num\u00e9rique et sa trajectoire vers le z\u00e9ro carbone. Elle&hellip;<\/p>\n","protected":false},"author":10,"featured_media":0,"parent":0,"menu_order":0,"comment_status":"closed","ping_status":"closed","template":"","meta":{"_acf_changed":false,"_gspb_post_css":"","footnotes":""},"class_list":["post-1360","page","type-page","status-publish","hentry"],"acf":[],"_links":{"self":[{"href":"https:\/\/www.afg.asso.fr\/fr\/wp-json\/wp\/v2\/pages\/1360","targetHints":{"allow":["GET"]}}],"collection":[{"href":"https:\/\/www.afg.asso.fr\/fr\/wp-json\/wp\/v2\/pages"}],"about":[{"href":"https:\/\/www.afg.asso.fr\/fr\/wp-json\/wp\/v2\/types\/page"}],"author":[{"embeddable":true,"href":"https:\/\/www.afg.asso.fr\/fr\/wp-json\/wp\/v2\/users\/10"}],"replies":[{"embeddable":true,"href":"https:\/\/www.afg.asso.fr\/fr\/wp-json\/wp\/v2\/comments?post=1360"}],"version-history":[{"count":0,"href":"https:\/\/www.afg.asso.fr\/fr\/wp-json\/wp\/v2\/pages\/1360\/revisions"}],"wp:attachment":[{"href":"https:\/\/www.afg.asso.fr\/fr\/wp-json\/wp\/v2\/media?parent=1360"}],"curies":[{"name":"wp","href":"https:\/\/api.w.org\/{rel}","templated":true}]}}