{"id":1342,"date":"2024-08-26T14:52:03","date_gmt":"2024-08-26T12:52:03","guid":{"rendered":"https:\/\/www.afg.asso.fr\/?page_id=1342"},"modified":"2026-03-13T11:24:47","modified_gmt":"2026-03-13T10:24:47","slug":"des-metiers-passionnants","status":"publish","type":"page","link":"https:\/\/www.afg.asso.fr\/fr\/des-metiers-passionnants\/","title":{"rendered":"Des m\u00e9tiers passionnants"},"content":{"rendered":"\n<div style=\"height:50px\" aria-hidden=\"true\" class=\"wp-block-spacer\"><\/div>\n\n\n\n<p class=\"has-text-align-center\">D\u00e9couvrez la palette des m\u00e9tiers de la gestion d&rsquo;actifs et investissez avec nous dans l&rsquo;\u00e9conomie.<\/p>\n\n\n\n<h2 class=\"wp-block-heading has-text-align-center has-cyan-color has-text-color has-link-color wp-elements-8a9215b2dbc505e653ffc40172f4525a\" id=\"serie-talents-en-portefeuilles-les-metiers-de-la-gestion-d-actifs\">S\u00e9rie \u00ab\u00a0Talents en portefeuilles &#8211; Les m\u00e9tiers de la gestion d&rsquo;actifs\u00a0\u00bb<\/h2>\n\n\n\n<div style=\"height:40px\" aria-hidden=\"true\" class=\"wp-block-spacer\"><\/div>\n\n\n\n<div class=\"wp-block-columns alignwide is-layout-flex wp-container-core-columns-is-layout-28f84493 wp-block-columns-is-layout-flex\">\n<div class=\"wp-block-column is-vertically-aligned-center is-layout-flow wp-block-column-is-layout-flow\">\n<h3 class=\"wp-block-heading has-purple-color has-text-color has-link-color wp-elements-3591ed70c253e699401fc27267463dba\" id=\"marie-walbaum-senior-sustainability-investment-specialist\">Marie Walbaum &#8211; <em>Senior Sustainability Investment Specialist<\/em><\/h3>\n\n\n\n<figure class=\"wp-block-embed is-type-video is-provider-vimeo wp-block-embed-vimeo wp-embed-aspect-16-9 wp-has-aspect-ratio\"><div class=\"wp-block-embed__wrapper\">\n<iframe loading=\"lazy\" title=\"Marie Walbaum - Senior Sustainability Investment Specialist\" src=\"https:\/\/player.vimeo.com\/video\/1048627127?h=a53b0c84f6&amp;dnt=1&amp;app_id=122963\" width=\"500\" height=\"281\" frameborder=\"0\" allow=\"autoplay; fullscreen; picture-in-picture; clipboard-write; encrypted-media\"><\/iframe>\n<\/div><\/figure>\n<\/div>\n\n\n\n<div class=\"wp-block-column is-vertically-aligned-center is-layout-flow wp-block-column-is-layout-flow\">\n<h3 class=\"wp-block-heading has-purple-color has-text-color has-link-color wp-elements-8b738eaa358002e5c5069184f21f4155\" id=\"christelle-izambard-chargee-de-conformite-et-de-controle-interne\">Christelle Izambard &#8211; Charg\u00e9e de conformit\u00e9 et de contr\u00f4le interne<\/h3>\n\n\n\n<figure class=\"wp-block-embed is-type-video is-provider-vimeo wp-block-embed-vimeo wp-embed-aspect-16-9 wp-has-aspect-ratio\"><div class=\"wp-block-embed__wrapper\">\n<iframe loading=\"lazy\" title=\"Christelle Izambard - Charg\u00e9e de conformit\u00e9 et de contr\u00f4le interne\" src=\"https:\/\/player.vimeo.com\/video\/1047537281?h=9b4893943f&amp;dnt=1&amp;app_id=122963\" width=\"500\" height=\"281\" frameborder=\"0\" allow=\"autoplay; fullscreen; picture-in-picture; clipboard-write; encrypted-media\"><\/iframe>\n<\/div><\/figure>\n<\/div>\n<\/div>\n\n\n\n<div style=\"height:50px\" aria-hidden=\"true\" class=\"wp-block-spacer\"><\/div>\n\n\n\n<div class=\"wp-block-columns alignwide is-layout-flex wp-container-core-columns-is-layout-28f84493 wp-block-columns-is-layout-flex\">\n<div class=\"wp-block-column is-vertically-aligned-center is-layout-flow wp-block-column-is-layout-flow\">\n<h3 class=\"wp-block-heading has-purple-color has-text-color has-link-color wp-elements-d57ffcbbfe979aa07ec19a4483435e73\" id=\"karen-georges-gerant-e-actions\">Karen Georges &#8211; G\u00e9rant(e) actions <\/h3>\n\n\n\n<figure class=\"wp-block-embed is-type-video is-provider-vimeo wp-block-embed-vimeo wp-embed-aspect-16-9 wp-has-aspect-ratio\"><div class=\"wp-block-embed__wrapper\">\n<iframe loading=\"lazy\" title=\"Karen Georges - G\u00e9rante actions\" src=\"https:\/\/player.vimeo.com\/video\/1047541291?h=3930135592&amp;dnt=1&amp;app_id=122963\" width=\"500\" height=\"281\" frameborder=\"0\" allow=\"autoplay; fullscreen; picture-in-picture; clipboard-write; encrypted-media\"><\/iframe>\n<\/div><\/figure>\n<\/div>\n\n\n\n<div class=\"wp-block-column is-vertically-aligned-center is-layout-flow wp-block-column-is-layout-flow\">\n<h3 class=\"wp-block-heading has-purple-color has-text-color has-link-color wp-elements-1e1a369f3fe125b3154eecd6427e03b0\" id=\"rene-amirkhanian-responsable-securite-de-l-information\">Ren\u00e9 Amirkhanian &#8211; <strong>Responsable S\u00e9curit\u00e9 de l&rsquo;Information<\/strong><\/h3>\n\n\n\n<figure class=\"wp-block-embed is-type-video is-provider-vimeo wp-block-embed-vimeo wp-embed-aspect-16-9 wp-has-aspect-ratio\"><div class=\"wp-block-embed__wrapper\">\n<iframe loading=\"lazy\" title=\"Ren\u00e9 Amirkhanian - Responsable S\u00e9curit\u00e9 de l&#039;Information\" src=\"https:\/\/player.vimeo.com\/video\/1047545304?h=2bc67874b0&amp;dnt=1&amp;app_id=122963\" width=\"500\" height=\"281\" frameborder=\"0\" allow=\"autoplay; fullscreen; picture-in-picture; clipboard-write; encrypted-media\"><\/iframe>\n<\/div><\/figure>\n<\/div>\n<\/div>\n\n\n\n<div style=\"height:50px\" aria-hidden=\"true\" class=\"wp-block-spacer\"><\/div>\n\n\n\n<h2 class=\"wp-block-heading has-text-align-center\" id=\"les-metiers-de-la-gestion-d-actifs-fiches\">Les m\u00e9tiers de la gestion d&rsquo;actifs &#8211; Fiches <\/h2>\n\n\n\n<div style=\"height:60px\" aria-hidden=\"true\" class=\"wp-block-spacer\"><\/div>\n\n\n\n<div class=\"wp-block-columns alignfull are-vertically-aligned-center is-layout-flex wp-container-core-columns-is-layout-4fabc385 wp-block-columns-is-layout-flex\">\n<div class=\"wp-block-column is-vertically-aligned-center is-layout-flow wp-block-column-is-layout-flow\" style=\"padding-right:5vw;padding-left:5vw;flex-basis:40%\">\n<h3 class=\"wp-block-heading alignfull has-text-align-center\" id=\"gestion\">Gestion<\/h3>\n\n\n\n<div class=\"wp-block-buttons is-content-justification-center is-layout-flex wp-container-core-buttons-is-layout-a89b3969 wp-block-buttons-is-layout-flex\">\n<div class=\"wp-block-button has-custom-width wp-block-button__width-75 is-style-cyan\"><a class=\"wp-block-button__link has-blue-color has-border-background-color has-text-color has-background has-link-color wp-element-button\" href=\"https:\/\/www.afg.asso.fr\/fr\/publication\/analyste-financier-esg-fiche-metier\/\" style=\"border-style:none;border-width:0px;border-radius:47px;padding-top:var(--wp--preset--spacing--30);padding-bottom:var(--wp--preset--spacing--30)\" target=\"_blank\" rel=\"noreferrer noopener\">Analyste financier &#8211; ESG<\/a><\/div>\n<\/div>\n\n\n\n<div class=\"wp-block-buttons is-content-justification-center is-layout-flex wp-container-core-buttons-is-layout-a89b3969 wp-block-buttons-is-layout-flex\">\n<div class=\"wp-block-button has-custom-width wp-block-button__width-75 is-style-cyan\"><a class=\"wp-block-button__link has-blue-color has-border-background-color has-text-color has-background has-link-color wp-element-button\" href=\"https:\/\/www.afg.asso.fr\/fr\/publication\/data-manager-data-scientist-fiche-metier\/\" style=\"border-style:none;border-width:0px;border-radius:47px;padding-top:var(--wp--preset--spacing--30);padding-bottom:var(--wp--preset--spacing--30)\" target=\"_blank\" rel=\"noreferrer noopener\">Data Scientist<\/a><\/div>\n<\/div>\n\n\n\n<div class=\"wp-block-buttons is-content-justification-center is-layout-flex wp-container-core-buttons-is-layout-a89b3969 wp-block-buttons-is-layout-flex\">\n<div class=\"wp-block-button has-custom-width wp-block-button__width-75 is-style-cyan\"><a class=\"wp-block-button__link has-blue-color has-border-background-color has-text-color has-background has-link-color wp-element-button\" href=\"https:\/\/www.afg.asso.fr\/fr\/publication\/gerant-e-financier-fiche-metier\/\" style=\"border-style:none;border-width:0px;border-radius:47px;padding-top:var(--wp--preset--spacing--30);padding-bottom:var(--wp--preset--spacing--30)\" target=\"_blank\" rel=\"noreferrer noopener\">G\u00e9rant(e) financier <\/a><\/div>\n<\/div>\n\n\n\n<div class=\"wp-block-buttons is-content-justification-center is-layout-flex wp-container-core-buttons-is-layout-a89b3969 wp-block-buttons-is-layout-flex\">\n<div class=\"wp-block-button has-custom-width wp-block-button__width-75 is-style-cyan\"><a class=\"wp-block-button__link has-blue-color has-border-background-color has-text-color has-background has-link-color wp-element-button\" href=\"https:\/\/www.afg.asso.fr\/fr\/publication\/gerant-e-financier-junior-e-fiche-metier\/\" style=\"border-style:none;border-width:0px;border-radius:47px;padding-top:var(--wp--preset--spacing--30);padding-bottom:var(--wp--preset--spacing--30)\" target=\"_blank\" rel=\"noreferrer noopener\">G\u00e9rant(e) financier junior  <\/a><\/div>\n<\/div>\n\n\n\n<div class=\"wp-block-buttons is-content-justification-center is-layout-flex wp-container-core-buttons-is-layout-a89b3969 wp-block-buttons-is-layout-flex\">\n<div class=\"wp-block-button has-custom-width wp-block-button__width-75 is-style-cyan\"><a class=\"wp-block-button__link has-blue-color has-border-background-color has-text-color has-background has-link-color wp-element-button\" href=\"https:\/\/www.afg.asso.fr\/fr\/publication\/ingenieur-financier-fiche-metier\/\" style=\"border-style:none;border-width:0px;border-radius:47px;padding-top:var(--wp--preset--spacing--30);padding-bottom:var(--wp--preset--spacing--30)\" target=\"_blank\" rel=\"noreferrer noopener\">Ing\u00e9nieur financier <\/a><\/div>\n<\/div>\n\n\n\n<div class=\"wp-block-buttons is-content-justification-center is-layout-flex wp-container-core-buttons-is-layout-a89b3969 wp-block-buttons-is-layout-flex\">\n<div class=\"wp-block-button has-custom-width wp-block-button__width-75 is-style-cyan\"><a class=\"wp-block-button__link has-blue-color has-border-background-color has-text-color has-background has-link-color wp-element-button\" href=\"https:\/\/www.afg.asso.fr\/fr\/publication\/strategiste-fiche-metier\/\" style=\"border-style:none;border-width:0px;border-radius:47px;padding-top:var(--wp--preset--spacing--30);padding-bottom:var(--wp--preset--spacing--30)\" target=\"_blank\" rel=\"noreferrer noopener\">Strat\u00e9giste<\/a><\/div>\n<\/div>\n<\/div>\n\n\n\n<div class=\"wp-block-column is-vertically-aligned-center is-layout-flow wp-block-column-is-layout-flow\" style=\"flex-basis:50%\"><div class=\"wp-block-image\">\n<figure class=\"alignright size-full is-resized has-custom-border\"><img loading=\"lazy\" decoding=\"async\" width=\"2560\" height=\"1440\" src=\"https:\/\/www.afg.asso.fr\/app\/uploads\/2024\/12\/millennial-asia-businessmen-businesswomen-meeting-brainstorming-ideas-about-new-paperwork-project-colleagues-working-together-planning-success-strategy-enjoy-teamwork-small-modern-night-office-scaled.jpg\" alt=\"\" class=\"wp-image-111130\" style=\"border-radius:15px;width:759px;height:auto\" srcset=\"https:\/\/www.afg.asso.fr\/app\/uploads\/2024\/12\/millennial-asia-businessmen-businesswomen-meeting-brainstorming-ideas-about-new-paperwork-project-colleagues-working-together-planning-success-strategy-enjoy-teamwork-small-modern-night-office-scaled.jpg 2560w, https:\/\/www.afg.asso.fr\/app\/uploads\/2024\/12\/millennial-asia-businessmen-businesswomen-meeting-brainstorming-ideas-about-new-paperwork-project-colleagues-working-together-planning-success-strategy-enjoy-teamwork-small-modern-night-office-300x169.jpg 300w, https:\/\/www.afg.asso.fr\/app\/uploads\/2024\/12\/millennial-asia-businessmen-businesswomen-meeting-brainstorming-ideas-about-new-paperwork-project-colleagues-working-together-planning-success-strategy-enjoy-teamwork-small-modern-night-office-1024x576.jpg 1024w, https:\/\/www.afg.asso.fr\/app\/uploads\/2024\/12\/millennial-asia-businessmen-businesswomen-meeting-brainstorming-ideas-about-new-paperwork-project-colleagues-working-together-planning-success-strategy-enjoy-teamwork-small-modern-night-office-768x432.jpg 768w, https:\/\/www.afg.asso.fr\/app\/uploads\/2024\/12\/millennial-asia-businessmen-businesswomen-meeting-brainstorming-ideas-about-new-paperwork-project-colleagues-working-together-planning-success-strategy-enjoy-teamwork-small-modern-night-office-1536x864.jpg 1536w, https:\/\/www.afg.asso.fr\/app\/uploads\/2024\/12\/millennial-asia-businessmen-businesswomen-meeting-brainstorming-ideas-about-new-paperwork-project-colleagues-working-together-planning-success-strategy-enjoy-teamwork-small-modern-night-office-2048x1152.jpg 2048w, https:\/\/www.afg.asso.fr\/app\/uploads\/2024\/12\/millennial-asia-businessmen-businesswomen-meeting-brainstorming-ideas-about-new-paperwork-project-colleagues-working-together-planning-success-strategy-enjoy-teamwork-small-modern-night-office-60x34.jpg 60w\" sizes=\"auto, (max-width: 2560px) 100vw, 2560px\" \/><\/figure>\n<\/div><\/div>\n<\/div>\n\n\n\n<div style=\"height:50px\" aria-hidden=\"true\" class=\"wp-block-spacer\"><\/div>\n\n\n\n<div class=\"wp-block-columns alignfull are-vertically-aligned-center is-layout-flex wp-container-core-columns-is-layout-e0ebf460 wp-block-columns-is-layout-flex\" style=\"margin-top:var(--wp--preset--spacing--50);margin-bottom:var(--wp--preset--spacing--50);padding-top:var(--wp--preset--spacing--50);padding-right:var(--wp--preset--spacing--50);padding-bottom:var(--wp--preset--spacing--50);padding-left:var(--wp--preset--spacing--50)\">\n<div class=\"wp-block-column is-vertically-aligned-center is-layout-flow wp-block-column-is-layout-flow\" style=\"flex-basis:50%\"><div class=\"wp-block-image\">\n<figure class=\"aligncenter size-full is-resized has-custom-border\"><img loading=\"lazy\" decoding=\"async\" width=\"1000\" height=\"631\" src=\"https:\/\/www.afg.asso.fr\/app\/uploads\/2024\/12\/metiers-passionnants-conformite-et-controle-de-risques.jpg\" alt=\"\" class=\"wp-image-111134\" style=\"border-radius:20px;width:632px;height:auto\" srcset=\"https:\/\/www.afg.asso.fr\/app\/uploads\/2024\/12\/metiers-passionnants-conformite-et-controle-de-risques.jpg 1000w, https:\/\/www.afg.asso.fr\/app\/uploads\/2024\/12\/metiers-passionnants-conformite-et-controle-de-risques-300x189.jpg 300w, https:\/\/www.afg.asso.fr\/app\/uploads\/2024\/12\/metiers-passionnants-conformite-et-controle-de-risques-768x485.jpg 768w, https:\/\/www.afg.asso.fr\/app\/uploads\/2024\/12\/metiers-passionnants-conformite-et-controle-de-risques-60x38.jpg 60w\" sizes=\"auto, (max-width: 1000px) 100vw, 1000px\" \/><\/figure>\n<\/div><\/div>\n\n\n\n<div class=\"wp-block-column is-vertically-aligned-center is-layout-flow wp-block-column-is-layout-flow\" style=\"padding-right:5vw;padding-left:5vw;flex-basis:50%\">\n<h3 class=\"wp-block-heading has-text-align-center\" id=\"conformite-et-controle-des-risques\">Conformit\u00e9 et contr\u00f4le des risques<\/h3>\n\n\n\n<div class=\"wp-block-buttons is-content-justification-center is-layout-flex wp-container-core-buttons-is-layout-a89b3969 wp-block-buttons-is-layout-flex\">\n<div class=\"wp-block-button has-custom-width wp-block-button__width-75 is-style-cyan\"><a class=\"wp-block-button__link has-blue-color has-border-background-color has-text-color has-background has-link-color wp-element-button\" href=\"https:\/\/www.afg.asso.fr\/fr\/publication\/conformite-et-controle-interne-fiche-metier\/\" style=\"border-style:none;border-width:0px;border-radius:47px;padding-top:var(--wp--preset--spacing--30);padding-bottom:var(--wp--preset--spacing--30)\" target=\"_blank\" rel=\"noreferrer noopener\">Conformit\u00e9 et contr\u00f4le interne<\/a><\/div>\n\n\n\n<div class=\"wp-block-button has-custom-width wp-block-button__width-75 is-style-cyan\"><a class=\"wp-block-button__link has-blue-color has-border-background-color has-text-color has-background has-link-color wp-element-button\" href=\"https:\/\/www.afg.asso.fr\/fr\/publication\/controle-des-risques-de-marches-fiche-metier\/\" style=\"border-style:none;border-width:0px;border-radius:47px;padding-top:var(--wp--preset--spacing--30);padding-bottom:var(--wp--preset--spacing--30)\" target=\"_blank\" rel=\"noreferrer noopener\">Contr\u00f4le des risques de march\u00e9s <\/a><\/div>\n\n\n\n<div class=\"wp-block-button has-custom-width wp-block-button__width-75 is-style-cyan\"><a class=\"wp-block-button__link has-blue-color has-border-background-color has-text-color has-background has-link-color wp-element-button\" href=\"https:\/\/www.afg.asso.fr\/fr\/publication\/gestionnaire-reporting-fiche-metier\/\" style=\"border-style:none;border-width:0px;border-radius:47px;padding-top:var(--wp--preset--spacing--30);padding-bottom:var(--wp--preset--spacing--30)\" target=\"_blank\" rel=\"noreferrer noopener\">Gestionnaire reporting<\/a><\/div>\n\n\n\n<div class=\"wp-block-button has-custom-width wp-block-button__width-75 is-style-cyan\"><a class=\"wp-block-button__link has-blue-color has-border-background-color has-text-color has-background has-link-color wp-element-button\" href=\"https:\/\/www.afg.asso.fr\/fr\/publication\/juriste-gestion-dactifs-fiche-metier\/\" style=\"border-style:none;border-width:0px;border-radius:47px;padding-top:var(--wp--preset--spacing--30);padding-bottom:var(--wp--preset--spacing--30)\" target=\"_blank\" rel=\"noreferrer noopener\">Juriste gestion d&rsquo;actifs <\/a><\/div>\n<\/div>\n<\/div>\n<\/div>\n\n\n\n<div class=\"wp-block-columns alignfull are-vertically-aligned-center is-layout-flex wp-container-core-columns-is-layout-9c22b1e3 wp-block-columns-is-layout-flex\">\n<div class=\"wp-block-column is-layout-flow wp-block-column-is-layout-flow\">\n<div style=\"height:50px\" aria-hidden=\"true\" class=\"wp-block-spacer\"><\/div>\n<\/div>\n<\/div>\n\n\n\n<div class=\"wp-block-columns alignfull are-vertically-aligned-center is-layout-flex wp-container-core-columns-is-layout-4fabc385 wp-block-columns-is-layout-flex\">\n<div class=\"wp-block-column is-vertically-aligned-center is-layout-flow wp-block-column-is-layout-flow\" style=\"padding-right:5vw;padding-left:5vw;flex-basis:50%\">\n<h3 class=\"wp-block-heading has-text-align-center\" id=\"marketing-et-communication\">Marketing et communication<\/h3>\n\n\n\n<div class=\"wp-block-buttons is-content-justification-center is-layout-flex wp-container-core-buttons-is-layout-a89b3969 wp-block-buttons-is-layout-flex\">\n<div class=\"wp-block-button has-custom-width wp-block-button__width-75 is-style-cyan\"><a class=\"wp-block-button__link has-blue-color has-border-background-color has-text-color has-background has-link-color wp-element-button\" href=\"https:\/\/www.afg.asso.fr\/fr\/publication\/commercial-e-relation-clientele-et-reseaux-fiche-metier\/\" style=\"border-style:none;border-width:0px;border-radius:47px;padding-top:var(--wp--preset--spacing--30);padding-bottom:var(--wp--preset--spacing--30)\" target=\"_blank\" rel=\"noreferrer noopener\">Commercial(e) <\/a><\/div>\n\n\n\n<div class=\"wp-block-button has-custom-width wp-block-button__width-75 is-style-cyan\"><a class=\"wp-block-button__link has-blue-color has-border-background-color has-text-color has-background has-link-color wp-element-button\" href=\"https:\/\/www.afg.asso.fr\/fr\/publication\/communication-fiche-metier\/\" style=\"border-style:none;border-width:0px;border-radius:47px;padding-top:var(--wp--preset--spacing--30);padding-bottom:var(--wp--preset--spacing--30)\" target=\"_blank\" rel=\"noreferrer noopener\">Communication<\/a><\/div>\n\n\n\n<div class=\"wp-block-button has-custom-width wp-block-button__width-75 is-style-cyan\"><a class=\"wp-block-button__link has-blue-color has-border-background-color has-text-color has-background has-link-color wp-element-button\" href=\"https:\/\/www.afg.asso.fr\/fr\/publication\/marketing-des-fonds-fiche-metier\/\" style=\"border-style:none;border-width:0px;border-radius:47px;padding-top:var(--wp--preset--spacing--30);padding-bottom:var(--wp--preset--spacing--30)\" target=\"_blank\" rel=\"noreferrer noopener\">Marketing<\/a><\/div>\n<\/div>\n<\/div>\n\n\n\n<div class=\"wp-block-column is-vertically-aligned-center is-layout-flow wp-block-column-is-layout-flow\" style=\"flex-basis:50%\"><div class=\"wp-block-image\">\n<figure class=\"aligncenter size-full is-resized has-custom-border\"><img loading=\"lazy\" decoding=\"async\" width=\"2560\" height=\"1706\" src=\"https:\/\/www.afg.asso.fr\/app\/uploads\/2024\/12\/metiers-passionnants-com-marketing-scaled.jpg\" alt=\"\" class=\"wp-image-111137\" style=\"border-radius:20px;width:625px\" srcset=\"https:\/\/www.afg.asso.fr\/app\/uploads\/2024\/12\/metiers-passionnants-com-marketing-scaled.jpg 2560w, https:\/\/www.afg.asso.fr\/app\/uploads\/2024\/12\/metiers-passionnants-com-marketing-300x200.jpg 300w, https:\/\/www.afg.asso.fr\/app\/uploads\/2024\/12\/metiers-passionnants-com-marketing-1024x683.jpg 1024w, https:\/\/www.afg.asso.fr\/app\/uploads\/2024\/12\/metiers-passionnants-com-marketing-768x512.jpg 768w, https:\/\/www.afg.asso.fr\/app\/uploads\/2024\/12\/metiers-passionnants-com-marketing-1536x1024.jpg 1536w, https:\/\/www.afg.asso.fr\/app\/uploads\/2024\/12\/metiers-passionnants-com-marketing-2048x1365.jpg 2048w, https:\/\/www.afg.asso.fr\/app\/uploads\/2024\/12\/metiers-passionnants-com-marketing-60x40.jpg 60w\" sizes=\"auto, (max-width: 2560px) 100vw, 2560px\" \/><\/figure>\n<\/div><\/div>\n<\/div>\n\n\n\n<div style=\"height:50px\" aria-hidden=\"true\" class=\"wp-block-spacer\"><\/div>\n\n\n\n<div class=\"wp-block-columns alignfull are-vertically-aligned-center is-layout-flex wp-container-core-columns-is-layout-9c22b1e3 wp-block-columns-is-layout-flex\">\n<div class=\"wp-block-column is-vertically-aligned-center is-layout-flow wp-block-column-is-layout-flow\" style=\"flex-basis:50%\"><div class=\"wp-block-image is-style-rounded\">\n<figure class=\"aligncenter size-full is-resized has-custom-border\"><img loading=\"lazy\" decoding=\"async\" width=\"1000\" height=\"667\" src=\"https:\/\/www.afg.asso.fr\/app\/uploads\/2024\/12\/metiers-passionnants-operations.jpg\" alt=\"\" class=\"wp-image-111140\" style=\"border-radius:30px;width:651px;height:auto\" srcset=\"https:\/\/www.afg.asso.fr\/app\/uploads\/2024\/12\/metiers-passionnants-operations.jpg 1000w, https:\/\/www.afg.asso.fr\/app\/uploads\/2024\/12\/metiers-passionnants-operations-300x200.jpg 300w, https:\/\/www.afg.asso.fr\/app\/uploads\/2024\/12\/metiers-passionnants-operations-768x512.jpg 768w, https:\/\/www.afg.asso.fr\/app\/uploads\/2024\/12\/metiers-passionnants-operations-60x40.jpg 60w\" sizes=\"auto, (max-width: 1000px) 100vw, 1000px\" \/><\/figure>\n<\/div><\/div>\n\n\n\n<div class=\"wp-block-column is-vertically-aligned-center is-layout-flow wp-block-column-is-layout-flow\" style=\"padding-right:5vw;padding-left:5vw;flex-basis:50%\">\n<h3 class=\"wp-block-heading has-text-align-center\" id=\"operations\">Op\u00e9rations<\/h3>\n\n\n\n<div class=\"wp-block-buttons is-content-justification-center is-layout-flex wp-container-core-buttons-is-layout-a89b3969 wp-block-buttons-is-layout-flex\">\n<div class=\"wp-block-button has-custom-width wp-block-button__width-75 is-style-cyan\"><a class=\"wp-block-button__link has-blue-color has-border-background-color has-text-color has-background has-link-color wp-element-button\" href=\"https:\/\/www.afg.asso.fr\/fr\/publication\/comptable-fonds-dinvestissement-fiche-metier\/\" style=\"border-style:none;border-width:0px;border-radius:47px;padding-top:var(--wp--preset--spacing--30);padding-bottom:var(--wp--preset--spacing--30)\" target=\"_blank\" rel=\"noreferrer noopener\">Comptable fonds d&rsquo;investissement <\/a><\/div>\n\n\n\n<div class=\"wp-block-button has-custom-width wp-block-button__width-75 is-style-cyan\"><a class=\"wp-block-button__link has-blue-color has-border-background-color has-text-color has-background has-link-color wp-element-button\" href=\"https:\/\/www.afg.asso.fr\/fr\/publication\/gestionnaire-middle-office-fiche-metier\/\" style=\"border-style:none;border-width:0px;border-radius:47px;padding-top:var(--wp--preset--spacing--30);padding-bottom:var(--wp--preset--spacing--30)\">Gestionnaire Middle Office<\/a><\/div>\n\n\n\n<div class=\"wp-block-button has-custom-width wp-block-button__width-75 is-style-cyan\"><a class=\"wp-block-button__link has-blue-color has-border-background-color has-text-color has-background has-link-color wp-element-button\" href=\"https:\/\/www.afg.asso.fr\/fr\/publication\/systeme-dinformations-fiche-metier\/\" style=\"border-style:none;border-width:0px;border-radius:47px;padding-top:var(--wp--preset--spacing--30);padding-bottom:var(--wp--preset--spacing--30)\" target=\"_blank\" rel=\"noreferrer noopener\">Syst\u00e8me d&rsquo;informations<\/a><\/div>\n<\/div>\n<\/div>\n<\/div>\n\n\n\n<div style=\"height:50px\" aria-hidden=\"true\" class=\"wp-block-spacer\"><\/div>\n\n\n\n<p><\/p>\n\n\n\n<p><\/p>\n","protected":false},"excerpt":{"rendered":"<p>D\u00e9couvrez la palette des m\u00e9tiers de la gestion d&rsquo;actifs et investissez avec nous dans l&rsquo;\u00e9conomie. S\u00e9rie \u00ab\u00a0Talents en portefeuilles &#8211;&hellip;<\/p>\n","protected":false},"author":10,"featured_media":0,"parent":0,"menu_order":0,"comment_status":"closed","ping_status":"closed","template":"","meta":{"_acf_changed":false,"_gspb_post_css":"","footnotes":""},"class_list":["post-1342","page","type-page","status-publish","hentry"],"acf":[],"_links":{"self":[{"href":"https:\/\/www.afg.asso.fr\/fr\/wp-json\/wp\/v2\/pages\/1342","targetHints":{"allow":["GET"]}}],"collection":[{"href":"https:\/\/www.afg.asso.fr\/fr\/wp-json\/wp\/v2\/pages"}],"about":[{"href":"https:\/\/www.afg.asso.fr\/fr\/wp-json\/wp\/v2\/types\/page"}],"author":[{"embeddable":true,"href":"https:\/\/www.afg.asso.fr\/fr\/wp-json\/wp\/v2\/users\/10"}],"replies":[{"embeddable":true,"href":"https:\/\/www.afg.asso.fr\/fr\/wp-json\/wp\/v2\/comments?post=1342"}],"version-history":[{"count":0,"href":"https:\/\/www.afg.asso.fr\/fr\/wp-json\/wp\/v2\/pages\/1342\/revisions"}],"wp:attachment":[{"href":"https:\/\/www.afg.asso.fr\/fr\/wp-json\/wp\/v2\/media?parent=1342"}],"curies":[{"name":"wp","href":"https:\/\/api.w.org\/{rel}","templated":true}]}}