{"id":1339,"date":"2024-08-26T14:39:41","date_gmt":"2024-08-26T12:39:41","guid":{"rendered":"https:\/\/www.afg.asso.fr\/?page_id=1339"},"modified":"2025-10-13T10:18:32","modified_gmt":"2025-10-13T08:18:32","slug":"des-acteurs-mobilises","status":"publish","type":"page","link":"https:\/\/www.afg.asso.fr\/fr\/des-acteurs-mobilises\/","title":{"rendered":"Des acteurs mobilis\u00e9s"},"content":{"rendered":"\n<div style=\"height:50px\" aria-hidden=\"true\" class=\"wp-block-spacer\"><\/div>\n\n\n\n<p>Les g\u00e9rants d&rsquo;actifs fran\u00e7ais accompagnent les entreprises dans lesquels ils investissent vers une \u00e9conomie plus durable et plus comp\u00e9titive.<\/p>\n\n\n\n<div style=\"height:30px\" aria-hidden=\"true\" class=\"wp-block-spacer\"><\/div>\n\n\n\n<div class=\"wp-block-columns alignwide is-layout-flex wp-container-core-columns-is-layout-28f84493 wp-block-columns-is-layout-flex\">\n<div class=\"wp-block-column is-layout-flow wp-block-column-is-layout-flow\">\n<h3 class=\"wp-block-heading alignwide has-cyan-color has-text-color has-link-color wp-elements-611bff6621c756264182f94a7eabc08e\"><strong>1\u00e8re forme d&rsquo;engagement :<\/strong><\/h3>\n\n\n\n<div class=\"wp-block-columns alignwide is-layout-flex wp-container-core-columns-is-layout-28f84493 wp-block-columns-is-layout-flex\">\n<div class=\"wp-block-column is-layout-flow wp-block-column-is-layout-flow\">\n<div class=\"wp-block-cover has-aspect-ratio\" style=\"border-radius:50px;aspect-ratio:3\/4;min-height:unset;\"><img loading=\"lazy\" decoding=\"async\" width=\"731\" height=\"1024\" class=\"wp-block-cover__image-background wp-image-10663\" alt=\"\" src=\"https:\/\/www.afg.asso.fr\/app\/uploads\/2024\/10\/selection-1-731x1024.jpg\" style=\"object-position:59% 11%\" data-object-fit=\"cover\" data-object-position=\"59% 11%\" srcset=\"https:\/\/www.afg.asso.fr\/app\/uploads\/2024\/10\/selection-1-731x1024.jpg 731w, https:\/\/www.afg.asso.fr\/app\/uploads\/2024\/10\/selection-1-214x300.jpg 214w, https:\/\/www.afg.asso.fr\/app\/uploads\/2024\/10\/selection-1-768x1075.jpg 768w, https:\/\/www.afg.asso.fr\/app\/uploads\/2024\/10\/selection-1-1097x1536.jpg 1097w, https:\/\/www.afg.asso.fr\/app\/uploads\/2024\/10\/selection-1-1463x2048.jpg 1463w, https:\/\/www.afg.asso.fr\/app\/uploads\/2024\/10\/selection-1-292x410.jpg 292w, https:\/\/www.afg.asso.fr\/app\/uploads\/2024\/10\/selection-1-43x60.jpg 43w, https:\/\/www.afg.asso.fr\/app\/uploads\/2024\/10\/selection-1-scaled.jpg 1829w\" sizes=\"auto, (max-width: 731px) 100vw, 731px\" \/><span aria-hidden=\"true\" class=\"wp-block-cover__background has-background-dim-60 has-background-dim\"><\/span><div class=\"wp-block-cover__inner-container is-layout-flow wp-block-cover-is-layout-flow\">\n<h4 class=\"wp-block-heading alignwide has-text-align-center\"><strong>La s\u00e9lection via des crit\u00e8res ESG <\/strong>(environnementaux, sociaux et de gouvernance)<\/h4>\n\n\n\n<p><\/p>\n\n\n\n<p class=\"has-text-align-center\">Priorit\u00e9 aux entreprises qui contribuent au bien commun, au-del\u00e0 du financier.<\/p>\n<\/div><\/div>\n<\/div>\n\n\n\n<div class=\"wp-block-column is-layout-flow wp-block-column-is-layout-flow\">\n<div class=\"wp-block-cover aligncenter has-aspect-ratio\" style=\"border-radius:60px;aspect-ratio:3\/4;min-height:unset;\"><img loading=\"lazy\" decoding=\"async\" width=\"1707\" height=\"2560\" class=\"wp-block-cover__image-background wp-image-110913\" alt=\"\" src=\"https:\/\/www.afg.asso.fr\/app\/uploads\/2024\/12\/home-accueil-scaled.jpg\" data-object-fit=\"cover\" srcset=\"https:\/\/www.afg.asso.fr\/app\/uploads\/2024\/12\/home-accueil-scaled.jpg 1707w, https:\/\/www.afg.asso.fr\/app\/uploads\/2024\/12\/home-accueil-1365x2048.jpg 1365w, https:\/\/www.afg.asso.fr\/app\/uploads\/2024\/12\/home-accueil-200x300.jpg 200w, https:\/\/www.afg.asso.fr\/app\/uploads\/2024\/12\/home-accueil-768x1152.jpg 768w, https:\/\/www.afg.asso.fr\/app\/uploads\/2024\/12\/home-accueil-683x1024.jpg 683w, https:\/\/www.afg.asso.fr\/app\/uploads\/2024\/12\/home-accueil-1024x1536.jpg 1024w, https:\/\/www.afg.asso.fr\/app\/uploads\/2024\/12\/home-accueil-40x60.jpg 40w\" sizes=\"auto, (max-width: 1707px) 100vw, 1707px\" \/><span aria-hidden=\"true\" class=\"wp-block-cover__background has-background-dim-60 has-background-dim\"><\/span><div class=\"wp-block-cover__inner-container is-layout-flow wp-block-cover-is-layout-flow\">\n<h4 class=\"wp-block-heading has-text-align-center\">Le dialogue actionnarial<\/h4>\n\n\n\n<p><\/p>\n\n\n\n<p class=\"has-text-align-center\">Pour soutenir la transition \u00e9cologique et sociale des entreprises et la transformation de leurs pratiques de<br>gouvernance.<\/p>\n<\/div><\/div>\n<\/div>\n\n\n\n<div class=\"wp-block-column is-layout-flow wp-block-column-is-layout-flow\">\n<div class=\"wp-block-cover has-aspect-ratio\" style=\"border-radius:60px;aspect-ratio:3\/4;min-height:unset;\"><img loading=\"lazy\" decoding=\"async\" width=\"683\" height=\"1024\" class=\"wp-block-cover__image-background wp-image-10667\" alt=\"\" src=\"https:\/\/www.afg.asso.fr\/app\/uploads\/2024\/10\/voter-683x1024.jpg\" data-object-fit=\"cover\" srcset=\"https:\/\/www.afg.asso.fr\/app\/uploads\/2024\/10\/voter-683x1024.jpg 683w, https:\/\/www.afg.asso.fr\/app\/uploads\/2024\/10\/voter-200x300.jpg 200w, https:\/\/www.afg.asso.fr\/app\/uploads\/2024\/10\/voter-768x1152.jpg 768w, https:\/\/www.afg.asso.fr\/app\/uploads\/2024\/10\/voter-1024x1536.jpg 1024w, https:\/\/www.afg.asso.fr\/app\/uploads\/2024\/10\/voter-1365x2048.jpg 1365w, https:\/\/www.afg.asso.fr\/app\/uploads\/2024\/10\/voter-40x60.jpg 40w, https:\/\/www.afg.asso.fr\/app\/uploads\/2024\/10\/voter-scaled.jpg 1707w\" sizes=\"auto, (max-width: 683px) 100vw, 683px\" \/><span aria-hidden=\"true\" class=\"wp-block-cover__background has-background-dim-60 has-background-dim\"><\/span><div class=\"wp-block-cover__inner-container is-layout-flow wp-block-cover-is-layout-flow\">\n<h4 class=\"wp-block-heading has-text-align-center\">Le vote des r\u00e9solutions en assembl\u00e9e g\u00e9n\u00e9rale <\/h4>\n\n\n\n<p><\/p>\n\n\n\n<p class=\"has-text-align-center\">Pour influer sur les choix de l\u2019entreprise. Une action encourag\u00e9e par l\u2019AFG, qui envoie des alerte \u00e0 ses membres en cas de r\u00e9solutions non conformes et les publie sur son site Internet.<\/p>\n<\/div><\/div>\n<\/div>\n<\/div>\n<\/div>\n<\/div>\n\n\n\n<div style=\"height:30px\" aria-hidden=\"true\" class=\"wp-block-spacer\"><\/div>\n\n\n\n<h3 class=\"wp-block-heading alignwide has-cyan-color has-text-color has-link-color wp-elements-e62e262b3ecc8b71e9f78db99614e9d5\"><strong>2\u00e8me forme d&rsquo;engagement :<\/strong><\/h3>\n\n\n\n<div style=\"height:30px\" aria-hidden=\"true\" class=\"wp-block-spacer\"><\/div>\n\n\n\n<div class=\"wp-block-columns is-layout-flex wp-container-core-columns-is-layout-28f84493 wp-block-columns-is-layout-flex\">\n<div class=\"wp-block-column is-layout-flow wp-block-column-is-layout-flow\">\n<div class=\"wp-block-cover alignwide\" style=\"border-radius:60px;margin-top:0;margin-bottom:0;padding-top:0;padding-right:0;padding-bottom:0;padding-left:0\"><img loading=\"lazy\" decoding=\"async\" width=\"2560\" height=\"1707\" class=\"wp-block-cover__image-background wp-image-110955\" alt=\"\" src=\"https:\/\/www.afg.asso.fr\/app\/uploads\/2024\/12\/acteurs-mobilises-partage-de-valeurs-scaled.jpg\" data-object-fit=\"cover\" srcset=\"https:\/\/www.afg.asso.fr\/app\/uploads\/2024\/12\/acteurs-mobilises-partage-de-valeurs-scaled.jpg 2560w, https:\/\/www.afg.asso.fr\/app\/uploads\/2024\/12\/acteurs-mobilises-partage-de-valeurs-300x200.jpg 300w, https:\/\/www.afg.asso.fr\/app\/uploads\/2024\/12\/acteurs-mobilises-partage-de-valeurs-1024x683.jpg 1024w, https:\/\/www.afg.asso.fr\/app\/uploads\/2024\/12\/acteurs-mobilises-partage-de-valeurs-768x512.jpg 768w, https:\/\/www.afg.asso.fr\/app\/uploads\/2024\/12\/acteurs-mobilises-partage-de-valeurs-1536x1024.jpg 1536w, https:\/\/www.afg.asso.fr\/app\/uploads\/2024\/12\/acteurs-mobilises-partage-de-valeurs-2048x1365.jpg 2048w, https:\/\/www.afg.asso.fr\/app\/uploads\/2024\/12\/acteurs-mobilises-partage-de-valeurs-60x40.jpg 60w\" sizes=\"auto, (max-width: 2560px) 100vw, 2560px\" \/><span aria-hidden=\"true\" class=\"wp-block-cover__background has-background-dim-60 has-background-dim\"><\/span><div class=\"wp-block-cover__inner-container is-layout-flow wp-block-cover-is-layout-flow\">\n<h4 class=\"wp-block-heading has-text-align-center\">Le partage de valeur <\/h4>\n\n\n\n<p class=\"has-text-align-center\">Offrir un dispositif d&rsquo;\u00e9pargne salariale \u00e0 ses collaborateurs peut jouer dans la s\u00e9lection des g\u00e9rants d&rsquo;actifs <\/p>\n<\/div><\/div>\n<\/div>\n<\/div>\n\n\n\n<div style=\"height:20px\" aria-hidden=\"true\" class=\"wp-block-spacer\"><\/div>\n\n\n\n<figure class=\"wp-block-image alignwide size-large\"><img loading=\"lazy\" decoding=\"async\" width=\"1024\" height=\"306\" src=\"https:\/\/www.afg.asso.fr\/app\/uploads\/2025\/10\/des-acteurs-mobilises-10_2025-1024x306.png\" alt=\"\" class=\"wp-image-121382\" srcset=\"https:\/\/www.afg.asso.fr\/app\/uploads\/2025\/10\/des-acteurs-mobilises-10_2025-1024x306.png 1024w, https:\/\/www.afg.asso.fr\/app\/uploads\/2025\/10\/des-acteurs-mobilises-10_2025-300x90.png 300w, https:\/\/www.afg.asso.fr\/app\/uploads\/2025\/10\/des-acteurs-mobilises-10_2025-768x229.png 768w, https:\/\/www.afg.asso.fr\/app\/uploads\/2025\/10\/des-acteurs-mobilises-10_2025-1536x459.png 1536w, https:\/\/www.afg.asso.fr\/app\/uploads\/2025\/10\/des-acteurs-mobilises-10_2025-2048x611.png 2048w, https:\/\/www.afg.asso.fr\/app\/uploads\/2025\/10\/des-acteurs-mobilises-10_2025-60x18.png 60w\" sizes=\"auto, (max-width: 1024px) 100vw, 1024px\" \/><\/figure>\n\n\n\n<div style=\"height:30px\" aria-hidden=\"true\" class=\"wp-block-spacer\"><\/div>\n\n\n\n<h3 class=\"wp-block-heading alignwide has-cyan-color has-text-color has-link-color wp-elements-2e11fd8420d79d1a9b31f05c663182bf\"><strong>3\u00e8me forme d&rsquo;engagement :<\/strong><\/h3>\n\n\n\n<div style=\"height:30px\" aria-hidden=\"true\" class=\"wp-block-spacer\"><\/div>\n\n\n\n<div class=\"wp-block-columns alignwide is-layout-flex wp-container-core-columns-is-layout-28f84493 wp-block-columns-is-layout-flex\">\n<div class=\"wp-block-column is-vertically-aligned-center is-layout-flow wp-block-column-is-layout-flow\" style=\"flex-basis:66.66%\">\n<div class=\"wp-block-cover alignwide\" style=\"border-radius:60px\"><img loading=\"lazy\" decoding=\"async\" width=\"2560\" height=\"1707\" class=\"wp-block-cover__image-background wp-image-110959\" alt=\"\" src=\"https:\/\/www.afg.asso.fr\/app\/uploads\/2024\/12\/acteurs-mobilises-ISR-scaled.jpg\" data-object-fit=\"cover\" srcset=\"https:\/\/www.afg.asso.fr\/app\/uploads\/2024\/12\/acteurs-mobilises-ISR-scaled.jpg 2560w, https:\/\/www.afg.asso.fr\/app\/uploads\/2024\/12\/acteurs-mobilises-ISR-300x200.jpg 300w, https:\/\/www.afg.asso.fr\/app\/uploads\/2024\/12\/acteurs-mobilises-ISR-1024x683.jpg 1024w, https:\/\/www.afg.asso.fr\/app\/uploads\/2024\/12\/acteurs-mobilises-ISR-768x512.jpg 768w, https:\/\/www.afg.asso.fr\/app\/uploads\/2024\/12\/acteurs-mobilises-ISR-1536x1024.jpg 1536w, https:\/\/www.afg.asso.fr\/app\/uploads\/2024\/12\/acteurs-mobilises-ISR-2048x1365.jpg 2048w, https:\/\/www.afg.asso.fr\/app\/uploads\/2024\/12\/acteurs-mobilises-ISR-60x40.jpg 60w\" sizes=\"auto, (max-width: 2560px) 100vw, 2560px\" \/><span aria-hidden=\"true\" class=\"wp-block-cover__background has-background-dim-60 has-background-dim\"><\/span><div class=\"wp-block-cover__inner-container is-layout-flow wp-block-cover-is-layout-flow\">\n<h4 class=\"wp-block-heading alignwide has-text-align-center\">Investir dans la finance durable via le Label ISR :<\/h4>\n\n\n\n<p class=\"has-text-align-center\">Il permet d\u2019identifier les fonds durables, investis dans des entreprises de tous secteurs d\u2019activit\u00e9 qui concilient performance \u00e9conomique et impact soci\u00e9tal.<\/p>\n<\/div><\/div>\n<\/div>\n\n\n\n<div class=\"wp-block-column is-vertically-aligned-center is-layout-flow wp-block-column-is-layout-flow\" style=\"flex-basis:33.33%\">\n<figure class=\"wp-block-image alignwide size-large\"><img loading=\"lazy\" decoding=\"async\" width=\"906\" height=\"1024\" src=\"https:\/\/www.afg.asso.fr\/app\/uploads\/2025\/09\/Logo_ISR_Republique-FR_RVB-906x1024.png\" alt=\"\" class=\"wp-image-120824\" srcset=\"https:\/\/www.afg.asso.fr\/app\/uploads\/2025\/09\/Logo_ISR_Republique-FR_RVB-906x1024.png 906w, https:\/\/www.afg.asso.fr\/app\/uploads\/2025\/09\/Logo_ISR_Republique-FR_RVB-265x300.png 265w, https:\/\/www.afg.asso.fr\/app\/uploads\/2025\/09\/Logo_ISR_Republique-FR_RVB-768x868.png 768w, https:\/\/www.afg.asso.fr\/app\/uploads\/2025\/09\/Logo_ISR_Republique-FR_RVB-1359x1536.png 1359w, https:\/\/www.afg.asso.fr\/app\/uploads\/2025\/09\/Logo_ISR_Republique-FR_RVB-1812x2048.png 1812w, https:\/\/www.afg.asso.fr\/app\/uploads\/2025\/09\/Logo_ISR_Republique-FR_RVB-53x60.png 53w\" sizes=\"auto, (max-width: 906px) 100vw, 906px\" \/><\/figure>\n<\/div>\n<\/div>\n\n\n\n<div style=\"height:50px\" aria-hidden=\"true\" class=\"wp-block-spacer\"><\/div>\n","protected":false},"excerpt":{"rendered":"<p>Les g\u00e9rants d&rsquo;actifs fran\u00e7ais accompagnent les entreprises dans lesquels ils investissent vers une \u00e9conomie plus durable et plus comp\u00e9titive. 1\u00e8re&hellip;<\/p>\n","protected":false},"author":6,"featured_media":0,"parent":0,"menu_order":0,"comment_status":"closed","ping_status":"closed","template":"","meta":{"_acf_changed":false,"_gspb_post_css":"","footnotes":""},"class_list":["post-1339","page","type-page","status-publish","hentry"],"acf":[],"_links":{"self":[{"href":"https:\/\/www.afg.asso.fr\/fr\/wp-json\/wp\/v2\/pages\/1339","targetHints":{"allow":["GET"]}}],"collection":[{"href":"https:\/\/www.afg.asso.fr\/fr\/wp-json\/wp\/v2\/pages"}],"about":[{"href":"https:\/\/www.afg.asso.fr\/fr\/wp-json\/wp\/v2\/types\/page"}],"author":[{"embeddable":true,"href":"https:\/\/www.afg.asso.fr\/fr\/wp-json\/wp\/v2\/users\/6"}],"replies":[{"embeddable":true,"href":"https:\/\/www.afg.asso.fr\/fr\/wp-json\/wp\/v2\/comments?post=1339"}],"version-history":[{"count":0,"href":"https:\/\/www.afg.asso.fr\/fr\/wp-json\/wp\/v2\/pages\/1339\/revisions"}],"wp:attachment":[{"href":"https:\/\/www.afg.asso.fr\/fr\/wp-json\/wp\/v2\/media?parent=1339"}],"curies":[{"name":"wp","href":"https:\/\/api.w.org\/{rel}","templated":true}]}}