{"id":1243,"date":"2024-08-12T17:30:41","date_gmt":"2024-08-12T15:30:41","guid":{"rendered":"https:\/\/www.afg.asso.fr\/?page_id=1243"},"modified":"2025-09-19T16:15:36","modified_gmt":"2025-09-19T14:15:36","slug":"web-serie-tous-experts","status":"publish","type":"page","link":"https:\/\/www.afg.asso.fr\/fr\/web-serie-tous-experts\/","title":{"rendered":"Tous experts !"},"content":{"rendered":"\n<div style=\"height:50px\" aria-hidden=\"true\" class=\"wp-block-spacer\"><\/div>\n\n\n\n<h2 class=\"wp-block-heading\"><strong>Questions aux experts <\/strong>de l\u2019AFG <\/h2>\n\n\n\n<div style=\"height:30px\" aria-hidden=\"true\" class=\"wp-block-spacer\"><\/div>\n\n\n\n<p class=\"has-text-align-left\">Pour mieux comprendre les enjeux des m\u00e9tiers de la gestion d&rsquo;actifs, nous avons cr\u00e9\u00e9 une s\u00e9rie de vid\u00e9os avec nos experts, inspir\u00e9es du format Konbini. Ces vid\u00e9os, courtes et dynamiques, permettent de <strong>d\u00e9couvrir de mani\u00e8re simple et claire les d\u00e9fis du secteur<\/strong>. <\/p>\n\n\n<div class=\"wp-block-image\">\n<figure class=\"aligncenter size-large is-resized\"><img loading=\"lazy\" decoding=\"async\" width=\"1024\" height=\"1024\" src=\"https:\/\/www.afg.asso.fr\/app\/uploads\/2024\/11\/EXPERTISES-ADINA-1024x1024.png\" alt=\"Main portant un engrenage avec le signe 'valid\u00e9&quot;\" class=\"wp-image-110653\" style=\"width:174px;height:auto\" srcset=\"https:\/\/www.afg.asso.fr\/app\/uploads\/2024\/11\/EXPERTISES-ADINA-1024x1024.png 1024w, https:\/\/www.afg.asso.fr\/app\/uploads\/2024\/11\/EXPERTISES-ADINA-300x300.png 300w, https:\/\/www.afg.asso.fr\/app\/uploads\/2024\/11\/EXPERTISES-ADINA-150x150.png 150w, https:\/\/www.afg.asso.fr\/app\/uploads\/2024\/11\/EXPERTISES-ADINA-768x768.png 768w, https:\/\/www.afg.asso.fr\/app\/uploads\/2024\/11\/EXPERTISES-ADINA-1536x1536.png 1536w, https:\/\/www.afg.asso.fr\/app\/uploads\/2024\/11\/EXPERTISES-ADINA-306x306.png 306w, https:\/\/www.afg.asso.fr\/app\/uploads\/2024\/11\/EXPERTISES-ADINA-60x60.png 60w, https:\/\/www.afg.asso.fr\/app\/uploads\/2024\/11\/EXPERTISES-ADINA.png 2000w\" sizes=\"auto, (max-width: 1024px) 100vw, 1024px\" \/><\/figure>\n<\/div>\n\n\n<h3 class=\"wp-block-heading has-cyan-color has-text-color has-link-color wp-elements-514de4bfcd2d8ef5c5296963c2023869\">Experts Express #1  : La gestion d&rsquo;Actifs par Adina Gurau-Audibert, directrice des Expertises <\/h3>\n\n\n\n<p>\ud83d\udcac \u00ab <strong><em>Le m\u00e9tier de g\u00e9rant est diff\u00e9rent du m\u00e9tier de banquier, nous ne d\u00e9tenons pas les fonds<\/em><\/strong> \u00bb : Adina Gurau-Audibert nous explique ce qu&rsquo;est la gestion d&rsquo;actifs ! <\/p>\n\n\n\n<figure class=\"wp-block-embed is-type-video is-provider-vimeo wp-block-embed-vimeo wp-embed-aspect-16-9 wp-has-aspect-ratio\"><div class=\"wp-block-embed__wrapper\">\n<iframe loading=\"lazy\" title=\"Experts Express #1 La gestion d&#039;actifs - Adina Gurau Audibert - Directrice des Expertises\" src=\"https:\/\/player.vimeo.com\/video\/1031856273?h=ffe4f3482a&amp;dnt=1&amp;app_id=122963\" width=\"500\" height=\"281\" frameborder=\"0\" allow=\"autoplay; fullscreen; picture-in-picture; clipboard-write; encrypted-media\"><\/iframe>\n<\/div><\/figure>\n\n\n\n<div style=\"height:30px\" aria-hidden=\"true\" class=\"wp-block-spacer\"><\/div>\n\n\n<div class=\"wp-block-image\">\n<figure class=\"aligncenter size-large is-resized\"><img loading=\"lazy\" decoding=\"async\" width=\"1024\" height=\"1024\" src=\"https:\/\/www.afg.asso.fr\/app\/uploads\/2024\/12\/EPARGNE-GREGORY-euro-1024x1024.png\" alt=\"Main qui d\u00e9pose une pi\u00e8ce de monnaie (euros) dans un bocal plein de pi\u00e8ces.\" class=\"wp-image-111766\" style=\"width:190px;height:auto\" srcset=\"https:\/\/www.afg.asso.fr\/app\/uploads\/2024\/12\/EPARGNE-GREGORY-euro-1024x1024.png 1024w, https:\/\/www.afg.asso.fr\/app\/uploads\/2024\/12\/EPARGNE-GREGORY-euro-300x300.png 300w, https:\/\/www.afg.asso.fr\/app\/uploads\/2024\/12\/EPARGNE-GREGORY-euro-150x150.png 150w, https:\/\/www.afg.asso.fr\/app\/uploads\/2024\/12\/EPARGNE-GREGORY-euro-768x768.png 768w, https:\/\/www.afg.asso.fr\/app\/uploads\/2024\/12\/EPARGNE-GREGORY-euro-1536x1536.png 1536w, https:\/\/www.afg.asso.fr\/app\/uploads\/2024\/12\/EPARGNE-GREGORY-euro-459x459.png 459w, https:\/\/www.afg.asso.fr\/app\/uploads\/2024\/12\/EPARGNE-GREGORY-euro-60x60.png 60w, https:\/\/www.afg.asso.fr\/app\/uploads\/2024\/12\/EPARGNE-GREGORY-euro.png 2000w\" sizes=\"auto, (max-width: 1024px) 100vw, 1024px\" \/><\/figure>\n<\/div>\n\n\n<h3 class=\"wp-block-heading has-cyan-color has-text-color has-link-color wp-elements-2914273c7cff7e448d69dbee36a54e11\">Experts Express #2  : Epargne salariale et retraite par Gr\u00e9gory Miroux, directeur Epargne salariale et \u00e9pargne retraite<\/h3>\n\n\n\n<p>\ud83d\udcac \u00ab <strong><em>L&rsquo;\u00e9pargne salariale et retraite est investie dans le financement de l&rsquo;\u00e9conomie. Elle permet de cr\u00e9er un cercle vertueux entre les richesses produites et les sommes \u00e9pargn\u00e9es et investies pour la cr\u00e9ation des richesses de demain<\/em><\/strong>. \u00bb : Gr\u00e9gory Miroux nous explique toute l\u2019importance, tant pour les entreprises que les salari\u00e9s, de ces dispositifs dont les encours ne cessent de cro\u00eetre. <\/p>\n\n\n\n<figure class=\"wp-block-embed is-type-video is-provider-vimeo wp-block-embed-vimeo wp-embed-aspect-16-9 wp-has-aspect-ratio\"><div class=\"wp-block-embed__wrapper\">\n<iframe loading=\"lazy\" title=\"Experts Express #2 Epargne salariale et retraite - Gregory Miroux - Directeur Epargne salariale et Epargne retraite\" src=\"https:\/\/player.vimeo.com\/video\/1031873746?h=870c5f34af&amp;dnt=1&amp;app_id=122963\" width=\"500\" height=\"281\" frameborder=\"0\" allow=\"autoplay; fullscreen; picture-in-picture; clipboard-write; encrypted-media\"><\/iframe>\n<\/div><\/figure>\n\n\n\n<div style=\"height:30px\" aria-hidden=\"true\" class=\"wp-block-spacer\"><\/div>\n\n\n<div class=\"wp-block-image\">\n<figure class=\"aligncenter size-large is-resized\"><img loading=\"lazy\" decoding=\"async\" width=\"1024\" height=\"1024\" src=\"https:\/\/www.afg.asso.fr\/app\/uploads\/2024\/12\/ACTIFS-REELS-DAVID-euro-1024x1024.png\" alt=\"Dessin de b\u00e2timents et maison repr\u00e9sentant l'immobilier avec une pi\u00e8ce de monnaie au premier plan.\" class=\"wp-image-111768\" style=\"width:184px;height:auto\" srcset=\"https:\/\/www.afg.asso.fr\/app\/uploads\/2024\/12\/ACTIFS-REELS-DAVID-euro-1024x1024.png 1024w, https:\/\/www.afg.asso.fr\/app\/uploads\/2024\/12\/ACTIFS-REELS-DAVID-euro-300x300.png 300w, https:\/\/www.afg.asso.fr\/app\/uploads\/2024\/12\/ACTIFS-REELS-DAVID-euro-150x150.png 150w, https:\/\/www.afg.asso.fr\/app\/uploads\/2024\/12\/ACTIFS-REELS-DAVID-euro-768x768.png 768w, https:\/\/www.afg.asso.fr\/app\/uploads\/2024\/12\/ACTIFS-REELS-DAVID-euro-1536x1536.png 1536w, https:\/\/www.afg.asso.fr\/app\/uploads\/2024\/12\/ACTIFS-REELS-DAVID-euro-459x459.png 459w, https:\/\/www.afg.asso.fr\/app\/uploads\/2024\/12\/ACTIFS-REELS-DAVID-euro-60x60.png 60w, https:\/\/www.afg.asso.fr\/app\/uploads\/2024\/12\/ACTIFS-REELS-DAVID-euro.png 2000w\" sizes=\"auto, (max-width: 1024px) 100vw, 1024px\" \/><\/figure>\n<\/div>\n\n\n<h3 class=\"wp-block-heading has-cyan-color has-text-color has-link-color wp-elements-ef68c874e20a6737781a663283c5fca3\">Experts Express #3 : Actifs r\u00e9els par David Muresianu, directeur Actifs r\u00e9els <\/h3>\n\n\n\n<p>\ud83d\udcac \u00ab <strong><em>Nos m\u00e9tiers sont des m\u00e9tiers de conviction. Les fonds sont de plus en plus importants dans le financement de grandes infrastructures qui vont b\u00e9n\u00e9ficier \u00e0 tous.&nbsp;<\/em><\/strong>\u00bb David Muresianu nous explique pourquoi l&rsquo;investissement dans l\u2019immobilier, les infrastructures (\u00e9nergies renouvelables, eau, fibre optiques) ou les entreprises non cot\u00e9es, constituent des opportunit\u00e9s de diversification pour les investisseurs et permettent de financer le monde de demain.<\/p>\n\n\n\n<figure class=\"wp-block-embed is-type-video is-provider-vimeo wp-block-embed-vimeo wp-embed-aspect-16-9 wp-has-aspect-ratio\"><div class=\"wp-block-embed__wrapper\">\n<iframe loading=\"lazy\" title=\"Experts Express #3 Actifs r\u00e9els - David Muresianu - Directeur Actifs r\u00e9els\" src=\"https:\/\/player.vimeo.com\/video\/1031875031?h=576d6ab22c&amp;dnt=1&amp;app_id=122963\" width=\"500\" height=\"281\" frameborder=\"0\" allow=\"autoplay; fullscreen; picture-in-picture; clipboard-write; encrypted-media\"><\/iframe>\n<\/div><\/figure>\n\n\n\n<div style=\"height:30px\" aria-hidden=\"true\" class=\"wp-block-spacer\"><\/div>\n\n\n<div class=\"wp-block-image\">\n<figure class=\"aligncenter size-large is-resized\"><img loading=\"lazy\" decoding=\"async\" width=\"1024\" height=\"1024\" src=\"https:\/\/www.afg.asso.fr\/app\/uploads\/2024\/11\/IR-ANA-1024x1024.png\" alt=\"Dessin d'une main contenant une pi\u00e8ce avec une plante \u00e0 l'int\u00e9rieur de celle-ci. \" class=\"wp-image-110659\" style=\"width:144px;height:auto\" srcset=\"https:\/\/www.afg.asso.fr\/app\/uploads\/2024\/11\/IR-ANA-1024x1024.png 1024w, https:\/\/www.afg.asso.fr\/app\/uploads\/2024\/11\/IR-ANA-300x300.png 300w, https:\/\/www.afg.asso.fr\/app\/uploads\/2024\/11\/IR-ANA-150x150.png 150w, https:\/\/www.afg.asso.fr\/app\/uploads\/2024\/11\/IR-ANA-768x768.png 768w, https:\/\/www.afg.asso.fr\/app\/uploads\/2024\/11\/IR-ANA-1536x1536.png 1536w, https:\/\/www.afg.asso.fr\/app\/uploads\/2024\/11\/IR-ANA-306x306.png 306w, https:\/\/www.afg.asso.fr\/app\/uploads\/2024\/11\/IR-ANA-60x60.png 60w, https:\/\/www.afg.asso.fr\/app\/uploads\/2024\/11\/IR-ANA.png 2000w\" sizes=\"auto, (max-width: 1024px) 100vw, 1024px\" \/><\/figure>\n<\/div>\n\n\n<h3 class=\"wp-block-heading has-cyan-color has-text-color has-link-color wp-elements-33cfaca5c596748cff13763ee4c3f639\">Experts Express #4 : L&rsquo;investissement responsable par Ana Pires, directrice Investissement Responsable<\/h3>\n\n\n\n<p>\ud83d\udcac \u00ab <strong><em>On remarque un int\u00e9r\u00eat croissant sur les produits de finance durable et une prise de conscience de l&rsquo;importance des crit\u00e8res extra-financiers. Les entreprises prennent conscience que cela vaut le coup de se pencher sur la question pour investir dans la transition et accompagner le changement de notre \u00e9conomie.<\/em><\/strong> \u00bb : Ana Pires explique les diff\u00e9rents enjeux et les probl\u00e9matiques du domaine de la finance durable dans le secteur de la gestion d&rsquo;actifs \u00e0 l&rsquo;\u00e9poque actuelle.<\/p>\n\n\n\n<figure class=\"wp-block-embed is-type-video is-provider-vimeo wp-block-embed-vimeo wp-embed-aspect-16-9 wp-has-aspect-ratio\"><div class=\"wp-block-embed__wrapper\">\n<iframe loading=\"lazy\" title=\"Experts Express #4 L&#039;investissement responsable - Ana Pires - Directrice Investissement Responsable\" src=\"https:\/\/player.vimeo.com\/video\/1031890347?h=69a30ff232&amp;dnt=1&amp;app_id=122963\" width=\"500\" height=\"281\" frameborder=\"0\" allow=\"autoplay; fullscreen; picture-in-picture; clipboard-write; encrypted-media\"><\/iframe>\n<\/div><\/figure>\n\n\n\n<div style=\"height:100px\" aria-hidden=\"true\" class=\"wp-block-spacer\"><\/div>\n","protected":false},"excerpt":{"rendered":"<p>Questions aux experts de l\u2019AFG Pour mieux comprendre les enjeux des m\u00e9tiers de la gestion d&rsquo;actifs, nous avons cr\u00e9\u00e9 une&hellip;<\/p>\n","protected":false},"author":6,"featured_media":0,"parent":0,"menu_order":0,"comment_status":"closed","ping_status":"closed","template":"","meta":{"_acf_changed":false,"_gspb_post_css":"","footnotes":""},"class_list":["post-1243","page","type-page","status-publish","hentry"],"acf":[],"_links":{"self":[{"href":"https:\/\/www.afg.asso.fr\/fr\/wp-json\/wp\/v2\/pages\/1243","targetHints":{"allow":["GET"]}}],"collection":[{"href":"https:\/\/www.afg.asso.fr\/fr\/wp-json\/wp\/v2\/pages"}],"about":[{"href":"https:\/\/www.afg.asso.fr\/fr\/wp-json\/wp\/v2\/types\/page"}],"author":[{"embeddable":true,"href":"https:\/\/www.afg.asso.fr\/fr\/wp-json\/wp\/v2\/users\/6"}],"replies":[{"embeddable":true,"href":"https:\/\/www.afg.asso.fr\/fr\/wp-json\/wp\/v2\/comments?post=1243"}],"version-history":[{"count":0,"href":"https:\/\/www.afg.asso.fr\/fr\/wp-json\/wp\/v2\/pages\/1243\/revisions"}],"wp:attachment":[{"href":"https:\/\/www.afg.asso.fr\/fr\/wp-json\/wp\/v2\/media?parent=1243"}],"curies":[{"name":"wp","href":"https:\/\/api.w.org\/{rel}","templated":true}]}}