{"id":1203,"date":"2024-08-12T16:12:03","date_gmt":"2024-08-12T14:12:03","guid":{"rendered":"https:\/\/www.afg.asso.fr\/?page_id=1203"},"modified":"2025-10-03T10:29:44","modified_gmt":"2025-10-03T08:29:44","slug":"un-cercle-vertueux","status":"publish","type":"page","link":"https:\/\/www.afg.asso.fr\/fr\/un-cercle-vertueux\/","title":{"rendered":"Un cercle vertueux"},"content":{"rendered":"\n<div style=\"height:20px\" aria-hidden=\"true\" class=\"wp-block-spacer\"><\/div>\n\n\n\n<h2 class=\"wp-block-heading has-text-align-center\" id=\"la-gestion-d-actifs-cree-un-pont-entre-les-epargnants-et-l-economie-reelle-au-profit-de-la-rentabilite-de-l-ensemble\">La gestion d\u2019actifs cr\u00e9e un cercle vertueux  entre les \u00e9pargnants et l\u2019\u00e9conomie<\/h2>\n\n\n\n<p><\/p>\n\n\n<div class=\"wp-block-image\">\n<figure class=\"aligncenter size-large is-resized\"><img loading=\"lazy\" decoding=\"async\" width=\"1024\" height=\"800\" src=\"https:\/\/www.afg.asso.fr\/app\/uploads\/2025\/10\/Cercle-Vertueux_20251003-1024x800.png\" alt=\"Cercle vertueux gestion actifs\" class=\"wp-image-121212\" style=\"aspect-ratio:1.3333333333333333;object-fit:cover;width:912px;height:auto\" srcset=\"https:\/\/www.afg.asso.fr\/app\/uploads\/2025\/10\/Cercle-Vertueux_20251003-1024x800.png 1024w, https:\/\/www.afg.asso.fr\/app\/uploads\/2025\/10\/Cercle-Vertueux_20251003-300x234.png 300w, https:\/\/www.afg.asso.fr\/app\/uploads\/2025\/10\/Cercle-Vertueux_20251003-768x600.png 768w, https:\/\/www.afg.asso.fr\/app\/uploads\/2025\/10\/Cercle-Vertueux_20251003-1536x1199.png 1536w, https:\/\/www.afg.asso.fr\/app\/uploads\/2025\/10\/Cercle-Vertueux_20251003-60x47.png 60w, https:\/\/www.afg.asso.fr\/app\/uploads\/2025\/10\/Cercle-Vertueux_20251003.png 1624w\" sizes=\"auto, (max-width: 1024px) 100vw, 1024px\" \/><\/figure>\n<\/div>\n\n\n<div style=\"height:50px\" aria-hidden=\"true\" class=\"wp-block-spacer\"><\/div>\n\n\n\n<div class=\"wp-block-columns alignfull is-layout-flex wp-container-core-columns-is-layout-28f84493 wp-block-columns-is-layout-flex\">\n<div class=\"wp-block-column has-white-color has-cyan-background-color has-text-color has-background has-link-color wp-elements-586751799ea02e279f6e773befd6f39f is-layout-flow wp-container-core-column-is-layout-fd134cff wp-block-column-is-layout-flow\" style=\"border-width:10px;padding-right:0;padding-left:0\">\n<p><\/p>\n\n\n\n<h2 class=\"wp-block-heading has-text-align-center\" id=\"origine-l-epargne\"><strong>Origine&nbsp;:<\/strong><br><strong>l<\/strong>&lsquo;\u00e9pargne <\/h2>\n\n\n\n<div style=\"height:51px\" aria-hidden=\"true\" class=\"wp-block-spacer\"><\/div>\n\n\n\n<p class=\"has-text-align-center\">Les \u00e9pargnants cherchent \u00e0 financer leurs projets de vie (immobilier, retraite, sant\u00e9, \u00e9tudes). <\/p>\n<\/div>\n\n\n\n<div class=\"wp-block-column has-blue-color has-border-background-color has-text-color has-background has-link-color wp-elements-d1230562f88e3828cc13abaabafea1b6 is-layout-flow wp-block-column-is-layout-flow\">\n<p><\/p>\n\n\n\n<h2 class=\"wp-block-heading has-text-align-center\" id=\"le-pivot-les-gestionnaires-d-actifs\"><strong>Le pivot&nbsp;: <\/strong><br><strong>les gestionnaires d\u2019actifs<\/strong><\/h2>\n\n\n\n<p class=\"has-text-align-center\">\u2022 Ils font matcher \u00e9pargne et investissement<\/p>\n\n\n\n<p class=\"has-text-align-center\">\u2022 Ils valorisent le patrimoine des \u00e9pargnants tout au long de leur vie<\/p>\n\n\n\n<p class=\"has-text-align-center\">\u2022 Ils soutiennent la croissance des entreprises et les grands projets des \u00c9tats<\/p>\n<\/div>\n\n\n\n<div class=\"wp-block-column has-white-color has-cyan-background-color has-text-color has-background has-link-color wp-elements-2eb6357899f7e0bbc5bde9602f3822d3 is-layout-flow wp-block-column-is-layout-flow\" style=\"border-width:10px\">\n<p class=\"has-text-align-center\"><\/p>\n\n\n\n<h2 class=\"wp-block-heading has-text-align-center\" id=\"destination-l-economie\"><strong>Destination&nbsp;: <\/strong><br><strong>l\u2019\u00e9conomie <\/strong><\/h2>\n\n\n\n<p class=\"has-text-align-center\">\u2022 Entreprises dont PME cot\u00e9es et non cot\u00e9es<\/p>\n\n\n\n<p class=\"has-text-align-center\">\u2022 Transitions technologique et \u00e9nerg\u00e9tique<\/p>\n\n\n\n<p class=\"has-text-align-center\">. Comp\u00e9titivit\u00e9 et innovations<\/p>\n\n\n\n<p class=\"has-text-align-center\"><\/p>\n<\/div>\n<\/div>\n\n\n\n<div style=\"height:20px\" aria-hidden=\"true\" class=\"wp-block-spacer\"><\/div>\n\n\n\n<h2 class=\"wp-block-heading alignwide\" id=\"les-vraies-et-fausses-idees-sur-la-gestion-d-actifs\">Les vraies et fausses id\u00e9es sur la gestion d&rsquo;actifs <\/h2>\n\n\n\n<p><\/p>\n\n\n\n<details class=\"wp-block-details alignwide is-layout-flow wp-block-details-is-layout-flow\"><summary>Une soci\u00e9t\u00e9 de gestion d&rsquo;actifs n&rsquo;est pas une banque ?<\/summary>\n<p class=\"has-green-color has-text-color has-link-color wp-elements-de766bab9453b9db6ad4bac6dc81c1cd\"><strong>VRAI<\/strong><\/p>\n\n\n\n<p>Une soci\u00e9t\u00e9 de gestion d&rsquo;actifs n&rsquo;est pas une banque. Son r\u00f4le est de g\u00e9rer et d&rsquo;investir les fonds issus de l&rsquo;\u00e9pargne, mais elle ne les d\u00e9tient pas. Contrairement aux banques, elle ne collecte ni ne conserve les d\u00e9p\u00f4ts des \u00e9pargnants.<\/p>\n\n\n\n<p><\/p>\n<\/details>\n\n\n\n<details class=\"wp-block-details alignwide is-layout-flow wp-block-details-is-layout-flow\"><summary>L&rsquo;\u00e9pargnant ne ma\u00eetrise pas le risque de ses placements ?<\/summary>\n<p class=\"has-orange-color has-text-color has-link-color wp-elements-5d630544411be3aedaa9893b44c46c2f\"><strong>FAUX<\/strong><\/p>\n\n\n\n<p>L&rsquo;\u00e9pargnant garde la ma\u00eetrise du niveau de risque qu&rsquo;il souhaite prendre. En d\u00e9finissant son profil d&rsquo;investisseur (prudent, \u00e9quilibr\u00e9, dynamique\u2026), il peut choisir les placements adapt\u00e9s \u00e0 sa tol\u00e9rance au risque et \u00e0 ses objectifs de rendement.<\/p>\n\n\n\n<p><\/p>\n<\/details>\n\n\n\n<details class=\"wp-block-details alignwide is-layout-flow wp-block-details-is-layout-flow\"><summary><strong>Des compagnies d&rsquo;assurance lui confient leurs investissements ? <\/strong><\/summary>\n<p class=\"has-green-color has-text-color has-link-color wp-elements-de766bab9453b9db6ad4bac6dc81c1cd\"><strong>VRAI<\/strong><\/p>\n\n\n\n<p>Une partie des fonds g\u00e9r\u00e9s par les soci\u00e9t\u00e9s de gestion d&rsquo;actifs provient d&rsquo;investissements confi\u00e9s par des compagnies d&rsquo;assurance, notamment via l&rsquo;assurance-vie. Elles s&rsquo;appuient sur l&rsquo;expertise des gestionnaires d&rsquo;actifs et b\u00e9n\u00e9ficient d&rsquo;un cadre r\u00e9glementaire solide.<\/p>\n\n\n\n<p><\/p>\n<\/details>\n\n\n\n<details class=\"wp-block-details alignwide is-layout-flow wp-block-details-is-layout-flow\"><summary><strong>70&nbsp;% des fonds&nbsp;g\u00e9r\u00e9s en France sont plac\u00e9s en Europe, notamment en France ?<\/strong><\/summary>\n<p class=\"is-style-default has-green-color has-text-color has-link-color wp-elements-689b8bd452f75857fe76111f08b91832\"><strong>VRAI<\/strong><\/p>\n\n\n\n<p>Environ 70 % des fonds g\u00e9r\u00e9s en France sont investis en Europe, notamment en France. Ces placements financent notamment des entreprises, des infrastructures (comme des fermes solaires ou des lignes \u00e0 grande vitesse), des immeubles, ainsi que des dettes publiques, contribuant \u00e0 des projets structurants tels que le financement des retraites.<\/p>\n\n\n\n<p><\/p>\n<\/details>\n\n\n\n<details class=\"wp-block-details alignwide is-layout-flow wp-block-details-is-layout-flow\"><summary><strong>La gestion d&rsquo;actifs fran\u00e7aise n&rsquo;est pas encadr\u00e9e ?  <\/strong><\/summary>\n<p class=\"is-style-default has-orange-color has-text-color has-link-color wp-elements-eca17aa9f66bcedc0a7bc60d7baee3ab\"><strong>FAUX<\/strong><\/p>\n\n\n\n<p>La gestion d&rsquo;actifs en France est soumise \u00e0 une r\u00e9gulation stricte. Elle op\u00e8re sous la surveillance de la r\u00e9glementation europ\u00e9enne, de la loi fran\u00e7aise et de l\u2019Autorit\u00e9 des march\u00e9s financiers (AMF). Ces r\u00e8gles visent \u00e0 prot\u00e9ger les investisseurs et \u00e0 assurer la stabilit\u00e9 et la transparence des march\u00e9s financiers.<\/p>\n\n\n\n<p><\/p>\n<\/details>\n\n\n\n<details class=\"wp-block-details alignwide is-layout-flow wp-block-details-is-layout-flow\"><summary><strong>La gestion d\u2019actifs fran\u00e7aise&nbsp;est n\u00b01 dans l&rsquo;UE ?<\/strong><\/summary>\n<p class=\"has-green-color has-text-color has-link-color wp-elements-de766bab9453b9db6ad4bac6dc81c1cd\"><strong>VRAI<\/strong><\/p>\n\n\n\n<p>Avec environ 5&nbsp;000 milliards \u20ac d\u2019actifs sous gestion, la France est le premier acteur du march\u00e9 europ\u00e9en de la gestion d&rsquo;actifs, repr\u00e9sentant 31 % du total de l&rsquo;Union europ\u00e9enne. Ce leadership repose sur une excellence reconnue et une forte comp\u00e9titivit\u00e9 \u00e0 l\u2019\u00e9chelle internationale.<\/p>\n\n\n\n<p><\/p>\n<\/details>\n\n\n\n<div style=\"height:50px\" aria-hidden=\"true\" class=\"wp-block-spacer\"><\/div>\n","protected":false},"excerpt":{"rendered":"<p>La gestion d\u2019actifs cr\u00e9e un cercle vertueux entre les \u00e9pargnants et l\u2019\u00e9conomie Origine&nbsp;:l&lsquo;\u00e9pargne Les \u00e9pargnants cherchent \u00e0 financer leurs projets&hellip;<\/p>\n","protected":false},"author":6,"featured_media":0,"parent":0,"menu_order":0,"comment_status":"closed","ping_status":"closed","template":"","meta":{"_acf_changed":false,"_gspb_post_css":".gspb_container-id-gsbp-2cbb8a1,.gspb_container-id-gsbp-3582a43,.gspb_container-id-gsbp-be774ae,.gspb_container-id-gsbp-e601e99{flex-direction:column;box-sizing:border-box}#gspb_container-id-gsbp-2cbb8a1.gspb_container>p:last-of-type,#gspb_container-id-gsbp-3582a43.gspb_container>p:last-of-type,#gspb_container-id-gsbp-be774ae.gspb_container>p:last-of-type,#gspb_container-id-gsbp-e601e99.gspb_container>p:last-of-type{margin-bottom:0}#gspb_container-id-gsbp-2cbb8a1.gspb_container{position:relative;display:grid;grid-template-columns:repeat(3,minmax(0,1fr));align-items:center;margin-top:0;transition-duration:.65s;transition-timing-function:var(--gs-root-animation-easing, cubic-bezier(0.42, 0, 0.58, 1));transition-property:clip-path,transform;clip-path:var(--gs-root-animation-clip-path, inset(0 0 100% 0));transform:var(--gs-root-animation-transform, translate3d(0, -30px, 0))}#gspb_container-id-gsbp-2cbb8a1.gspb_container.aos-animate,#gspb_container-id-gsbp-2cbb8a1.gspb_container[data-gs-aos],#gspb_container-id-gsbp-3582a43.gspb_container.aos-animate,#gspb_container-id-gsbp-3582a43.gspb_container[data-gs-aos],#gspb_container-id-gsbp-be774ae.gspb_container.aos-animate,#gspb_container-id-gsbp-be774ae.gspb_container[data-gs-aos],#gspb_container-id-gsbp-e601e99.gspb_container.aos-animate,#gspb_container-id-gsbp-e601e99.gspb_container[data-gs-aos]{transform:translate3d(0,0,0);clip-path:inset(0 0 0 0)}#gspb_container-id-gsbp-3582a43.gspb_container{background-color:var(--wp--preset--color--cyan, var(--bs-cyan))}#gspb_container-id-gsbp-3582a43.gspb_container,#gspb_container-id-gsbp-be774ae.gspb_container,#gspb_container-id-gsbp-e601e99.gspb_container{position:relative;transition-duration:.8s;transition-timing-function:var(--gs-root-animation-easing, cubic-bezier(0.42, 0, 0.58, 1));transition-property:clip-path,transform;clip-path:var(--gs-root-animation-clip-path, inset(100% 0 0 0));transform:var(--gs-root-animation-transform, translate3d(0, 30px, 0))}#gspb_container-id-gsbp-be774ae.gspb_container{margin-bottom:0;background-color:var(--wp--preset--color--border, var(--bs-border-c))}#gspb_container-id-gsbp-e601e99.gspb_container{overflow:hidden;background-color:var(--wp--preset--color--cyan, var(--bs-cyan))}","footnotes":""},"class_list":["post-1203","page","type-page","status-publish","hentry"],"acf":[],"_links":{"self":[{"href":"https:\/\/www.afg.asso.fr\/fr\/wp-json\/wp\/v2\/pages\/1203","targetHints":{"allow":["GET"]}}],"collection":[{"href":"https:\/\/www.afg.asso.fr\/fr\/wp-json\/wp\/v2\/pages"}],"about":[{"href":"https:\/\/www.afg.asso.fr\/fr\/wp-json\/wp\/v2\/types\/page"}],"author":[{"embeddable":true,"href":"https:\/\/www.afg.asso.fr\/fr\/wp-json\/wp\/v2\/users\/6"}],"replies":[{"embeddable":true,"href":"https:\/\/www.afg.asso.fr\/fr\/wp-json\/wp\/v2\/comments?post=1203"}],"version-history":[{"count":0,"href":"https:\/\/www.afg.asso.fr\/fr\/wp-json\/wp\/v2\/pages\/1203\/revisions"}],"wp:attachment":[{"href":"https:\/\/www.afg.asso.fr\/fr\/wp-json\/wp\/v2\/media?parent=1203"}],"curies":[{"name":"wp","href":"https:\/\/api.w.org\/{rel}","templated":true}]}}