{"id":1182,"date":"2024-08-12T15:29:09","date_gmt":"2024-08-12T13:29:09","guid":{"rendered":"https:\/\/www.afg.asso.fr\/?page_id=1182"},"modified":"2025-08-27T09:56:22","modified_gmt":"2025-08-27T07:56:22","slug":"nos-actions","status":"publish","type":"page","link":"https:\/\/www.afg.asso.fr\/fr\/nos-actions\/","title":{"rendered":"Nos actions"},"content":{"rendered":"\n<p><\/p>\n\n\n\n<div class=\"wp-block-columns alignwide are-vertically-aligned-center is-layout-flex wp-container-core-columns-is-layout-81ea7714 wp-block-columns-is-layout-flex\" style=\"padding-right:var(--wp--preset--spacing--70);padding-left:var(--wp--preset--spacing--70)\">\n<div class=\"wp-block-column is-vertically-aligned-center is-layout-flow wp-block-column-is-layout-flow\" style=\"padding-right:5vw;padding-left:5vw;flex-basis:50%\">\n<h2 class=\"wp-block-heading alignwide\">Partager<\/h2>\n\n\n\n<p>L\u2019AFG anime la r\u00e9flexion sur des sujets cl\u00e9s tels que l\u2019\u00e9volution technologique et l\u2019orientation de l\u2019\u00e9pargne. Elle joue un r\u00f4le de facilitateur en favorisant le dialogue et les synergies entre les diff\u00e9rents acteurs du secteur.<\/p>\n\n\n\n<div class=\"wp-block-buttons is-layout-flex wp-block-buttons-is-layout-flex\">\n<div class=\"wp-block-button\"><a class=\"wp-block-button__link wp-element-button\" href=\"https:\/\/www.afg.asso.fr\/fr\/evenements\/\">Voir les prochaines rencontres<\/a><\/div>\n<\/div>\n<\/div>\n\n\n\n<div class=\"wp-block-column is-vertically-aligned-center is-layout-flow wp-block-column-is-layout-flow\" style=\"flex-basis:50%\"><div class=\"wp-block-image is-style-default\">\n<figure class=\"aligncenter size-full is-resized has-custom-border\"><img loading=\"lazy\" decoding=\"async\" width=\"2560\" height=\"1707\" src=\"https:\/\/www.afg.asso.fr\/app\/uploads\/2024\/12\/nos-actions-partager-scaled.jpg\" alt=\"\" class=\"wp-image-110936\" style=\"border-radius:30px;width:485px\" srcset=\"https:\/\/www.afg.asso.fr\/app\/uploads\/2024\/12\/nos-actions-partager-scaled.jpg 2560w, https:\/\/www.afg.asso.fr\/app\/uploads\/2024\/12\/nos-actions-partager-300x200.jpg 300w, https:\/\/www.afg.asso.fr\/app\/uploads\/2024\/12\/nos-actions-partager-1024x683.jpg 1024w, https:\/\/www.afg.asso.fr\/app\/uploads\/2024\/12\/nos-actions-partager-768x512.jpg 768w, https:\/\/www.afg.asso.fr\/app\/uploads\/2024\/12\/nos-actions-partager-1536x1024.jpg 1536w, https:\/\/www.afg.asso.fr\/app\/uploads\/2024\/12\/nos-actions-partager-2048x1365.jpg 2048w, https:\/\/www.afg.asso.fr\/app\/uploads\/2024\/12\/nos-actions-partager-60x40.jpg 60w\" sizes=\"auto, (max-width: 2560px) 100vw, 2560px\" \/><\/figure>\n<\/div><\/div>\n<\/div>\n\n\n\n<div style=\"height:50px\" aria-hidden=\"true\" class=\"wp-block-spacer\"><\/div>\n\n\n\n<div class=\"wp-block-columns alignwide are-vertically-aligned-center is-layout-flex wp-container-core-columns-is-layout-36aa01f9 wp-block-columns-is-layout-flex\" style=\"border-style:none;border-width:0px;border-radius:0px;margin-top:0;margin-bottom:0;padding-top:0;padding-right:var(--wp--preset--spacing--70);padding-bottom:0;padding-left:var(--wp--preset--spacing--70)\">\n<div class=\"wp-block-column is-vertically-aligned-center is-layout-flow wp-block-column-is-layout-flow\" style=\"flex-basis:50%\"><div class=\"wp-block-image is-style-default\">\n<figure class=\"aligncenter size-full is-resized has-custom-border\"><img loading=\"lazy\" decoding=\"async\" width=\"2560\" height=\"1707\" src=\"https:\/\/www.afg.asso.fr\/app\/uploads\/2024\/12\/nos-actions-informer-scaled.jpg\" alt=\"\" class=\"wp-image-110939\" style=\"border-radius:30px;width:485px\" srcset=\"https:\/\/www.afg.asso.fr\/app\/uploads\/2024\/12\/nos-actions-informer-scaled.jpg 2560w, https:\/\/www.afg.asso.fr\/app\/uploads\/2024\/12\/nos-actions-informer-300x200.jpg 300w, https:\/\/www.afg.asso.fr\/app\/uploads\/2024\/12\/nos-actions-informer-1024x683.jpg 1024w, https:\/\/www.afg.asso.fr\/app\/uploads\/2024\/12\/nos-actions-informer-768x512.jpg 768w, https:\/\/www.afg.asso.fr\/app\/uploads\/2024\/12\/nos-actions-informer-1536x1024.jpg 1536w, https:\/\/www.afg.asso.fr\/app\/uploads\/2024\/12\/nos-actions-informer-2048x1365.jpg 2048w, https:\/\/www.afg.asso.fr\/app\/uploads\/2024\/12\/nos-actions-informer-60x40.jpg 60w\" sizes=\"auto, (max-width: 2560px) 100vw, 2560px\" \/><\/figure>\n<\/div><\/div>\n\n\n\n<div class=\"wp-block-column is-vertically-aligned-center is-layout-flow wp-block-column-is-layout-flow\" style=\"padding-right:5vw;padding-left:5vw;flex-basis:50%\">\n<h2 class=\"wp-block-heading alignfull\">Informer<\/h2>\n\n\n\n<p style=\"margin-right:0;margin-left:0\">Lettres, flash Info, alertes ou posts, l\u2019AFG \u201cDigitale\u201d informe en continu les membres des actualit\u00e9s impactant leur m\u00e9tier. Pour aller plus loin, les publications de l&rsquo;AFG leur fournissent des contenus utiles, depuis les \u00e9tudes \u00e9conomiques jusqu&rsquo;aux livres blancs.<\/p>\n\n\n\n<div class=\"wp-block-buttons is-layout-flex wp-block-buttons-is-layout-flex\">\n<div class=\"wp-block-button\"><a class=\"wp-block-button__link wp-element-button\" href=\"https:\/\/www.afg.asso.fr\/fr\/se-documenter\/\">Se documenter<\/a><\/div>\n<\/div>\n<\/div>\n<\/div>\n\n\n\n<div style=\"height:50px\" aria-hidden=\"true\" class=\"wp-block-spacer\"><\/div>\n\n\n\n<div class=\"wp-block-columns alignwide is-layout-flex wp-container-core-columns-is-layout-81ea7714 wp-block-columns-is-layout-flex\" style=\"padding-right:var(--wp--preset--spacing--70);padding-left:var(--wp--preset--spacing--70)\">\n<div class=\"wp-block-column is-vertically-aligned-center is-layout-flow wp-block-column-is-layout-flow\" style=\"padding-right:5vw;padding-left:5vw;flex-basis:50%\">\n<h2 class=\"wp-block-heading\">Assister<\/h2>\n\n\n\n<p>Les \u00e9quipes de l&rsquo;AFG apportent un accompagnement complet aux membres dans plusieurs domaines cl\u00e9s : les \u00e9tudes \u00e9conomiques, les affaires europ\u00e9ennes et internationales, les questions juridiques, la gestion et le management des risques, la distribution et les relations clients, ainsi que les fonctions transverses.<\/p>\n\n\n\n<div class=\"wp-block-buttons is-layout-flex wp-block-buttons-is-layout-flex\">\n<div class=\"wp-block-button\"><a class=\"wp-block-button__link wp-element-button\" href=\"https:\/\/www.afg.asso.fr\/fr\/web-serie-tous-experts\/\">D\u00e9couvrir les paroles d&rsquo;experts<\/a><\/div>\n<\/div>\n<\/div>\n\n\n\n<div class=\"wp-block-column is-layout-flow wp-block-column-is-layout-flow\" style=\"flex-basis:50%\"><div class=\"wp-block-image is-style-default\">\n<figure class=\"aligncenter size-full is-resized has-custom-border\"><img loading=\"lazy\" decoding=\"async\" width=\"2560\" height=\"1707\" src=\"https:\/\/www.afg.asso.fr\/app\/uploads\/2025\/07\/1-scaled.jpg\" alt=\"Quatre personnes en r\u00e9union informelle dans un espace de travail lumineux. Elles sont assises autour d\u2019une table basse avec des documents, des carnets, des tasses et un t\u00e9l\u00e9phone portable. Un homme au centre parle en gesticulant, pendant que les autres l\u2019\u00e9coutent attentivement.\" class=\"wp-image-118577\" style=\"border-radius:30px;width:485px\" srcset=\"https:\/\/www.afg.asso.fr\/app\/uploads\/2025\/07\/1-scaled.jpg 2560w, https:\/\/www.afg.asso.fr\/app\/uploads\/2025\/07\/1-300x200.jpg 300w, https:\/\/www.afg.asso.fr\/app\/uploads\/2025\/07\/1-1024x683.jpg 1024w, https:\/\/www.afg.asso.fr\/app\/uploads\/2025\/07\/1-768x512.jpg 768w, https:\/\/www.afg.asso.fr\/app\/uploads\/2025\/07\/1-1536x1024.jpg 1536w, https:\/\/www.afg.asso.fr\/app\/uploads\/2025\/07\/1-2048x1365.jpg 2048w, https:\/\/www.afg.asso.fr\/app\/uploads\/2025\/07\/1-60x40.jpg 60w\" sizes=\"auto, (max-width: 2560px) 100vw, 2560px\" \/><\/figure>\n<\/div><\/div>\n<\/div>\n\n\n\n<div style=\"height:50px\" aria-hidden=\"true\" class=\"wp-block-spacer\"><\/div>\n\n\n\n<div class=\"wp-block-columns alignwide are-vertically-aligned-center is-layout-flex wp-container-core-columns-is-layout-81ea7714 wp-block-columns-is-layout-flex\" style=\"padding-right:var(--wp--preset--spacing--70);padding-left:var(--wp--preset--spacing--70)\">\n<div class=\"wp-block-column is-vertically-aligned-center is-layout-flow wp-block-column-is-layout-flow\" style=\"flex-basis:50%\"><div class=\"wp-block-image is-style-rounded\">\n<figure class=\"aligncenter size-full is-resized has-custom-border\"><img loading=\"lazy\" decoding=\"async\" width=\"521\" height=\"758\" src=\"https:\/\/www.afg.asso.fr\/app\/uploads\/2024\/02\/europe-2030-cover-fr.jpg\" alt=\"\" class=\"wp-image-120465\" style=\"border-radius:0px;width:207px;height:auto\" srcset=\"https:\/\/www.afg.asso.fr\/app\/uploads\/2024\/02\/europe-2030-cover-fr.jpg 521w, https:\/\/www.afg.asso.fr\/app\/uploads\/2024\/02\/europe-2030-cover-fr-206x300.jpg 206w, https:\/\/www.afg.asso.fr\/app\/uploads\/2024\/02\/europe-2030-cover-fr-41x60.jpg 41w\" sizes=\"auto, (max-width: 521px) 100vw, 521px\" \/><\/figure>\n<\/div><\/div>\n\n\n\n<div class=\"wp-block-column is-vertically-aligned-center is-layout-flow wp-block-column-is-layout-flow\" style=\"padding-right:5vw;padding-left:5vw;flex-basis:50%\">\n<h2 class=\"wp-block-heading\">Convaincre<\/h2>\n\n\n\n<p>En France et \u00e0 Bruxelles, l\u2019AFG promeut les int\u00e9r\u00eats de la gestion d\u2019actifs fran\u00e7aise en \u00e9clairant les instances europ\u00e9ennes et les r\u00e9gulateurs des march\u00e9s sur les enjeux de cette industrie et les impacts des \u00e9volutions r\u00e9glementaires.<\/p>\n\n\n\n<div class=\"wp-block-buttons is-layout-flex wp-block-buttons-is-layout-flex\">\n<div class=\"wp-block-button\"><a class=\"wp-block-button__link wp-element-button\" href=\"https:\/\/www.afg.asso.fr\/fr\/publication\/europe-2030-working-together-to-make-the-vital-transitions-a-success-manifeste-afg-janvier-2024\/\">Lire le Manifeste diffus\u00e9 lors de la conf\u00e9rence organis\u00e9e \u00e0 Bruxelles en f\u00e9vrier 2024<\/a><\/div>\n<\/div>\n<\/div>\n<\/div>\n\n\n\n<div style=\"height:50px\" aria-hidden=\"true\" class=\"wp-block-spacer\"><\/div>\n\n\n\n<div class=\"wp-block-columns alignwide are-vertically-aligned-center is-layout-flex wp-container-core-columns-is-layout-81ea7714 wp-block-columns-is-layout-flex\" style=\"padding-right:var(--wp--preset--spacing--70);padding-left:var(--wp--preset--spacing--70)\">\n<div class=\"wp-block-column is-vertically-aligned-center is-layout-flow wp-block-column-is-layout-flow\" style=\"padding-right:5vw;padding-left:5vw;flex-basis:50%\">\n<h2 class=\"wp-block-heading\">Former<\/h2>\n\n\n\n<p>E-trainings, s\u00e9minaires et cursus qualifiants : l\u2019AFG forme les acteurs de la gestion d\u2019actifs d\u2019aujourd\u2019hui et de demain.<\/p>\n\n\n\n<div class=\"wp-block-buttons is-layout-flex wp-block-buttons-is-layout-flex\">\n<div class=\"wp-block-button\"><a class=\"wp-block-button__link wp-element-button\" href=\"https:\/\/www.afg.asso.fr\/fr\/evenements\/\">\u00ab\u00a0Nos \u00e9v\u00e9nements\u00a0\u00bb<\/a><\/div>\n\n\n\n<div class=\"wp-block-button\"><a class=\"wp-block-button__link wp-element-button\" href=\"https:\/\/www.afgformation.fr\/\"> afgformation.fr<\/a><\/div>\n<\/div>\n<\/div>\n\n\n\n<div class=\"wp-block-column is-vertically-aligned-center is-layout-flow wp-block-column-is-layout-flow\" style=\"flex-basis:50%\"><div class=\"wp-block-image is-style-default\">\n<figure class=\"aligncenter size-full is-resized has-custom-border\"><img decoding=\"async\" src=\"https:\/\/www.afg.asso.fr\/app\/uploads\/2024\/09\/nos-actions-former-scaled.jpg\" alt=\"\" class=\"wp-image-9580\" style=\"border-radius:30px;width:485px\"\/><\/figure>\n<\/div><\/div>\n<\/div>\n\n\n\n<div style=\"height:50px\" aria-hidden=\"true\" class=\"wp-block-spacer\"><\/div>\n\n\n\n<p><\/p>\n","protected":false},"excerpt":{"rendered":"<p>Partager L\u2019AFG anime la r\u00e9flexion sur des sujets cl\u00e9s tels que l\u2019\u00e9volution technologique et l\u2019orientation de l\u2019\u00e9pargne. Elle joue un&hellip;<\/p>\n","protected":false},"author":10,"featured_media":0,"parent":0,"menu_order":0,"comment_status":"closed","ping_status":"closed","template":"","meta":{"_acf_changed":false,"_gspb_post_css":"","footnotes":""},"class_list":["post-1182","page","type-page","status-publish","hentry"],"acf":[],"_links":{"self":[{"href":"https:\/\/www.afg.asso.fr\/fr\/wp-json\/wp\/v2\/pages\/1182","targetHints":{"allow":["GET"]}}],"collection":[{"href":"https:\/\/www.afg.asso.fr\/fr\/wp-json\/wp\/v2\/pages"}],"about":[{"href":"https:\/\/www.afg.asso.fr\/fr\/wp-json\/wp\/v2\/types\/page"}],"author":[{"embeddable":true,"href":"https:\/\/www.afg.asso.fr\/fr\/wp-json\/wp\/v2\/users\/10"}],"replies":[{"embeddable":true,"href":"https:\/\/www.afg.asso.fr\/fr\/wp-json\/wp\/v2\/comments?post=1182"}],"version-history":[{"count":0,"href":"https:\/\/www.afg.asso.fr\/fr\/wp-json\/wp\/v2\/pages\/1182\/revisions"}],"wp:attachment":[{"href":"https:\/\/www.afg.asso.fr\/fr\/wp-json\/wp\/v2\/media?parent=1182"}],"curies":[{"name":"wp","href":"https:\/\/api.w.org\/{rel}","templated":true}]}}