{"id":1115,"date":"2024-08-09T15:23:44","date_gmt":"2024-08-09T13:23:44","guid":{"rendered":"https:\/\/www.afg.asso.fr\/?page_id=1115"},"modified":"2026-04-16T09:58:02","modified_gmt":"2026-04-16T07:58:02","slug":"nos-membres","status":"publish","type":"page","link":"https:\/\/www.afg.asso.fr\/fr\/nos-membres\/","title":{"rendered":"Nos membres"},"content":{"rendered":"\n<div style=\"height:50px\" aria-hidden=\"true\" class=\"wp-block-spacer\"><\/div>\n\n\n\n<div class=\"wp-block-group\"><div class=\"wp-block-group__inner-container is-layout-constrained wp-block-group-is-layout-constrained\">\n<h2 class=\"wp-block-heading has-blue-color has-text-color has-link-color wp-elements-e9be25613f64b3c5aacc0df26a91f05b\" id=\"combien-sont-ils\"><strong>Combien sont-ils&nbsp;?<\/strong><\/h2>\n\n\n\n<div style=\"height:20px\" aria-hidden=\"true\" class=\"wp-block-spacer\"><\/div>\n\n\n\n<p>L&rsquo;AFG regroupe <strong>plus de 400 membres, <\/strong>dont environ<strong>330 soci\u00e9t\u00e9s de gestion<\/strong>, qui g\u00e8rent <strong>90% <\/strong>des <strong>5 400 milliards<\/strong> \u20ac\u00a0d&rsquo;encours sous gestion en France.<\/p>\n<\/div><\/div>\n\n\n\n<h2 class=\"wp-block-heading has-blue-color has-text-color has-link-color wp-elements-910742b964c55d8132eed95d3d4c3c6a\" id=\"de-la-tpe-aux-leaders-mondiaux\" style=\"font-style:normal;font-weight:900\"><strong>De<\/strong> la TPE aux leaders mondiaux<\/h2>\n\n\n\n<div style=\"height:50px\" aria-hidden=\"true\" class=\"wp-block-spacer\"><\/div>\n\n\n\n<div class=\"wp-block-columns is-layout-flex wp-container-core-columns-is-layout-28f84493 wp-block-columns-is-layout-flex\">\n<div class=\"wp-block-column is-layout-flow wp-block-column-is-layout-flow\">\n<figure class=\"wp-block-image alignfull size-full\"><img loading=\"lazy\" decoding=\"async\" width=\"12000\" height=\"5861\" src=\"https:\/\/www.afg.asso.fr\/app\/uploads\/2024\/11\/nos-membres-sans-titre.jpg\" alt=\"Infographie pr\u00e9sentant la r\u00e9partition des acteurs et des encours dans la gestion d\u2019actifs en France, selon la taille des encours. Les donn\u00e9es sont divis\u00e9es en cinq cat\u00e9gories :\n\n1. Plus de 100 milliards d'euros : 1 % des acteurs, repr\u00e9sentant 54 % des encours.\n\n2. Entre 100 et 5 milliards d'euros : 12 % des acteurs, repr\u00e9sentant 39 % des encours.\n\n3. Entre 5 milliards et 1 milliard d'euros : 18 % des acteurs, repr\u00e9sentant 5 % des encours.\n\n4. Entre 1 milliard et 500 millions d'euros : 14 % des acteurs, repr\u00e9sentant 1 % des encours.\n\n5. Moins de 500 millions d'euros : 55 % des acteurs, repr\u00e9sentant 1 % des encours.\n\nLes cat\u00e9gories sont illustr\u00e9es par des diagrammes en forme de losanges, chaque cat\u00e9gorie ayant une couleur diff\u00e9rente et un graphique circulaire repr\u00e9sentant la part des encours.\" class=\"wp-image-110618\" \/><\/figure>\n<\/div>\n<\/div>\n\n\n\n<p class=\"has-text-align-center is-style-default\"><em>Paysage des acteurs de la gestion d&rsquo;actifs par tranche d&rsquo;encours<\/em><\/p>\n\n\n\n<div style=\"height:20px\" aria-hidden=\"true\" class=\"wp-block-spacer\"><\/div>\n\n\n\n<p class=\"is-style-default\"><strong>Nous rassemblons des filiales de groupes bancaires ou d\u2019assurance, <\/strong>4 figurent dans le top 25 mondial, et de nombreuses \u00ab\u00a0petites boutiques\u00a0\u00bb, des soci\u00e9t\u00e9s cr\u00e9\u00e9es par des entrepreneurs, une particularit\u00e9 bien fran\u00e7aise et reconnue des investisseurs dans le monde entier.<\/p>\n\n\n\n<p><strong>Nous rassemblons des g\u00e9n\u00e9ralistes et des sp\u00e9cialistes <\/strong>: experts de la gestion active ou passive, quantitative ou alternative, de la gestion sous mandat, de la gestion priv\u00e9e, des soci\u00e9t\u00e9s de capital investissement, de dette priv\u00e9e, des gestionnaires d&rsquo;actifs immobiliers et des pionniers de l&rsquo;Investissement Socialement Responsable.<\/p>\n\n\n\n<h2 class=\"wp-block-heading has-blue-color has-text-color has-link-color wp-elements-068c73ec5aa6ad3e91140e11fa89c9d5\" id=\"et-tout-un-ecosysteme\">Et tout un \u00e9cosyst\u00e8me <\/h2>\n\n\n\n<div style=\"height:20px\" aria-hidden=\"true\" class=\"wp-block-spacer\"><\/div>\n\n\n\n<p><strong>Une centaine de membres \u201ccorrespondants\u201d<\/strong>, avocats, cabinets de conseils ou d\u2019audit, commissaires aux comptes, fournisseurs d\u2019informations financi\u00e8res&#8230; confortent l\u2019\u00e9cosyst\u00e8me de la gestion d\u2019actifs fran\u00e7aise.<\/p>\n\n\n\n<div style=\"height:30px\" aria-hidden=\"true\" class=\"wp-block-spacer\"><\/div>\n\n\n\n<div class=\"wp-block-buttons is-layout-flex wp-block-buttons-is-layout-flex\">\n<div class=\"wp-block-button\"><a class=\"wp-block-button__link wp-element-button\">Lire les donn\u00e9es du panorama 2025 du march\u00e9 de la gestion pour compte de tiers<\/a><\/div>\n<\/div>\n\n\n\n<div style=\"height:36px\" aria-hidden=\"true\" class=\"wp-block-spacer\"><\/div>\n","protected":false},"excerpt":{"rendered":"<p>Combien sont-ils&nbsp;? L&rsquo;AFG regroupe plus de 400 membres, dont environ330 soci\u00e9t\u00e9s de gestion, qui g\u00e8rent 90% des 5 400 milliards&hellip;<\/p>\n","protected":false},"author":6,"featured_media":0,"parent":0,"menu_order":0,"comment_status":"closed","ping_status":"closed","template":"","meta":{"_acf_changed":false,"_gspb_post_css":"","footnotes":""},"class_list":["post-1115","page","type-page","status-publish","hentry"],"acf":[],"_links":{"self":[{"href":"https:\/\/www.afg.asso.fr\/fr\/wp-json\/wp\/v2\/pages\/1115","targetHints":{"allow":["GET"]}}],"collection":[{"href":"https:\/\/www.afg.asso.fr\/fr\/wp-json\/wp\/v2\/pages"}],"about":[{"href":"https:\/\/www.afg.asso.fr\/fr\/wp-json\/wp\/v2\/types\/page"}],"author":[{"embeddable":true,"href":"https:\/\/www.afg.asso.fr\/fr\/wp-json\/wp\/v2\/users\/6"}],"replies":[{"embeddable":true,"href":"https:\/\/www.afg.asso.fr\/fr\/wp-json\/wp\/v2\/comments?post=1115"}],"version-history":[{"count":0,"href":"https:\/\/www.afg.asso.fr\/fr\/wp-json\/wp\/v2\/pages\/1115\/revisions"}],"wp:attachment":[{"href":"https:\/\/www.afg.asso.fr\/fr\/wp-json\/wp\/v2\/media?parent=1115"}],"curies":[{"name":"wp","href":"https:\/\/api.w.org\/{rel}","templated":true}]}}