{"id":1111,"date":"2024-08-09T14:58:43","date_gmt":"2024-08-09T12:58:43","guid":{"rendered":"https:\/\/www.afg.asso.fr\/?page_id=1111"},"modified":"2025-03-24T12:05:43","modified_gmt":"2025-03-24T11:05:43","slug":"la-boussole-de-lafg","status":"publish","type":"page","link":"https:\/\/www.afg.asso.fr\/fr\/la-boussole-de-lafg\/","title":{"rendered":"La boussole de l\u2019AFG"},"content":{"rendered":"\n<figure class=\"wp-block-image alignfull size-full\"><img loading=\"lazy\" decoding=\"async\" width=\"12000\" height=\"5788\" src=\"https:\/\/www.afg.asso.fr\/app\/uploads\/2024\/11\/boussole-sans-titre-.jpg\" alt=\"Infographie illustrant les quatre principaux axes de l'AFG pour une gestion d'actifs comp\u00e9titive et responsable. Chaque axe est repr\u00e9sent\u00e9 par un cercle contenant une ic\u00f4ne et un texte explicatif :\n\n1. Les \u00e9pargnants : Favoriser les solutions d\u2019\u00e9pargne adapt\u00e9es \u00e0 tous les projets de vie et d\u00e9velopper l\u2019\u00e9ducation financi\u00e8re.\n\n2. Les soci\u00e9t\u00e9s de gestion : Valoriser leur r\u00f4le central vis-\u00e0-vis des \u00e9pargnants et dans l\u2019\u00e9conomie.\n\n3. Les autorit\u00e9s : Promouvoir une r\u00e9glementation harmonis\u00e9e au sein de l'UE pour renforcer la comp\u00e9titivit\u00e9 de la gestion d\u2019actifs fran\u00e7aise.\n\n4. Les entreprises : Soutenir leur comp\u00e9titivit\u00e9 et faire de l'Europe un leader du financement de l\u2019innovation et des grandes transitions.\" class=\"wp-image-110629\"\/><\/figure>\n","protected":false},"excerpt":{"rendered":"","protected":false},"author":10,"featured_media":0,"parent":0,"menu_order":0,"comment_status":"closed","ping_status":"closed","template":"","meta":{"_acf_changed":false,"_gspb_post_css":"","footnotes":""},"class_list":["post-1111","page","type-page","status-publish","hentry"],"acf":[],"_links":{"self":[{"href":"https:\/\/www.afg.asso.fr\/fr\/wp-json\/wp\/v2\/pages\/1111","targetHints":{"allow":["GET"]}}],"collection":[{"href":"https:\/\/www.afg.asso.fr\/fr\/wp-json\/wp\/v2\/pages"}],"about":[{"href":"https:\/\/www.afg.asso.fr\/fr\/wp-json\/wp\/v2\/types\/page"}],"author":[{"embeddable":true,"href":"https:\/\/www.afg.asso.fr\/fr\/wp-json\/wp\/v2\/users\/10"}],"replies":[{"embeddable":true,"href":"https:\/\/www.afg.asso.fr\/fr\/wp-json\/wp\/v2\/comments?post=1111"}],"version-history":[{"count":0,"href":"https:\/\/www.afg.asso.fr\/fr\/wp-json\/wp\/v2\/pages\/1111\/revisions"}],"wp:attachment":[{"href":"https:\/\/www.afg.asso.fr\/fr\/wp-json\/wp\/v2\/media?parent=1111"}],"curies":[{"name":"wp","href":"https:\/\/api.w.org\/{rel}","templated":true}]}}