{"id":1109,"date":"2024-08-09T14:57:40","date_gmt":"2024-08-09T12:57:40","guid":{"rendered":"https:\/\/www.afg.asso.fr\/?page_id=1109"},"modified":"2025-10-02T11:32:17","modified_gmt":"2025-10-02T09:32:17","slug":"notre-vision","status":"publish","type":"page","link":"https:\/\/www.afg.asso.fr\/fr\/notre-vision\/","title":{"rendered":"Notre vision"},"content":{"rendered":"\n<div style=\"height:5px\" aria-hidden=\"true\" class=\"wp-block-spacer\"><\/div>\n\n\n\n<h2 class=\"wp-block-heading alignwide has-text-align-center\" id=\"la-gestion-d-actifs-est-utile\">La gestion d&rsquo;actifs est utile <\/h2>\n\n\n\n<p><\/p>\n\n\n\n<div class=\"wp-block-columns alignfull are-vertically-aligned-center is-layout-flex wp-container-core-columns-is-layout-765f7e6e wp-block-columns-is-layout-flex\" style=\"margin-top:0;margin-bottom:0;padding-top:0;padding-right:var(--wp--preset--spacing--20);padding-bottom:0;padding-left:var(--wp--preset--spacing--20)\">\n<div class=\"wp-block-column is-vertically-aligned-center is-layout-flow wp-block-column-is-layout-flow\">\n<div class=\"wp-block-cover has-aspect-ratio\" style=\"border-width:30px;border-radius:30px;padding-top:0;padding-bottom:0;aspect-ratio:1;min-height:unset;\"><img loading=\"lazy\" decoding=\"async\" width=\"2560\" height=\"1707\" class=\"wp-block-cover__image-background wp-image-110927\" alt=\"\" src=\"https:\/\/www.afg.asso.fr\/app\/uploads\/2024\/12\/notre-vision-les-epargnants-1-scaled.jpg\" data-object-fit=\"cover\" srcset=\"https:\/\/www.afg.asso.fr\/app\/uploads\/2024\/12\/notre-vision-les-epargnants-1-scaled.jpg 2560w, https:\/\/www.afg.asso.fr\/app\/uploads\/2024\/12\/notre-vision-les-epargnants-1-300x200.jpg 300w, https:\/\/www.afg.asso.fr\/app\/uploads\/2024\/12\/notre-vision-les-epargnants-1-1024x683.jpg 1024w, https:\/\/www.afg.asso.fr\/app\/uploads\/2024\/12\/notre-vision-les-epargnants-1-768x512.jpg 768w, https:\/\/www.afg.asso.fr\/app\/uploads\/2024\/12\/notre-vision-les-epargnants-1-1536x1024.jpg 1536w, https:\/\/www.afg.asso.fr\/app\/uploads\/2024\/12\/notre-vision-les-epargnants-1-2048x1365.jpg 2048w, https:\/\/www.afg.asso.fr\/app\/uploads\/2024\/12\/notre-vision-les-epargnants-1-60x40.jpg 60w\" sizes=\"auto, (max-width: 2560px) 100vw, 2560px\" \/><span aria-hidden=\"true\" class=\"wp-block-cover__background has-background-dim-60 has-background-dim\"><\/span><div class=\"wp-block-cover__inner-container is-layout-flow wp-block-cover-is-layout-flow\">\n<p class=\"has-text-align-center has-large-font-size\"><strong>Aux \u00e9pargnants<\/strong><\/p>\n\n\n\n<p class=\"has-text-align-center\">Elle valorise leurs placements et les aide \u00e0 r\u00e9aliser leurs projets de vie.<\/p>\n<\/div><\/div>\n<\/div>\n\n\n\n<div class=\"wp-block-column is-vertically-aligned-center is-layout-flow wp-block-column-is-layout-flow\">\n<div class=\"wp-block-cover has-aspect-ratio\" style=\"border-width:30px;border-radius:30px;aspect-ratio:1;min-height:unset;\"><img loading=\"lazy\" decoding=\"async\" width=\"1024\" height=\"683\" class=\"wp-block-cover__image-background wp-image-110929 size-large\" alt=\"\" src=\"https:\/\/www.afg.asso.fr\/app\/uploads\/2024\/12\/notre-vision-entreprises-1024x683.jpg\" data-object-fit=\"cover\" srcset=\"https:\/\/www.afg.asso.fr\/app\/uploads\/2024\/12\/notre-vision-entreprises-1024x683.jpg 1024w, https:\/\/www.afg.asso.fr\/app\/uploads\/2024\/12\/notre-vision-entreprises-300x200.jpg 300w, https:\/\/www.afg.asso.fr\/app\/uploads\/2024\/12\/notre-vision-entreprises-768x512.jpg 768w, https:\/\/www.afg.asso.fr\/app\/uploads\/2024\/12\/notre-vision-entreprises-1536x1024.jpg 1536w, https:\/\/www.afg.asso.fr\/app\/uploads\/2024\/12\/notre-vision-entreprises-2048x1365.jpg 2048w, https:\/\/www.afg.asso.fr\/app\/uploads\/2024\/12\/notre-vision-entreprises-60x40.jpg 60w\" sizes=\"auto, (max-width: 1024px) 100vw, 1024px\" \/><span aria-hidden=\"true\" class=\"wp-block-cover__background has-background-dim-60 has-background-dim\"><\/span><div class=\"wp-block-cover__inner-container is-layout-flow wp-block-cover-is-layout-flow\">\n<p class=\"has-text-align-center has-large-font-size\"><strong><strong>Aux entreprises<\/strong><\/strong><\/p>\n\n\n\n<p class=\"has-text-align-center\">Elle leur fournit les capitaux n\u00e9cessaires pour une croissance durable.<\/p>\n<\/div><\/div>\n<\/div>\n\n\n\n<div class=\"wp-block-column is-vertically-aligned-center is-layout-flow wp-block-column-is-layout-flow\">\n<div class=\"wp-block-cover has-aspect-ratio\" style=\"border-width:30px;border-radius:30px;aspect-ratio:1;min-height:unset;\"><img loading=\"lazy\" decoding=\"async\" width=\"1024\" height=\"683\" class=\"wp-block-cover__image-background wp-image-110932 size-large\" alt=\"\" src=\"https:\/\/www.afg.asso.fr\/app\/uploads\/2024\/12\/notre-vision-leconomie-en-general-1024x683.jpg\" data-object-fit=\"cover\" srcset=\"https:\/\/www.afg.asso.fr\/app\/uploads\/2024\/12\/notre-vision-leconomie-en-general-1024x683.jpg 1024w, https:\/\/www.afg.asso.fr\/app\/uploads\/2024\/12\/notre-vision-leconomie-en-general-300x200.jpg 300w, https:\/\/www.afg.asso.fr\/app\/uploads\/2024\/12\/notre-vision-leconomie-en-general-768x512.jpg 768w, https:\/\/www.afg.asso.fr\/app\/uploads\/2024\/12\/notre-vision-leconomie-en-general-1536x1024.jpg 1536w, https:\/\/www.afg.asso.fr\/app\/uploads\/2024\/12\/notre-vision-leconomie-en-general-2048x1365.jpg 2048w, https:\/\/www.afg.asso.fr\/app\/uploads\/2024\/12\/notre-vision-leconomie-en-general-60x40.jpg 60w\" sizes=\"auto, (max-width: 1024px) 100vw, 1024px\" \/><span aria-hidden=\"true\" class=\"wp-block-cover__background has-background-dim-60 has-background-dim\"><\/span><div class=\"wp-block-cover__inner-container is-layout-flow wp-block-cover-is-layout-flow\">\n<p class=\"has-text-align-center is-style-default has-large-font-size\"><strong><strong><strong>A l\u2019\u00e9conomie en g\u00e9n\u00e9ral<\/strong><\/strong><\/strong><\/p>\n\n\n\n<p class=\"has-text-align-center\">Elle contribue \u00e0 la prosp\u00e9rit\u00e9 collective.<\/p>\n<\/div><\/div>\n<\/div>\n<\/div>\n\n\n\n<div style=\"height:47px\" aria-hidden=\"true\" class=\"wp-block-spacer\"><\/div>\n","protected":false},"excerpt":{"rendered":"<p>La gestion d&rsquo;actifs est utile<\/p>\n","protected":false},"author":10,"featured_media":0,"parent":0,"menu_order":0,"comment_status":"closed","ping_status":"closed","template":"","meta":{"_acf_changed":false,"_gspb_post_css":".gspb_container-id-gsbp-0ae0900,.gspb_container-id-gsbp-37102a0,.gspb_container-id-gsbp-63158cc,.gspb_container-id-gsbp-7ad0837,.gspb_container-id-gsbp-87e1f34,.gspb_container-id-gsbp-9e88d71,.gspb_container-id-gsbp-a3c83a5,.gspb_container-id-gsbp-d308bcf,.gspb_container-id-gsbp-f1c4ec5{flex-direction:column;box-sizing:border-box}#gspb_container-id-gsbp-0ae0900.gspb_container>p:last-of-type,#gspb_container-id-gsbp-37102a0.gspb_container>p:last-of-type,#gspb_container-id-gsbp-63158cc.gspb_container>p:last-of-type,#gspb_container-id-gsbp-7ad0837.gspb_container>p:last-of-type,#gspb_container-id-gsbp-87e1f34.gspb_container>p:last-of-type,#gspb_container-id-gsbp-9e88d71.gspb_container>p:last-of-type,#gspb_container-id-gsbp-a3c83a5.gspb_container>p:last-of-type,#gspb_container-id-gsbp-d308bcf.gspb_container>p:last-of-type,#gspb_container-id-gsbp-f1c4ec5.gspb_container>p:last-of-type{margin-bottom:0}#gspb_container-id-gsbp-a3c83a5.gspb_container{position:relative;perspective:1000px}#gspb_container-id-gsbp-a3c83a5.gspb_container,#gspb_container-id-gsbp-a3c83a5.gspb_container :not(.block-editor-rich-text__editable){transform-style:preserve-3d}#gspb_container-id-gsbp-a3c83a5.gspb_container{will-change:transform}#gspb_container-id-gsbp-9e88d71.gspb_container{position:relative;transition:all .8s cubic-bezier(.42,0,.58,1);transform:translateZ(1px);backface-visibility:hidden;padding:25px;background-color:var(--wp--preset--color--cyan, var(--bs-cyan))}.gs-flipbox3d-active #gspb_container-id-gsbp-9e88d71.gspb_container{transform:rotateY(180deg)}#gspb_heading-id-gsbp-b662c5a{font-size:25px;text-align:center!important;color:#fff;margin:10px;padding:40px 20px 20px;transform:translateZ(50px) scale(.95)}#gspb_heading-id-gsbp-b662c5a .gsap-g-line{text-align:center!important}#gspb_heading-id-gsbp-b662c5a .gspb_heading_subtitle,#gspb_subheading-id-gsbp-b662c5a{display:block;font-size:17px;line-height:22px;margin-top:5px}#gspb_container-id-gsbp-87e1f34.gspb_container{position:relative;transition:all .8s cubic-bezier(.42,0,.58,1);transform:translateZ(1px) rotateY(-180deg);backface-visibility:hidden;padding:25px;height:100%;background-color:var(--wp--preset--color--cyan, var(--bs-cyan))}body.gspb-bodyfront #gspb_container-id-gsbp-7ad0837.gspb_container,body.gspb-bodyfront #gspb_container-id-gsbp-87e1f34.gspb_container,body.gspb-bodyfront #gspb_container-id-gsbp-d308bcf.gspb_container{position:absolute;top:0;right:0;bottom:0;left:0}.gs-flipbox3d-active #gspb_container-id-gsbp-87e1f34.gspb_container{transform:rotateY(0deg)}#gspb_heading-id-gsbp-0c9460a{font-size:25px;text-align:center!important;color:var(--wp--preset--color--white, var(--bs-white));margin-bottom:30px;transform:translateZ(60px) scale(.94)}#gspb_heading-id-gsbp-0c9460a .gsap-g-line{text-align:center!important}#gspb_container-id-gsbp-f1c4ec5.gspb_container{position:relative;display:inline-block;perspective:1000px}#gspb_container-id-gsbp-f1c4ec5.gspb_container,#gspb_container-id-gsbp-f1c4ec5.gspb_container :not(.block-editor-rich-text__editable){transform-style:preserve-3d}#gspb_container-id-gsbp-f1c4ec5.gspb_container{will-change:transform}#gspb_container-id-gsbp-0ae0900.gspb_container{position:relative;transition:all .8s cubic-bezier(.42,0,.58,1);transform:translateZ(1px);backface-visibility:hidden;padding:25px;background-color:var(--wp--preset--color--blue, var(--bs-blue))}.gs-flipbox3d-active #gspb_container-id-gsbp-0ae0900.gspb_container{transform:rotateY(180deg)}#gspb_heading-id-gsbp-50f5312{font-size:25px;text-align:center!important;color:#fff;margin:10px;padding:40px 20px 20px;transform:translateZ(50px) scale(.95)}#gspb_heading-id-gsbp-50f5312 .gsap-g-line{text-align:center!important}#gspb_heading-id-gsbp-50f5312 .gspb_heading_subtitle,#gspb_subheading-id-gsbp-50f5312{display:block;font-size:17px;line-height:22px;margin-top:5px}#gspb_container-id-gsbp-7ad0837.gspb_container{position:relative;transition:all .8s cubic-bezier(.42,0,.58,1);transform:translateZ(1px) rotateY(-180deg);backface-visibility:hidden;padding:25px;height:100%;background-color:var(--wp--preset--color--blue, var(--bs-blue))}.gs-flipbox3d-active #gspb_container-id-gsbp-7ad0837.gspb_container{transform:rotateY(0deg)}#gspb_heading-id-gsbp-2bb3bec{font-size:25px;text-align:center!important;color:var(--wp--preset--color--white, var(--bs-white));margin-bottom:30px;transform:translateZ(60px) scale(.94)}#gspb_heading-id-gsbp-2bb3bec .gsap-g-line{text-align:center!important}#gspb_button-id-gsbp-48eb122{display:flex;justify-content:flex-start}#gspb_button-id-gsbp-48eb122 .gspb-buttonbox-text{display:flex;flex-direction:column}#gspb_button-id-gsbp-48eb122>.gspb-buttonbox{box-sizing:border-box;transform:translateZ(20px) scale(.94)}#gspb_container-id-gsbp-63158cc.gspb_container{position:relative;perspective:1000px}#gspb_container-id-gsbp-63158cc.gspb_container,#gspb_container-id-gsbp-63158cc.gspb_container :not(.block-editor-rich-text__editable){transform-style:preserve-3d}#gspb_container-id-gsbp-63158cc.gspb_container{will-change:transform}#gspb_container-id-gsbp-37102a0.gspb_container{position:relative;transition:all .8s cubic-bezier(.42,0,.58,1);transform:translateZ(1px);backface-visibility:hidden;padding:25px;background-color:var(--wp--preset--color--green, var(--bs-green))}.gs-flipbox3d-active #gspb_container-id-gsbp-37102a0.gspb_container{transform:rotateY(180deg)}#gspb_heading-id-gsbp-c57ee5a{font-size:25px;text-align:center!important;color:#fff;margin:10px;padding:40px 20px 20px;transform:translateZ(50px) scale(.95)}#gspb_heading-id-gsbp-c57ee5a .gsap-g-line{text-align:center!important}#gspb_heading-id-gsbp-c57ee5a .gspb_heading_subtitle,#gspb_subheading-id-gsbp-c57ee5a{display:block;font-size:17px;line-height:22px;margin-top:5px}#gspb_container-id-gsbp-d308bcf.gspb_container{position:relative;transition:all .8s cubic-bezier(.42,0,.58,1);transform:translateZ(1px) rotateY(-180deg);backface-visibility:hidden;padding:25px;height:100%;background-color:var(--wp--preset--color--green, var(--bs-green))}.gs-flipbox3d-active #gspb_container-id-gsbp-d308bcf.gspb_container{transform:rotateY(0deg)}#gspb_heading-id-gsbp-5f9fd79{font-size:25px;text-align:center!important;color:var(--wp--preset--color--white, var(--bs-white));margin-bottom:30px;transform:translateZ(60px) scale(.94)}#gspb_heading-id-gsbp-5f9fd79 .gsap-g-line{text-align:center!important}","footnotes":""},"class_list":["post-1109","page","type-page","status-publish","hentry"],"acf":[],"_links":{"self":[{"href":"https:\/\/www.afg.asso.fr\/fr\/wp-json\/wp\/v2\/pages\/1109","targetHints":{"allow":["GET"]}}],"collection":[{"href":"https:\/\/www.afg.asso.fr\/fr\/wp-json\/wp\/v2\/pages"}],"about":[{"href":"https:\/\/www.afg.asso.fr\/fr\/wp-json\/wp\/v2\/types\/page"}],"author":[{"embeddable":true,"href":"https:\/\/www.afg.asso.fr\/fr\/wp-json\/wp\/v2\/users\/10"}],"replies":[{"embeddable":true,"href":"https:\/\/www.afg.asso.fr\/fr\/wp-json\/wp\/v2\/comments?post=1109"}],"version-history":[{"count":0,"href":"https:\/\/www.afg.asso.fr\/fr\/wp-json\/wp\/v2\/pages\/1109\/revisions"}],"wp:attachment":[{"href":"https:\/\/www.afg.asso.fr\/fr\/wp-json\/wp\/v2\/media?parent=1109"}],"curies":[{"name":"wp","href":"https:\/\/api.w.org\/{rel}","templated":true}]}}