{"id":110876,"date":"2024-12-02T10:14:14","date_gmt":"2024-12-02T09:14:14","guid":{"rendered":"https:\/\/www.afg.asso.fr\/?page_id=110876"},"modified":"2025-03-25T11:22:08","modified_gmt":"2025-03-25T10:22:08","slug":"etre-acteur-de-mon-epargne","status":"publish","type":"page","link":"https:\/\/www.afg.asso.fr\/fr\/etre-acteur-de-mon-epargne\/","title":{"rendered":"Etre acteur de mon \u00e9pargne"},"content":{"rendered":"\n<div style=\"height:50px\" aria-hidden=\"true\" class=\"wp-block-spacer\"><\/div>\n\n\n\n<p>A l\u2019occasion de la Semaine mondiale de l\u2019investisseur, l\u2019AFG a r\u00e9alis\u00e9 en collaboration avec l\u2019<strong><a href=\"https:\/\/www.efama.org\/investor_education_5tips\" target=\"_blank\" rel=\"noreferrer noopener\">EFAMA<\/a><\/strong>, un nouvel outil p\u00e9dagogique \u00e0 destination des \u00e9pargnants&nbsp;intitul\u00e9&nbsp;<a href=\"https:\/\/www.afg.asso.fr\/fr\/publication\/investir-pour-construire-son-avenir-5-etapes-pour-reussir\/\"><strong>\u00ab&nbsp;Investir pour construire son avenir \u2013 5 \u00e9tapes pour r\u00e9ussir&nbsp;\u00bb<\/strong><\/a>&nbsp;.<strong>&nbsp;<\/strong>Il compl\u00e8te&nbsp;le<strong>&nbsp;<a href=\"https:\/\/www.afg.asso.fr\/fr\/publication\/12-principes-pour-epargner-et-investir-dans-les-placements-financiers-de-moyen-et-long-terme-septembre-2020\/\">guide des 12 principes pour \u00e9pargner et investir.<\/a><\/strong><\/p>\n\n\n\n<h2 class=\"wp-block-heading\"><strong>Les livrets p\u00e9dagogiques<\/strong> <\/h2>\n\n\n\n<div style=\"height:50px\" aria-hidden=\"true\" class=\"wp-block-spacer\"><\/div>\n\n\n\n<div class=\"wp-block-columns are-vertically-aligned-center is-layout-flex wp-container-core-columns-is-layout-28f84493 wp-block-columns-is-layout-flex\">\n<div class=\"wp-block-column is-vertically-aligned-center is-layout-flow wp-block-column-is-layout-flow\">\n<figure class=\"wp-block-image size-full\"><a href=\"https:\/\/www.afg.asso.fr\/fr\/publication\/investir-pour-construire-son-avenir-5-etapes-pour-reussir\/\" target=\"_blank\" rel=\" noreferrer noopener\"><img loading=\"lazy\" decoding=\"async\" width=\"820\" height=\"455\" src=\"https:\/\/www.afg.asso.fr\/app\/uploads\/2024\/12\/etre-acteur-de-mon-epargne-image-de-visu-2.png\" alt=\"\" class=\"wp-image-110877\" srcset=\"https:\/\/www.afg.asso.fr\/app\/uploads\/2024\/12\/etre-acteur-de-mon-epargne-image-de-visu-2.png 820w, https:\/\/www.afg.asso.fr\/app\/uploads\/2024\/12\/etre-acteur-de-mon-epargne-image-de-visu-2-300x166.png 300w, https:\/\/www.afg.asso.fr\/app\/uploads\/2024\/12\/etre-acteur-de-mon-epargne-image-de-visu-2-768x426.png 768w, https:\/\/www.afg.asso.fr\/app\/uploads\/2024\/12\/etre-acteur-de-mon-epargne-image-de-visu-2-60x33.png 60w\" sizes=\"auto, (max-width: 820px) 100vw, 820px\" \/><\/a><\/figure>\n<\/div>\n\n\n\n<div class=\"wp-block-column is-vertically-aligned-center is-layout-flow wp-block-column-is-layout-flow\"><div class=\"wp-block-image\">\n<figure class=\"aligncenter size-full\"><a href=\"https:\/\/www.afg.asso.fr\/fr\/publication\/12-principes-pour-epargner-et-investir-dans-les-placements-financiers-de-moyen-et-long-terme-septembre-2020\/\"><img loading=\"lazy\" decoding=\"async\" width=\"1024\" height=\"512\" src=\"https:\/\/www.afg.asso.fr\/app\/uploads\/2024\/12\/Education-financiere_12-principes.jpg\" alt=\"\" class=\"wp-image-110880\" style=\"aspect-ratio:16\/9;object-fit:cover\" srcset=\"https:\/\/www.afg.asso.fr\/app\/uploads\/2024\/12\/Education-financiere_12-principes.jpg 1024w, https:\/\/www.afg.asso.fr\/app\/uploads\/2024\/12\/Education-financiere_12-principes-300x150.jpg 300w, https:\/\/www.afg.asso.fr\/app\/uploads\/2024\/12\/Education-financiere_12-principes-768x384.jpg 768w, https:\/\/www.afg.asso.fr\/app\/uploads\/2024\/12\/Education-financiere_12-principes-60x30.jpg 60w\" sizes=\"auto, (max-width: 1024px) 100vw, 1024px\" \/><\/a><\/figure>\n<\/div><\/div>\n<\/div>\n\n\n\n<div style=\"height:30px\" aria-hidden=\"true\" class=\"wp-block-spacer\"><\/div>\n\n\n\n<div class=\"wp-block-columns is-layout-flex wp-container-core-columns-is-layout-28f84493 wp-block-columns-is-layout-flex\">\n<div class=\"wp-block-column is-layout-flow wp-block-column-is-layout-flow\">\n<div class=\"wp-block-buttons is-content-justification-center is-layout-flex wp-container-core-buttons-is-layout-a89b3969 wp-block-buttons-is-layout-flex\">\n<div class=\"wp-block-button\"><a class=\"wp-block-button__link wp-element-button\" href=\"https:\/\/www.afg.asso.fr\/fr\/publication\/investir-pour-construire-son-avenir-5-etapes-pour-reussir\/\">Lire<\/a><\/div>\n<\/div>\n<\/div>\n\n\n\n<div class=\"wp-block-column is-layout-flow wp-block-column-is-layout-flow\">\n<div class=\"wp-block-buttons is-content-justification-center is-layout-flex wp-container-core-buttons-is-layout-a89b3969 wp-block-buttons-is-layout-flex\">\n<div class=\"wp-block-button\"><a class=\"wp-block-button__link wp-element-button\" href=\"https:\/\/www.afg.asso.fr\/fr\/publication\/12-principes-pour-epargner-et-investir-dans-les-placements-financiers-de-moyen-et-long-terme-septembre-2020\/\">Lire<\/a><\/div>\n<\/div>\n<\/div>\n<\/div>\n\n\n\n<h2 class=\"wp-block-heading\">Les 12 principes en vid\u00e9o <\/h2>\n\n\n\n<div style=\"height:50px\" aria-hidden=\"true\" class=\"wp-block-spacer\"><\/div>\n\n\n\n<figure class=\"wp-block-embed is-type-video is-provider-vimeo wp-block-embed-vimeo wp-embed-aspect-16-9 wp-has-aspect-ratio\"><div class=\"wp-block-embed__wrapper\">\n<iframe loading=\"lazy\" title=\"12 principes pour \u00e9pargner et investir dans les placements financiers de moyen et long terme\" src=\"https:\/\/player.vimeo.com\/video\/1031850107?h=e545b7a4c2&amp;dnt=1&amp;app_id=122963\" width=\"500\" height=\"281\" frameborder=\"0\" allow=\"autoplay; fullscreen; picture-in-picture; clipboard-write; encrypted-media\"><\/iframe>\n<\/div><\/figure>\n\n\n\n<h2 class=\"wp-block-heading\">Les podcasts <\/h2>\n\n\n\n<div style=\"height:50px\" aria-hidden=\"true\" class=\"wp-block-spacer\"><\/div>\n\n\n\n<div class=\"wp-block-columns is-layout-flex wp-container-core-columns-is-layout-28f84493 wp-block-columns-is-layout-flex\">\n<div class=\"wp-block-column is-layout-flow wp-block-column-is-layout-flow\">\n<h3 class=\"wp-block-heading has-text-align-center\">Je donne vie \u00e0 mes projets  <\/h3>\n<\/div>\n\n\n\n<div class=\"wp-block-column is-layout-flow wp-block-column-is-layout-flow\">\n<h3 class=\"wp-block-heading has-text-align-center\">Je rends concret mes projets<\/h3>\n<\/div>\n\n\n\n<div class=\"wp-block-column is-layout-flow wp-block-column-is-layout-flow\">\n<h3 class=\"wp-block-heading has-text-align-center\">Ca prend vie ! <\/h3>\n<\/div>\n<\/div>\n\n\n\n<div style=\"height:50px\" aria-hidden=\"true\" class=\"wp-block-spacer\"><\/div>\n\n\n\n<div class=\"wp-block-columns is-layout-flex wp-container-core-columns-is-layout-28f84493 wp-block-columns-is-layout-flex\">\n<div class=\"wp-block-column is-layout-flow wp-block-column-is-layout-flow\">\n<figure class=\"wp-block-video\"><video height=\"1080\" style=\"aspect-ratio: 1080 \/ 1080;\" width=\"1080\" controls src=\"https:\/\/www.afg.asso.fr\/app\/uploads\/2024\/12\/01_POST-PODCAST_mariage-1.mp4\"><\/video><\/figure>\n<\/div>\n\n\n\n<div class=\"wp-block-column is-layout-flow wp-block-column-is-layout-flow\">\n<figure class=\"wp-block-video\"><video height=\"1080\" style=\"aspect-ratio: 1080 \/ 1080;\" width=\"1080\" controls src=\"https:\/\/www.afg.asso.fr\/app\/uploads\/2024\/12\/02_POST-PODCAST_residence-principale-1.mp4\"><\/video><\/figure>\n<\/div>\n\n\n\n<div class=\"wp-block-column is-layout-flow wp-block-column-is-layout-flow\">\n<figure class=\"wp-block-video\"><video height=\"1080\" style=\"aspect-ratio: 1080 \/ 1080;\" width=\"1080\" controls src=\"https:\/\/www.afg.asso.fr\/app\/uploads\/2024\/12\/03_AFG_EPARGNE_SALARIALE_SARAH.mp4\"><\/video><\/figure>\n<\/div>\n<\/div>\n\n\n\n<div style=\"height:30px\" aria-hidden=\"true\" class=\"wp-block-spacer\"><\/div>\n\n\n\n<div class=\"wp-block-columns is-layout-flex wp-container-core-columns-is-layout-28f84493 wp-block-columns-is-layout-flex\">\n<div class=\"wp-block-column is-layout-flow wp-block-column-is-layout-flow\">\n<p class=\"has-text-align-center\"><strong>\u00ab&nbsp;<em>Gr\u00e2ce \u00e0 mon \u00e9pargne salariale j\u2019ai pu financer mon mariage&nbsp;<\/em>\u00bb<\/strong><\/p>\n<\/div>\n\n\n\n<div class=\"wp-block-column is-layout-flow wp-block-column-is-layout-flow\">\n<p class=\"has-text-align-center\"><strong>\u00ab&nbsp;<em>On va devenir propri\u00e9taires<\/em> ! \u00bb<\/strong><\/p>\n<\/div>\n\n\n\n<div class=\"wp-block-column is-layout-flow wp-block-column-is-layout-flow\">\n<p class=\"has-text-align-center\"><strong>\u00ab <em>J&rsquo;\u00e9pargne dans l&rsquo;\u00e9pargne salariale<\/em> \u00bb<\/strong><\/p>\n<\/div>\n<\/div>\n\n\n\n<h2 class=\"wp-block-heading\">#Etreacteurdemonepargne sur les r\u00e9seaux sociaux <\/h2>\n\n\n\n<div style=\"height:39px\" aria-hidden=\"true\" class=\"wp-block-spacer\"><\/div>\n\n\n\n<ul class=\"wp-block-social-links aligncenter has-large-icon-size is-layout-flex wp-block-social-links-is-layout-flex\"><li class=\"wp-social-link wp-social-link-instagram  wp-block-social-link\"><a href=\"https:\/\/www.instagram.com\/accounts\/login\/?next=https%3A%2F%2Fwww.instagram.com%2Facteurdemonepargne%2Freels%2F&#038;is_from_rle\" class=\"wp-block-social-link-anchor\"><svg width=\"24\" height=\"24\" viewBox=\"0 0 24 24\" version=\"1.1\" xmlns=\"http:\/\/www.w3.org\/2000\/svg\" aria-hidden=\"true\" focusable=\"false\"><path d=\"M12,4.622c2.403,0,2.688,0.009,3.637,0.052c0.877,0.04,1.354,0.187,1.671,0.31c0.42,0.163,0.72,0.358,1.035,0.673 c0.315,0.315,0.51,0.615,0.673,1.035c0.123,0.317,0.27,0.794,0.31,1.671c0.043,0.949,0.052,1.234,0.052,3.637 s-0.009,2.688-0.052,3.637c-0.04,0.877-0.187,1.354-0.31,1.671c-0.163,0.42-0.358,0.72-0.673,1.035 c-0.315,0.315-0.615,0.51-1.035,0.673c-0.317,0.123-0.794,0.27-1.671,0.31c-0.949,0.043-1.233,0.052-3.637,0.052 s-2.688-0.009-3.637-0.052c-0.877-0.04-1.354-0.187-1.671-0.31c-0.42-0.163-0.72-0.358-1.035-0.673 c-0.315-0.315-0.51-0.615-0.673-1.035c-0.123-0.317-0.27-0.794-0.31-1.671C4.631,14.688,4.622,14.403,4.622,12 s0.009-2.688,0.052-3.637c0.04-0.877,0.187-1.354,0.31-1.671c0.163-0.42,0.358-0.72,0.673-1.035 c0.315-0.315,0.615-0.51,1.035-0.673c0.317-0.123,0.794-0.27,1.671-0.31C9.312,4.631,9.597,4.622,12,4.622 M12,3 C9.556,3,9.249,3.01,8.289,3.054C7.331,3.098,6.677,3.25,6.105,3.472C5.513,3.702,5.011,4.01,4.511,4.511 c-0.5,0.5-0.808,1.002-1.038,1.594C3.25,6.677,3.098,7.331,3.054,8.289C3.01,9.249,3,9.556,3,12c0,2.444,0.01,2.751,0.054,3.711 c0.044,0.958,0.196,1.612,0.418,2.185c0.23,0.592,0.538,1.094,1.038,1.594c0.5,0.5,1.002,0.808,1.594,1.038 c0.572,0.222,1.227,0.375,2.185,0.418C9.249,20.99,9.556,21,12,21s2.751-0.01,3.711-0.054c0.958-0.044,1.612-0.196,2.185-0.418 c0.592-0.23,1.094-0.538,1.594-1.038c0.5-0.5,0.808-1.002,1.038-1.594c0.222-0.572,0.375-1.227,0.418-2.185 C20.99,14.751,21,14.444,21,12s-0.01-2.751-0.054-3.711c-0.044-0.958-0.196-1.612-0.418-2.185c-0.23-0.592-0.538-1.094-1.038-1.594 c-0.5-0.5-1.002-0.808-1.594-1.038c-0.572-0.222-1.227-0.375-2.185-0.418C14.751,3.01,14.444,3,12,3L12,3z M12,7.378 c-2.552,0-4.622,2.069-4.622,4.622S9.448,16.622,12,16.622s4.622-2.069,4.622-4.622S14.552,7.378,12,7.378z M12,15 c-1.657,0-3-1.343-3-3s1.343-3,3-3s3,1.343,3,3S13.657,15,12,15z M16.804,6.116c-0.596,0-1.08,0.484-1.08,1.08 s0.484,1.08,1.08,1.08c0.596,0,1.08-0.484,1.08-1.08S17.401,6.116,16.804,6.116z\"><\/path><\/svg><span class=\"wp-block-social-link-label screen-reader-text\">Instagram<\/span><\/a><\/li>\n\n<li class=\"wp-social-link wp-social-link-facebook  wp-block-social-link\"><a href=\"https:\/\/www.facebook.com\/etreacteurdemonepargne\/?locale=fr_FR\" class=\"wp-block-social-link-anchor\"><svg width=\"24\" height=\"24\" viewBox=\"0 0 24 24\" version=\"1.1\" xmlns=\"http:\/\/www.w3.org\/2000\/svg\" aria-hidden=\"true\" focusable=\"false\"><path d=\"M12 2C6.5 2 2 6.5 2 12c0 5 3.7 9.1 8.4 9.9v-7H7.9V12h2.5V9.8c0-2.5 1.5-3.9 3.8-3.9 1.1 0 2.2.2 2.2.2v2.5h-1.3c-1.2 0-1.6.8-1.6 1.6V12h2.8l-.4 2.9h-2.3v7C18.3 21.1 22 17 22 12c0-5.5-4.5-10-10-10z\"><\/path><\/svg><span class=\"wp-block-social-link-label screen-reader-text\">Facebook<\/span><\/a><\/li><\/ul>\n\n\n\n<div style=\"height:30px\" aria-hidden=\"true\" class=\"wp-block-spacer\"><\/div>\n\n\n\n<div class=\"wp-block-columns is-layout-flex wp-container-core-columns-is-layout-28f84493 wp-block-columns-is-layout-flex\">\n<div class=\"wp-block-column is-layout-flow wp-block-column-is-layout-flow\">\n<figure class=\"wp-block-image size-full\"><a href=\"https:\/\/www.instagram.com\/p\/DA-paC6Ni6h\/\" target=\"_blank\" rel=\" noreferrer noopener\"><img decoding=\"async\" src=\"https:\/\/www.afg.asso.fr\/app\/uploads\/2024\/12\/etre-acteur-de-mon-epargne-image-de-visu-3.png\" alt=\"\" class=\"wp-image-110893\" style=\"aspect-ratio:16\/9;object-fit:cover\"\/><\/a><\/figure>\n<\/div>\n\n\n\n<div class=\"wp-block-column is-layout-flow wp-block-column-is-layout-flow\">\n<figure class=\"wp-block-image size-full\"><a href=\"https:\/\/www.instagram.com\/p\/DA9CCunvhwx\/?img_index=1\" target=\"_blank\" rel=\" noreferrer noopener\"><img decoding=\"async\" src=\"https:\/\/www.afg.asso.fr\/app\/uploads\/2024\/08\/Guide-Finance-durable.png\" alt=\"\" class=\"wp-image-1392\" style=\"aspect-ratio:16\/9;object-fit:cover\"\/><\/a><\/figure>\n<\/div>\n\n\n\n<div class=\"wp-block-column is-layout-flow wp-block-column-is-layout-flow\"><div class=\"wp-block-image\">\n<figure class=\"aligncenter size-full\"><a href=\"https:\/\/www.instagram.com\/p\/DA8t8raTpNa\/\" target=\"_blank\" rel=\" noreferrer noopener\"><img loading=\"lazy\" decoding=\"async\" width=\"416\" height=\"243\" src=\"https:\/\/www.afg.asso.fr\/app\/uploads\/2024\/12\/world-investor-week-iosco.png\" alt=\"\" class=\"wp-image-110899\" style=\"aspect-ratio:16\/9;object-fit:cover\" srcset=\"https:\/\/www.afg.asso.fr\/app\/uploads\/2024\/12\/world-investor-week-iosco.png 416w, https:\/\/www.afg.asso.fr\/app\/uploads\/2024\/12\/world-investor-week-iosco-300x175.png 300w, https:\/\/www.afg.asso.fr\/app\/uploads\/2024\/12\/world-investor-week-iosco-60x35.png 60w\" sizes=\"auto, (max-width: 416px) 100vw, 416px\" \/><\/a><\/figure>\n<\/div><\/div>\n<\/div>\n\n\n\n<div style=\"height:30px\" aria-hidden=\"true\" class=\"wp-block-spacer\"><\/div>\n\n\n\n<div class=\"wp-block-columns is-layout-flex wp-container-core-columns-is-layout-28f84493 wp-block-columns-is-layout-flex\">\n<div class=\"wp-block-column is-layout-flow wp-block-column-is-layout-flow\">\n<div class=\"wp-block-buttons is-content-justification-center is-layout-flex wp-container-core-buttons-is-layout-b5994976 wp-block-buttons-is-layout-flex\">\n<div class=\"wp-block-button\"><a class=\"wp-block-button__link has-text-align-center wp-element-button\" href=\"https:\/\/www.afg.asso.fr\/fr\/publication\/investir-pour-construire-son-avenir-5-etapes-pour-reussir\/\">Investir pour construire son avenir sur Instagram<\/a><\/div>\n<\/div>\n<\/div>\n\n\n\n<div class=\"wp-block-column is-layout-flow wp-block-column-is-layout-flow\">\n<div class=\"wp-block-buttons is-layout-flex wp-block-buttons-is-layout-flex\">\n<div class=\"wp-block-button\"><a class=\"wp-block-button__link has-text-align-center wp-element-button\" href=\"https:\/\/www.afg.asso.fr\/fr\/publication\/finance-durable-comprendre-en-9-questions\/\">Guide de la Finance durable sur Instagram<\/a><\/div>\n<\/div>\n<\/div>\n\n\n\n<div class=\"wp-block-column is-layout-flow wp-block-column-is-layout-flow\">\n<div class=\"wp-block-buttons is-content-justification-center is-layout-flex wp-container-core-buttons-is-layout-a89b3969 wp-block-buttons-is-layout-flex\">\n<div class=\"wp-block-button\"><a class=\"wp-block-button__link has-text-align-center wp-element-button\" href=\"https:\/\/www.worldinvestorweek.org\/\" target=\"_blank\" rel=\"noreferrer noopener\">D\u00e9couvrir la World investor week sur Instagram<\/a><\/div>\n<\/div>\n<\/div>\n<\/div>\n\n\n\n<div style=\"height:20px\" aria-hidden=\"true\" class=\"wp-block-spacer\"><\/div>\n\n\n\n<div class=\"wp-block-columns is-layout-flex wp-container-core-columns-is-layout-28f84493 wp-block-columns-is-layout-flex\">\n<div class=\"wp-block-column is-layout-flow wp-block-column-is-layout-flow\">\n<figure class=\"wp-block-image size-large\"><a href=\"https:\/\/www.instagram.com\/p\/C5JWD-LLKHA\/\" target=\"_blank\" rel=\" noreferrer noopener\"><img loading=\"lazy\" decoding=\"async\" width=\"1024\" height=\"1024\" src=\"https:\/\/www.afg.asso.fr\/app\/uploads\/2024\/12\/EL_LOGO_FONDCOULEUR_BLEU-1024x1024.png\" alt=\"\" class=\"wp-image-110902\" srcset=\"https:\/\/www.afg.asso.fr\/app\/uploads\/2024\/12\/EL_LOGO_FONDCOULEUR_BLEU-1024x1024.png 1024w, https:\/\/www.afg.asso.fr\/app\/uploads\/2024\/12\/EL_LOGO_FONDCOULEUR_BLEU-300x300.png 300w, https:\/\/www.afg.asso.fr\/app\/uploads\/2024\/12\/EL_LOGO_FONDCOULEUR_BLEU-150x150.png 150w, https:\/\/www.afg.asso.fr\/app\/uploads\/2024\/12\/EL_LOGO_FONDCOULEUR_BLEU-768x768.png 768w, https:\/\/www.afg.asso.fr\/app\/uploads\/2024\/12\/EL_LOGO_FONDCOULEUR_BLEU-1536x1536.png 1536w, https:\/\/www.afg.asso.fr\/app\/uploads\/2024\/12\/EL_LOGO_FONDCOULEUR_BLEU-2048x2048.png 2048w, https:\/\/www.afg.asso.fr\/app\/uploads\/2024\/12\/EL_LOGO_FONDCOULEUR_BLEU-459x459.png 459w, https:\/\/www.afg.asso.fr\/app\/uploads\/2024\/12\/EL_LOGO_FONDCOULEUR_BLEU-60x60.png 60w\" sizes=\"auto, (max-width: 1024px) 100vw, 1024px\" \/><\/a><\/figure>\n<\/div>\n\n\n\n<div class=\"wp-block-column is-layout-flow wp-block-column-is-layout-flow\">\n<figure class=\"wp-block-image size-large\"><a href=\"https:\/\/www.instagram.com\/p\/C5I6qduOtbI\/?img_index=1\" target=\"_blank\" rel=\" noreferrer noopener\"><img loading=\"lazy\" decoding=\"async\" width=\"1024\" height=\"1024\" src=\"https:\/\/www.afg.asso.fr\/app\/uploads\/2024\/12\/EL_LOGO_FONDCOULEUR_ROSE-1024x1024.png\" alt=\"\" class=\"wp-image-110904\" srcset=\"https:\/\/www.afg.asso.fr\/app\/uploads\/2024\/12\/EL_LOGO_FONDCOULEUR_ROSE-1024x1024.png 1024w, https:\/\/www.afg.asso.fr\/app\/uploads\/2024\/12\/EL_LOGO_FONDCOULEUR_ROSE-300x300.png 300w, https:\/\/www.afg.asso.fr\/app\/uploads\/2024\/12\/EL_LOGO_FONDCOULEUR_ROSE-150x150.png 150w, https:\/\/www.afg.asso.fr\/app\/uploads\/2024\/12\/EL_LOGO_FONDCOULEUR_ROSE-768x768.png 768w, https:\/\/www.afg.asso.fr\/app\/uploads\/2024\/12\/EL_LOGO_FONDCOULEUR_ROSE-1536x1536.png 1536w, https:\/\/www.afg.asso.fr\/app\/uploads\/2024\/12\/EL_LOGO_FONDCOULEUR_ROSE-2048x2048.png 2048w, https:\/\/www.afg.asso.fr\/app\/uploads\/2024\/12\/EL_LOGO_FONDCOULEUR_ROSE-459x459.png 459w, https:\/\/www.afg.asso.fr\/app\/uploads\/2024\/12\/EL_LOGO_FONDCOULEUR_ROSE-60x60.png 60w\" sizes=\"auto, (max-width: 1024px) 100vw, 1024px\" \/><\/a><\/figure>\n<\/div>\n\n\n\n<div class=\"wp-block-column is-layout-flow wp-block-column-is-layout-flow\">\n<figure class=\"wp-block-image size-large\"><a href=\"https:\/\/www.instagram.com\/p\/C5GxYzSsTJd\/?img_index=1\" target=\"_blank\" rel=\" noreferrer noopener\"><img loading=\"lazy\" decoding=\"async\" width=\"1024\" height=\"1024\" src=\"https:\/\/www.afg.asso.fr\/app\/uploads\/2024\/12\/EL_LOGO_FONDCOULEUR_ROSE_2-1024x1024.png\" alt=\"\" class=\"wp-image-110906\" srcset=\"https:\/\/www.afg.asso.fr\/app\/uploads\/2024\/12\/EL_LOGO_FONDCOULEUR_ROSE_2-1024x1024.png 1024w, https:\/\/www.afg.asso.fr\/app\/uploads\/2024\/12\/EL_LOGO_FONDCOULEUR_ROSE_2-300x300.png 300w, https:\/\/www.afg.asso.fr\/app\/uploads\/2024\/12\/EL_LOGO_FONDCOULEUR_ROSE_2-150x150.png 150w, https:\/\/www.afg.asso.fr\/app\/uploads\/2024\/12\/EL_LOGO_FONDCOULEUR_ROSE_2-768x768.png 768w, https:\/\/www.afg.asso.fr\/app\/uploads\/2024\/12\/EL_LOGO_FONDCOULEUR_ROSE_2-1536x1536.png 1536w, https:\/\/www.afg.asso.fr\/app\/uploads\/2024\/12\/EL_LOGO_FONDCOULEUR_ROSE_2-2048x2048.png 2048w, https:\/\/www.afg.asso.fr\/app\/uploads\/2024\/12\/EL_LOGO_FONDCOULEUR_ROSE_2-459x459.png 459w, https:\/\/www.afg.asso.fr\/app\/uploads\/2024\/12\/EL_LOGO_FONDCOULEUR_ROSE_2-60x60.png 60w\" sizes=\"auto, (max-width: 1024px) 100vw, 1024px\" \/><\/a><\/figure>\n<\/div>\n<\/div>\n\n\n\n<div style=\"height:30px\" aria-hidden=\"true\" class=\"wp-block-spacer\"><\/div>\n\n\n\n<div class=\"wp-block-buttons is-content-justification-center is-layout-flex wp-container-core-buttons-is-layout-72caf8c6 wp-block-buttons-is-layout-flex\">\n<div class=\"wp-block-button\"><a class=\"wp-block-button__link has-text-align-center wp-element-button\" href=\"https:\/\/www.instagram.com\/p\/C5I6qduOtbI\/?img_index=1\" target=\"_blank\" rel=\"noreferrer noopener\">D\u00e9couvrir le compte Instagram de \u00ab\u00a0Etre acteur de mon \u00e9pargne\u00a0\u00bb<\/a><\/div>\n<\/div>\n\n\n\n<h2 class=\"wp-block-heading\">Pour en savoir plus <\/h2>\n\n\n\n<div style=\"height:30px\" aria-hidden=\"true\" class=\"wp-block-spacer\"><\/div>\n\n\n\n<div class=\"wp-block-columns are-vertically-aligned-center is-layout-flex wp-container-core-columns-is-layout-28f84493 wp-block-columns-is-layout-flex\">\n<div class=\"wp-block-column is-vertically-aligned-center is-layout-flow wp-block-column-is-layout-flow\">\n<figure class=\"wp-block-image size-large\"><a href=\"https:\/\/www.mesquestionsdargent.fr\/\" target=\"_blank\" rel=\" noreferrer noopener\"><img loading=\"lazy\" decoding=\"async\" width=\"841\" height=\"158\" src=\"https:\/\/www.afg.asso.fr\/app\/uploads\/2024\/12\/logo-mes-questions-dargent-1.svg\" alt=\"\" class=\"wp-image-111039\"\/><\/a><\/figure>\n<\/div>\n\n\n\n<div class=\"wp-block-column is-vertically-aligned-center is-layout-flow wp-block-column-is-layout-flow\"><div class=\"wp-block-image\">\n<figure class=\"aligncenter size-full is-resized\"><a href=\"https:\/\/www.epargnesalariale-france.fr\/\" target=\"_blank\" rel=\" noreferrer noopener\"><img loading=\"lazy\" decoding=\"async\" width=\"164\" height=\"80\" src=\"https:\/\/www.afg.asso.fr\/app\/uploads\/2024\/12\/logo-semaine-de-lepargne-salariale-1.webp\" alt=\"\" class=\"wp-image-111041\" style=\"width:230px;height:auto\" srcset=\"https:\/\/www.afg.asso.fr\/app\/uploads\/2024\/12\/logo-semaine-de-lepargne-salariale-1.webp 164w, https:\/\/www.afg.asso.fr\/app\/uploads\/2024\/12\/logo-semaine-de-lepargne-salariale-1-60x29.webp 60w\" sizes=\"auto, (max-width: 164px) 100vw, 164px\" \/><\/a><\/figure>\n<\/div><\/div>\n\n\n\n<div class=\"wp-block-column is-vertically-aligned-center is-layout-flow wp-block-column-is-layout-flow\"><div class=\"wp-block-image\">\n<figure class=\"aligncenter size-large\"><a href=\"https:\/\/www.lafinancepourtous.com\/\" target=\"_blank\" rel=\" noreferrer noopener\"><img loading=\"lazy\" decoding=\"async\" width=\"372\" height=\"125\" src=\"https:\/\/www.afg.asso.fr\/app\/uploads\/2024\/12\/logo-la-finance-pour-tous-1.svg\" alt=\"\" class=\"wp-image-111043\"\/><\/a><\/figure>\n<\/div><\/div>\n<\/div>\n\n\n\n<div style=\"height:30px\" aria-hidden=\"true\" class=\"wp-block-spacer\"><\/div>\n\n\n\n<div class=\"wp-block-columns is-layout-flex wp-container-core-columns-is-layout-28f84493 wp-block-columns-is-layout-flex\">\n<div class=\"wp-block-column is-layout-flow wp-block-column-is-layout-flow\">\n<div class=\"wp-block-buttons is-layout-flex wp-block-buttons-is-layout-flex\">\n<div class=\"wp-block-button\"><a class=\"wp-block-button__link has-text-align-center wp-element-button\" href=\"https:\/\/www.mesquestionsdargent.fr\/\" target=\"_blank\" rel=\"noreferrer noopener\">Acc\u00e9dez au site internet<\/a><\/div>\n<\/div>\n<\/div>\n\n\n\n<div class=\"wp-block-column is-layout-flow wp-block-column-is-layout-flow\">\n<div class=\"wp-block-buttons is-layout-flex wp-block-buttons-is-layout-flex\">\n<div class=\"wp-block-button\"><a class=\"wp-block-button__link wp-element-button\" href=\"https:\/\/www.epargnesalariale-france.fr\/\" target=\"_blank\" rel=\"noreferrer noopener\">Acc\u00e9dez au site internet <\/a><\/div>\n<\/div>\n<\/div>\n\n\n\n<div class=\"wp-block-column is-layout-flow wp-block-column-is-layout-flow\">\n<div class=\"wp-block-buttons is-layout-flex wp-block-buttons-is-layout-flex\">\n<div class=\"wp-block-button\"><a class=\"wp-block-button__link has-text-align-center wp-element-button\" href=\"https:\/\/www.lafinancepourtous.com\/\" target=\"_blank\" rel=\"noreferrer noopener\">Acc\u00e9dez au site internet <\/a><\/div>\n<\/div>\n<\/div>\n<\/div>\n\n\n\n<div style=\"height:50px\" aria-hidden=\"true\" class=\"wp-block-spacer\"><\/div>\n","protected":false},"excerpt":{"rendered":"<p>A l\u2019occasion de la Semaine mondiale de l\u2019investisseur, l\u2019AFG a r\u00e9alis\u00e9 en collaboration avec l\u2019EFAMA, un nouvel outil p\u00e9dagogique \u00e0&hellip;<\/p>\n","protected":false},"author":6,"featured_media":0,"parent":0,"menu_order":0,"comment_status":"closed","ping_status":"closed","template":"","meta":{"_acf_changed":false,"_gspb_post_css":"","footnotes":""},"class_list":["post-110876","page","type-page","status-publish","hentry"],"acf":[],"_links":{"self":[{"href":"https:\/\/www.afg.asso.fr\/fr\/wp-json\/wp\/v2\/pages\/110876","targetHints":{"allow":["GET"]}}],"collection":[{"href":"https:\/\/www.afg.asso.fr\/fr\/wp-json\/wp\/v2\/pages"}],"about":[{"href":"https:\/\/www.afg.asso.fr\/fr\/wp-json\/wp\/v2\/types\/page"}],"author":[{"embeddable":true,"href":"https:\/\/www.afg.asso.fr\/fr\/wp-json\/wp\/v2\/users\/6"}],"replies":[{"embeddable":true,"href":"https:\/\/www.afg.asso.fr\/fr\/wp-json\/wp\/v2\/comments?post=110876"}],"version-history":[{"count":0,"href":"https:\/\/www.afg.asso.fr\/fr\/wp-json\/wp\/v2\/pages\/110876\/revisions"}],"wp:attachment":[{"href":"https:\/\/www.afg.asso.fr\/fr\/wp-json\/wp\/v2\/media?parent=110876"}],"curies":[{"name":"wp","href":"https:\/\/api.w.org\/{rel}","templated":true}]}}