{"id":1098,"date":"2024-08-09T12:34:18","date_gmt":"2024-08-09T10:34:18","guid":{"rendered":"https:\/\/www.afg.asso.fr\/?page_id=1098"},"modified":"2024-12-02T12:32:20","modified_gmt":"2024-12-02T11:32:20","slug":"faq","status":"publish","type":"page","link":"https:\/\/www.afg.asso.fr\/fr\/faq\/","title":{"rendered":"Foire aux questions"},"content":{"rendered":"\n<p><\/p>\n\n\n\n<div class=\"wp-block-group alignfull has-white-color has-text-color has-link-color wp-elements-d246c4f762c0cd59a7ec7f55f7b8f768\" style=\"padding-top:var(--wp--preset--spacing--30);padding-bottom:var(--wp--preset--spacing--30)\"><div class=\"wp-block-group__inner-container is-layout-constrained wp-container-core-group-is-layout-0ce4e8f2 wp-block-group-is-layout-constrained\">\n<div class=\"wp-block-group\"><div class=\"wp-block-group__inner-container is-layout-constrained wp-block-group-is-layout-constrained\">\n<div style=\"height:30px\" aria-hidden=\"true\" class=\"wp-block-spacer\"><\/div>\n\n\n\n<details class=\"wp-block-details has-cyan-background-color has-background is-layout-flow wp-block-details-is-layout-flow\"><summary>Qu&rsquo;est-ce que l&rsquo;AFG ?<\/summary>\n<div style=\"height:30px\" aria-hidden=\"true\" class=\"wp-block-spacer\"><\/div>\n\n\n\n<p>L&rsquo;Association Fran\u00e7aise de la Gestion Financi\u00e8re (AFG) est l&rsquo;organisme professionnel qui repr\u00e9sente les acteurs de la gestion d&rsquo;actifs en France, notamment les soci\u00e9t\u00e9s de gestion de portefeuille. Son r\u00f4le est de d\u00e9fendre les int\u00e9r\u00eats de ses membres aupr\u00e8s des autorit\u00e9s publiques et des r\u00e9gulateurs tels que l&rsquo;Autorit\u00e9 des march\u00e9s financiers (AMF), et d&rsquo;assurer le d\u00e9veloppement et la comp\u00e9titivit\u00e9 de l&rsquo;industrie fran\u00e7aise de la gestion d&rsquo;actifs. L&rsquo;AFG est \u00e9galement un forum de r\u00e9flexion et d&rsquo;\u00e9change pour les professionnels du secteur.<\/p>\n\n\n\n<div style=\"height:30px\" aria-hidden=\"true\" class=\"wp-block-spacer\"><\/div>\n<\/details>\n\n\n\n<div style=\"height:30px\" aria-hidden=\"true\" class=\"wp-block-spacer\"><\/div>\n<\/div><\/div>\n\n\n\n<div class=\"wp-block-group\"><div class=\"wp-block-group__inner-container is-layout-constrained wp-block-group-is-layout-constrained\">\n<div style=\"height:30px\" aria-hidden=\"true\" class=\"wp-block-spacer\"><\/div>\n\n\n\n<details class=\"wp-block-details has-cyan-background-color has-background is-layout-flow wp-block-details-is-layout-flow\"><summary>Quels sont les objectifs de l&rsquo;AFG ? <\/summary>\n<div style=\"height:30px\" aria-hidden=\"true\" class=\"wp-block-spacer\"><\/div>\n\n\n\n<p>L&rsquo;AFG a pour mission de promouvoir et d\u00e9fendre l&rsquo;industrie de la gestion d&rsquo;actifs en France, de favoriser la comp\u00e9titivit\u00e9 de ses membres et de renforcer la place de Paris comme centre financier international. Elle veille aussi \u00e0 l\u2019\u00e9laboration de pratiques professionnelles et \u00e0 la protection des investisseurs.<\/p>\n\n\n\n<div style=\"height:30px\" aria-hidden=\"true\" class=\"wp-block-spacer\"><\/div>\n<\/details>\n\n\n\n<div style=\"height:30px\" aria-hidden=\"true\" class=\"wp-block-spacer\"><\/div>\n<\/div><\/div>\n\n\n\n<div class=\"wp-block-group\"><div class=\"wp-block-group__inner-container is-layout-constrained wp-block-group-is-layout-constrained\">\n<div style=\"height:30px\" aria-hidden=\"true\" class=\"wp-block-spacer\"><\/div>\n\n\n\n<details class=\"wp-block-details has-cyan-background-color has-background is-layout-flow wp-block-details-is-layout-flow\"><summary>Qui sont les membres de l&rsquo;AFG ? <\/summary>\n<div style=\"height:30px\" aria-hidden=\"true\" class=\"wp-block-spacer\"><\/div>\n\n\n\n<p>L&rsquo;AFG regroupe plus de 440 membres dont plus de 340 soci\u00e9t\u00e9s de gestion, qui repr\u00e9sentent 90% des 4600 milliards d&rsquo;\u20ac d&rsquo;encours sous gestion en France. Nos membres vont de la TPE aux leaders mondiaux. Nous regroupons des filiales de groupes bancaires ou assurances ainsi que de nombreuses soci\u00e9t\u00e9s cr\u00e9\u00e9es par des entrepreneurs.<\/p>\n\n\n\n<div style=\"height:30px\" aria-hidden=\"true\" class=\"wp-block-spacer\"><\/div>\n<\/details>\n\n\n\n<div style=\"height:30px\" aria-hidden=\"true\" class=\"wp-block-spacer\"><\/div>\n<\/div><\/div>\n\n\n\n<div class=\"wp-block-group\"><div class=\"wp-block-group__inner-container is-layout-constrained wp-block-group-is-layout-constrained\">\n<div style=\"height:30px\" aria-hidden=\"true\" class=\"wp-block-spacer\"><\/div>\n\n\n\n<details class=\"wp-block-details has-cyan-background-color has-background is-layout-flow wp-block-details-is-layout-flow\"><summary>Qui peut adh\u00e9rer \u00e0 l&rsquo;AFG ? <\/summary>\n<div style=\"height:30px\" aria-hidden=\"true\" class=\"wp-block-spacer\"><\/div>\n\n\n\n<p>L&rsquo;adh\u00e9sion est ouverte aux soci\u00e9t\u00e9s de gestion d&rsquo;actifs, aux institutions de pr\u00e9voyance, aux mutuelles et \u00e0 d&rsquo;autres acteurs du secteur financier impliqu\u00e9s dans la gestion de fonds.<\/p>\n\n\n\n<div class=\"wp-block-buttons is-layout-flex wp-block-buttons-is-layout-flex\">\n<div class=\"wp-block-button\"><a class=\"wp-block-button__link wp-element-button\" href=\"https:\/\/www.afg.asso.fr\/fr\/adherer-a-lafg\/\" target=\"_blank\" rel=\"noreferrer noopener\">Adh\u00e9rer \u00e0 l&rsquo;AFG<\/a><\/div>\n<\/div>\n\n\n\n<div style=\"height:30px\" aria-hidden=\"true\" class=\"wp-block-spacer\"><\/div>\n<\/details>\n\n\n\n<div style=\"height:30px\" aria-hidden=\"true\" class=\"wp-block-spacer\"><\/div>\n<\/div><\/div>\n\n\n\n<div class=\"wp-block-group\"><div class=\"wp-block-group__inner-container is-layout-constrained wp-block-group-is-layout-constrained\">\n<div style=\"height:30px\" aria-hidden=\"true\" class=\"wp-block-spacer\"><\/div>\n\n\n\n<details class=\"wp-block-details has-cyan-background-color has-background is-layout-flow wp-block-details-is-layout-flow\"><summary>Comment devenir membre de l&rsquo;AFG ? <\/summary>\n<div style=\"height:30px\" aria-hidden=\"true\" class=\"wp-block-spacer\"><\/div>\n\n\n\n<p>Les soci\u00e9t\u00e9s de gestion d&rsquo;actifs, ainsi que les autres acteurs financiers li\u00e9s \u00e0 la gestion d&rsquo;actifs, peuvent adh\u00e9rer \u00e0 l&rsquo;AFG. Pour cela, une demande d&rsquo;adh\u00e9sion doit \u00eatre soumise en ligne via le site internet . L&rsquo;adh\u00e9sion est soumise \u00e0 l&rsquo;approbation du conseil d&rsquo;administration de l&rsquo;AFG, qui \u00e9value les qualifications des candidats. Les membres b\u00e9n\u00e9ficient ensuite d&rsquo;un large \u00e9ventail de services, notamment des conseils sur les \u00e9volutions r\u00e9glementaires, des opportunit\u00e9s de formation et un r\u00e9seau professionnel \u00e9tendu.<\/p>\n\n\n\n<div style=\"height:30px\" aria-hidden=\"true\" class=\"wp-block-spacer\"><\/div>\n<\/details>\n\n\n\n<div style=\"height:30px\" aria-hidden=\"true\" class=\"wp-block-spacer\"><\/div>\n<\/div><\/div>\n\n\n\n<div class=\"wp-block-group\"><div class=\"wp-block-group__inner-container is-layout-constrained wp-block-group-is-layout-constrained\">\n<div style=\"height:30px\" aria-hidden=\"true\" class=\"wp-block-spacer\"><\/div>\n\n\n\n<details class=\"wp-block-details has-cyan-background-color has-background is-layout-flow wp-block-details-is-layout-flow\"><summary>Qu&rsquo;est-ce que la gestion d&rsquo;actifs  ?<\/summary>\n<div style=\"height:30px\" aria-hidden=\"true\" class=\"wp-block-spacer\"><\/div>\n\n\n\n<p>La gestion d\u2019actifs consiste \u00e0 investir les capitaux d\u2019\u00e9pargnants (particuliers, entreprises ou institutions) dans divers types d\u2019actifs tels que des actions, des obligations, des biens immobiliers ou des produits d\u00e9riv\u00e9s, dans le but de g\u00e9n\u00e9rer un rendement optimal tout en minimisant les risques. Les gestionnaires d\u2019actifs \u00e9laborent des strat\u00e9gies d\u2019investissement adapt\u00e9es aux objectifs financiers et au profil de risque de chaque client. Ils surveillent et ajustent les portefeuilles en fonction des conditions de march\u00e9 et des changements dans les besoins des clients.<\/p>\n\n\n\n<div style=\"height:30px\" aria-hidden=\"true\" class=\"wp-block-spacer\"><\/div>\n<\/details>\n\n\n\n<div style=\"height:30px\" aria-hidden=\"true\" class=\"wp-block-spacer\"><\/div>\n<\/div><\/div>\n\n\n\n<div class=\"wp-block-group\"><div class=\"wp-block-group__inner-container is-layout-constrained wp-block-group-is-layout-constrained\">\n<div style=\"height:30px\" aria-hidden=\"true\" class=\"wp-block-spacer\"><\/div>\n\n\n\n<details class=\"wp-block-details has-cyan-background-color has-background is-layout-flow wp-block-details-is-layout-flow\"><summary>Quelles sont les principales missions de l&rsquo;AFG ? <\/summary>\n<div style=\"height:30px\" aria-hidden=\"true\" class=\"wp-block-spacer\"><\/div>\n\n\n\n<p>L&rsquo;AFG a pour mission de promouvoir et d\u00e9fendre l&rsquo;industrie de la gestion d&rsquo;actifs en France, de favoriser la comp\u00e9titivit\u00e9 de ses membres et de renforcer la place de Paris comme centre financier international.&nbsp; Elle assure la formation des acteurs de l&rsquo;industrie de la gestion d&rsquo;actifs mais \u00e9galement d&rsquo;informer et de les assister. L&rsquo;AFG veille \u00e9galement \u00e0 l\u2019\u00e9laboration de pratiques professionnelles et \u00e0 la protection des investisseurs.<\/p>\n\n\n\n<div style=\"height:30px\" aria-hidden=\"true\" class=\"wp-block-spacer\"><\/div>\n<\/details>\n\n\n\n<div style=\"height:30px\" aria-hidden=\"true\" class=\"wp-block-spacer\"><\/div>\n<\/div><\/div>\n\n\n\n<div class=\"wp-block-group\"><div class=\"wp-block-group__inner-container is-layout-constrained wp-block-group-is-layout-constrained\">\n<div style=\"height:30px\" aria-hidden=\"true\" class=\"wp-block-spacer\"><\/div>\n\n\n\n<details class=\"wp-block-details has-cyan-background-color has-background is-layout-flow wp-block-details-is-layout-flow\"><summary>Quels sont les principaux domaines couverts par l&rsquo;AFG ?<\/summary>\n<div style=\"height:30px\" aria-hidden=\"true\" class=\"wp-block-spacer\"><\/div>\n\n\n\n<p>L&rsquo;AFG se concentre principalement sur la gestion de fonds, la r\u00e9glementation financi\u00e8re, la finance durable (ESG), l&rsquo;\u00e9ducation financi\u00e8re et la promotion des meilleures pratiques en mati\u00e8re de gouvernance.<\/p>\n\n\n\n<div style=\"height:30px\" aria-hidden=\"true\" class=\"wp-block-spacer\"><\/div>\n<\/details>\n\n\n\n<div style=\"height:30px\" aria-hidden=\"true\" class=\"wp-block-spacer\"><\/div>\n<\/div><\/div>\n\n\n\n<div class=\"wp-block-group\"><div class=\"wp-block-group__inner-container is-layout-constrained wp-block-group-is-layout-constrained\">\n<div style=\"height:30px\" aria-hidden=\"true\" class=\"wp-block-spacer\"><\/div>\n\n\n\n<details class=\"wp-block-details has-cyan-background-color has-background is-layout-flow wp-block-details-is-layout-flow\"><summary>Quelles sont les solutions d&rsquo;\u00e9pargne existantes ? <\/summary>\n<div style=\"height:30px\" aria-hidden=\"true\" class=\"wp-block-spacer\"><\/div>\n\n\n\n<p>L&rsquo;AFG fait le point sur les 10 produits d&rsquo;\u00e9pargne \u00e0 disposition des fran\u00e7ais. Ces produits d&rsquo;\u00e9pargne regroupent l&rsquo;ensemble des livrets ainsi que les diff\u00e9rents plan d&rsquo;\u00e9pargne, le compte \u00e9pargne logement, l&rsquo;assurance vie et le pan \u00e9pargne avenir climat.<\/p>\n\n\n\n<div style=\"height:30px\" aria-hidden=\"true\" class=\"wp-block-spacer\"><\/div>\n<\/details>\n\n\n\n<div style=\"height:30px\" aria-hidden=\"true\" class=\"wp-block-spacer\"><\/div>\n<\/div><\/div>\n\n\n\n<div class=\"wp-block-group\"><div class=\"wp-block-group__inner-container is-layout-constrained wp-block-group-is-layout-constrained\">\n<div style=\"height:30px\" aria-hidden=\"true\" class=\"wp-block-spacer\"><\/div>\n\n\n\n<details class=\"wp-block-details has-cyan-background-color has-background is-layout-flow wp-block-details-is-layout-flow\"><summary>Comment la gestion d&rsquo;actifs peut-elle m&rsquo;aider ?<\/summary>\n<div style=\"height:30px\" aria-hidden=\"true\" class=\"wp-block-spacer\"><\/div>\n\n\n\n<p>La gestion d&rsquo;actifs aide les \u00e9pargnants en diversifiant leurs investissements, r\u00e9duisant ainsi les risques, tout en leur offrant acc\u00e8s \u00e0 une large gamme de produits financiers. Gr\u00e2ce \u00e0 l&rsquo;expertise professionnelle des gestionnaires, les \u00e9pargnants b\u00e9n\u00e9ficient de strat\u00e9gies personnalis\u00e9es qui optimisent le rendement en fonction de leur tol\u00e9rance au risque et de leurs objectifs. Elle permet \u00e9galement un suivi continu pour ajuster les portefeuilles selon l&rsquo;\u00e9volution des march\u00e9s, maximisant ainsi les opportunit\u00e9s de croissance \u00e0 long terme.<\/p>\n\n\n\n<div style=\"height:30px\" aria-hidden=\"true\" class=\"wp-block-spacer\"><\/div>\n<\/details>\n\n\n\n<div style=\"height:30px\" aria-hidden=\"true\" class=\"wp-block-spacer\"><\/div>\n<\/div><\/div>\n\n\n\n<div class=\"wp-block-group\"><div class=\"wp-block-group__inner-container is-layout-constrained wp-block-group-is-layout-constrained\">\n<div style=\"height:30px\" aria-hidden=\"true\" class=\"wp-block-spacer\"><\/div>\n\n\n\n<details class=\"wp-block-details has-cyan-background-color has-background is-layout-flow wp-block-details-is-layout-flow\"><summary>Quel est l&rsquo;impact de la gestion d&rsquo;actifs sur l&rsquo;\u00e9conomie ? <\/summary>\n<div style=\"height:30px\" aria-hidden=\"true\" class=\"wp-block-spacer\"><\/div>\n\n\n\n<p>La gestion d&rsquo;actifs agit sur l&rsquo;\u00e9conomie en mobilisant l&rsquo;\u00e9pargne vers des investissements productifs, en stabilisant les march\u00e9s financiers, finan\u00e7ants les entreprises pour leur d\u00e9veloppement, en cr\u00e9ant des emplois et en encourageant la finance durable. En r\u00e9sum\u00e9, la gestion d&rsquo;actifs est un moteur cl\u00e9 pour financer la croissance \u00e9conomique, favoriser l&rsquo;innovation, et contribuer \u00e0 la stabilit\u00e9 financi\u00e8re.<\/p>\n\n\n\n<div style=\"height:30px\" aria-hidden=\"true\" class=\"wp-block-spacer\"><\/div>\n<\/details>\n\n\n\n<div style=\"height:30px\" aria-hidden=\"true\" class=\"wp-block-spacer\"><\/div>\n<\/div><\/div>\n\n\n\n<div class=\"wp-block-group\"><div class=\"wp-block-group__inner-container is-layout-constrained wp-block-group-is-layout-constrained\">\n<div style=\"height:30px\" aria-hidden=\"true\" class=\"wp-block-spacer\"><\/div>\n\n\n\n<details class=\"wp-block-details has-cyan-background-color has-background is-layout-flow wp-block-details-is-layout-flow\"><summary>Quels sont les principaux m\u00e9tiers de la finance ?<\/summary>\n<div style=\"height:30px\" aria-hidden=\"true\" class=\"wp-block-spacer\"><\/div>\n\n\n\n<p>Les m\u00e9tiers de la finance sont extr\u00eamement vari\u00e9s. De la gestion aux fonctions supports en passant par le commercial et la gestion des risques financiers, l&rsquo;univers de la finance vous offre un large horizon de m\u00e9tiers passionnants vous offrant la possibilit\u00e9 de jouer un r\u00f4le majeur dans l&rsquo;\u00e9conomie durable.<\/p>\n\n\n\n<div style=\"height:30px\" aria-hidden=\"true\" class=\"wp-block-spacer\"><\/div>\n<\/details>\n\n\n\n<div style=\"height:30px\" aria-hidden=\"true\" class=\"wp-block-spacer\"><\/div>\n<\/div><\/div>\n\n\n\n<div class=\"wp-block-group\"><div class=\"wp-block-group__inner-container is-layout-constrained wp-block-group-is-layout-constrained\">\n<div style=\"height:30px\" aria-hidden=\"true\" class=\"wp-block-spacer\"><\/div>\n\n\n\n<details class=\"wp-block-details has-cyan-background-color has-background is-layout-flow wp-block-details-is-layout-flow\"><summary>Quels sont les types de fonds d&rsquo;investissement ? <\/summary>\n<div style=\"height:30px\" aria-hidden=\"true\" class=\"wp-block-spacer\"><\/div>\n\n\n\n<p>Il existe plusieurs types de fonds d&rsquo;investissement, chacun ayant ses propres caract\u00e9ristiques. Les OPCVM (Organismes de Placement Collectif en Valeurs Mobili\u00e8res) sont des fonds ouverts qui permettent aux investisseurs de diversifier leurs placements dans des actions, obligations ou autres actifs. Les FIA (Fonds d&rsquo;Investissement Alternatifs) sont souvent plus sp\u00e9cialis\u00e9s et moins r\u00e9gul\u00e9s, r\u00e9serv\u00e9s \u00e0 des investisseurs professionnels. Les fonds de capital investissement, fonds immobiliers, et les fonds obligataires sont aussi des options d&rsquo;investissement courantes, chacun ayant des profils de risque et de rendement diff\u00e9rents.<\/p>\n\n\n\n<div style=\"height:30px\" aria-hidden=\"true\" class=\"wp-block-spacer\"><\/div>\n<\/details>\n\n\n\n<div style=\"height:30px\" aria-hidden=\"true\" class=\"wp-block-spacer\"><\/div>\n<\/div><\/div>\n\n\n\n<div class=\"wp-block-group\"><div class=\"wp-block-group__inner-container is-layout-constrained wp-block-group-is-layout-constrained\">\n<div style=\"height:30px\" aria-hidden=\"true\" class=\"wp-block-spacer\"><\/div>\n\n\n\n<details class=\"wp-block-details has-cyan-background-color has-background is-layout-flow wp-block-details-is-layout-flow\"><summary>Quels sont les avantages pour les membres de l&rsquo;AFG ? <\/summary>\n<div style=\"height:30px\" aria-hidden=\"true\" class=\"wp-block-spacer\"><\/div>\n\n\n\n<p>Les membres de l&rsquo;AFG b\u00e9n\u00e9ficient d\u2019un r\u00e9seau professionnel, de formations, de conf\u00e9rences, de conseils sur les \u00e9volutions r\u00e9glementaires et d&rsquo;un soutien dans leurs relations avec les autorit\u00e9s de r\u00e9gulation.<\/p>\n\n\n\n<div style=\"height:30px\" aria-hidden=\"true\" class=\"wp-block-spacer\"><\/div>\n<\/details>\n\n\n\n<div style=\"height:30px\" aria-hidden=\"true\" class=\"wp-block-spacer\"><\/div>\n<\/div><\/div>\n\n\n\n<div class=\"wp-block-group\"><div class=\"wp-block-group__inner-container is-layout-constrained wp-block-group-is-layout-constrained\">\n<div style=\"height:30px\" aria-hidden=\"true\" class=\"wp-block-spacer\"><\/div>\n\n\n\n<details class=\"wp-block-details has-cyan-background-color has-background is-layout-flow wp-block-details-is-layout-flow\"><summary>L&rsquo;AFG participe-t-elle \u00e0 l&rsquo;\u00e9laboration des r\u00e9glementations ? <\/summary>\n<div style=\"height:30px\" aria-hidden=\"true\" class=\"wp-block-spacer\"><\/div>\n\n\n\n<p>L\u2019AFG joue un r\u00f4le actif dans l&rsquo;\u00e9laboration des r\u00e9glementations. Elle collabore \u00e9troitement avec les r\u00e9gulateurs fran\u00e7ais, comme l&rsquo;AMF (Autorit\u00e9 des March\u00e9s Financiers), et europ\u00e9ens, notamment l&rsquo;ESMA (European Securities and Markets Authority). Elle contribue en formulant des recommandations et en participant aux consultations publiques.<\/p>\n\n\n\n<div style=\"height:30px\" aria-hidden=\"true\" class=\"wp-block-spacer\"><\/div>\n<\/details>\n\n\n\n<div style=\"height:30px\" aria-hidden=\"true\" class=\"wp-block-spacer\"><\/div>\n<\/div><\/div>\n\n\n\n<div class=\"wp-block-group\"><div class=\"wp-block-group__inner-container is-layout-constrained wp-block-group-is-layout-constrained\">\n<div style=\"height:30px\" aria-hidden=\"true\" class=\"wp-block-spacer\"><\/div>\n\n\n\n<details class=\"wp-block-details has-cyan-background-color has-background is-layout-flow wp-block-details-is-layout-flow\"><summary>Quels sont les types de fonds d&rsquo;investissement ? <\/summary>\n<div style=\"height:30px\" aria-hidden=\"true\" class=\"wp-block-spacer\"><\/div>\n\n\n\n<p>Il existe plusieurs types de fonds d&rsquo;investissement, chacun ayant ses propres caract\u00e9ristiques. Les OPCVM (Organismes de Placement Collectif en Valeurs Mobili\u00e8res) sont des fonds ouverts qui permettent aux investisseurs de diversifier leurs placements dans des actions, obligations ou autres actifs. Les FIA (Fonds d&rsquo;Investissement Alternatifs) sont souvent plus sp\u00e9cialis\u00e9s et moins r\u00e9gul\u00e9s, r\u00e9serv\u00e9s \u00e0 des investisseurs professionnels. Les fonds de capital investissement, fonds immobiliers, et les fonds obligataires sont aussi des options d&rsquo;investissement courantes, chacun ayant des profils de risque et de rendement diff\u00e9rents.<\/p>\n\n\n\n<div style=\"height:30px\" aria-hidden=\"true\" class=\"wp-block-spacer\"><\/div>\n<\/details>\n\n\n\n<div style=\"height:30px\" aria-hidden=\"true\" class=\"wp-block-spacer\"><\/div>\n<\/div><\/div>\n\n\n\n<div class=\"wp-block-group\"><div class=\"wp-block-group__inner-container is-layout-constrained wp-block-group-is-layout-constrained\">\n<div style=\"height:30px\" aria-hidden=\"true\" class=\"wp-block-spacer\"><\/div>\n\n\n\n<details class=\"wp-block-details has-cyan-background-color has-background is-layout-flow wp-block-details-is-layout-flow\"><summary>Comment l&rsquo;AFG favorise-t-elle la finance durable ? <\/summary>\n<div style=\"height:30px\" aria-hidden=\"true\" class=\"wp-block-spacer\"><\/div>\n\n\n\n<p>L&rsquo;AFG est un acteur cl\u00e9 dans la promotion de la finance durable en France. Elle encourage les soci\u00e9t\u00e9s de gestion \u00e0 int\u00e9grer des crit\u00e8res ESG (environnementaux, sociaux, et de gouvernance) dans leurs processus d&rsquo;investissement. L&rsquo;association participe \u00e0 l&rsquo;\u00e9laboration de cadres r\u00e9glementaires favorisant l&rsquo;investissement responsable, et promeut des initiatives comme le label ISR (Investissement Socialement Responsable), garantissant que les fonds prennent en compte des pratiques durables dans leurs d\u00e9cisions d&rsquo;investissement.<\/p>\n\n\n\n<div style=\"height:30px\" aria-hidden=\"true\" class=\"wp-block-spacer\"><\/div>\n<\/details>\n\n\n\n<div style=\"height:30px\" aria-hidden=\"true\" class=\"wp-block-spacer\"><\/div>\n<\/div><\/div>\n<\/div><\/div>\n","protected":false},"excerpt":{"rendered":"","protected":false},"author":6,"featured_media":0,"parent":0,"menu_order":0,"comment_status":"closed","ping_status":"closed","template":"","meta":{"_acf_changed":false,"_gspb_post_css":"","footnotes":""},"class_list":["post-1098","page","type-page","status-publish","hentry"],"acf":[],"_links":{"self":[{"href":"https:\/\/www.afg.asso.fr\/fr\/wp-json\/wp\/v2\/pages\/1098","targetHints":{"allow":["GET"]}}],"collection":[{"href":"https:\/\/www.afg.asso.fr\/fr\/wp-json\/wp\/v2\/pages"}],"about":[{"href":"https:\/\/www.afg.asso.fr\/fr\/wp-json\/wp\/v2\/types\/page"}],"author":[{"embeddable":true,"href":"https:\/\/www.afg.asso.fr\/fr\/wp-json\/wp\/v2\/users\/6"}],"replies":[{"embeddable":true,"href":"https:\/\/www.afg.asso.fr\/fr\/wp-json\/wp\/v2\/comments?post=1098"}],"version-history":[{"count":0,"href":"https:\/\/www.afg.asso.fr\/fr\/wp-json\/wp\/v2\/pages\/1098\/revisions"}],"wp:attachment":[{"href":"https:\/\/www.afg.asso.fr\/fr\/wp-json\/wp\/v2\/media?parent=1098"}],"curies":[{"name":"wp","href":"https:\/\/api.w.org\/{rel}","templated":true}]}}