{"id":10137,"date":"2024-10-08T18:11:28","date_gmt":"2024-10-08T16:11:28","guid":{"rendered":"https:\/\/www.afg.asso.fr\/?page_id=10137"},"modified":"2026-01-12T17:23:05","modified_gmt":"2026-01-12T16:23:05","slug":"adhesion-des-sgp","status":"publish","type":"page","link":"https:\/\/www.afg.asso.fr\/fr\/adhesion-des-sgp\/","title":{"rendered":"Adh\u00e9sion des SGP"},"content":{"rendered":"\n<div style=\"height:40px\" aria-hidden=\"true\" class=\"wp-block-spacer\"><\/div>\n\n\n\n<div class=\"wp-block-columns alignwide is-layout-flex wp-container-core-columns-is-layout-28f84493 wp-block-columns-is-layout-flex\">\n<div class=\"wp-block-column is-layout-flow wp-block-column-is-layout-flow\" style=\"flex-basis:66.66%\">\n<h2 class=\"wp-block-heading alignwide\" id=\"dossier-d-adhesion-pour-les-sgp\">Dossier d&rsquo;adh\u00e9sion pour les SGP<\/h2>\n\n\n\n<p>Vous trouverez ci-dessous l\u2019ensemble des documents vous permettant de constituer votre dossier d\u2019adh\u00e9sion :<\/p>\n\n\n\n<ul class=\"wp-block-list\">\n<li><a href=\"https:\/\/www.afg.asso.fr\/fr\/publication\/modalites-de-calcul-de-cotisation-2024\/\" data-type=\"link\" data-id=\"https:\/\/www.afg.asso.fr\/fr\/publication\/modalites-de-calcul-de-cotisation-2024\/\" target=\"_blank\" rel=\"noreferrer noopener\">Modalit\u00e9s de calcul de cotisation<\/a><\/li>\n\n\n\n<li><a href=\"https:\/\/www.afg.asso.fr\/fr\/publication\/guide-dadhesion-a-l-afg-pour-les-societes-de-gestion\/\" data-type=\"link\" data-id=\"https:\/\/www.afg.asso.fr\/fr\/publication\/guide-dadhesion-a-l-afg-pour-les-societes-de-gestion\/\">Guide d\u2019adh\u00e9sion \u00e0 l\u2019AFG<\/a><\/li>\n\n\n\n<li><a href=\"https:\/\/www.afg.asso.fr\/fr\/publication\/bulletin-dadhesion\/\" data-type=\"link\" data-id=\"https:\/\/www.afg.asso.fr\/fr\/publication\/bulletin-dadhesion\/\">Bulletin d\u2019adh\u00e9sion<\/a><\/li>\n\n\n\n<li><a href=\"https:\/\/www.afg.asso.fr\/fr\/publication\/fiche-de-renseignements-societes-de-gestion\/\" data-type=\"link\" data-id=\"https:\/\/www.afg.asso.fr\/fr\/publication\/fiche-de-renseignements-societes-de-gestion\/\">Fiche de renseignements soci\u00e9t\u00e9s de gestion<\/a><\/li>\n\n\n\n<li><a href=\"https:\/\/www.afg.asso.fr\/fr\/publication\/enquete-interlocuteurs\/\" data-type=\"link\" data-id=\"https:\/\/www.afg.asso.fr\/fr\/publication\/enquete-interlocuteurs\/\" target=\"_blank\" rel=\"noreferrer noopener\">Enqu\u00eate interlocuteurs<\/a><\/li>\n<\/ul>\n\n\n\n<p>T\u00e9l\u00e9chargez :<\/p>\n\n\n\n<ul class=\"wp-block-list\">\n<li>la <a href=\"https:\/\/www.afg.asso.fr\/fr\/publication\/charte-de-conformite-au-droit-de-la-concurrence-annexe-au-reglement-interieur-du-ca-de-l-afg\/\" data-type=\"link\" data-id=\"https:\/\/www.afg.asso.fr\/fr\/publication\/charte-de-conformite-au-droit-de-la-concurrence-annexe-au-reglement-interieur-du-ca-de-l-afg\/\" target=\"_blank\" rel=\"noreferrer noopener\">Charte de conformit\u00e9 au droit de la concurrence<\/a>&nbsp;et sa<a href=\"https:\/\/www.afg.asso.fr\/fr\/publication\/note-explicative-de-la-charte-droit-de-la-concurrence-afg\/\" data-type=\"link\" data-id=\"https:\/\/www.afg.asso.fr\/fr\/publication\/note-explicative-de-la-charte-droit-de-la-concurrence-afg\/\" target=\"_blank\" rel=\"noreferrer noopener\">&nbsp;Note explicative<\/a>.<\/li>\n<\/ul>\n<\/div>\n\n\n\n<div class=\"wp-block-column is-vertically-aligned-center is-layout-flow wp-block-column-is-layout-flow\" style=\"flex-basis:33.33%\">\n<div class=\"wp-block-buttons is-content-justification-center is-layout-flex wp-container-core-buttons-is-layout-72caf8c6 wp-block-buttons-is-layout-flex\">\n<div class=\"wp-block-button is-style-cyan\"><a class=\"wp-block-button__link has-blue-background-color has-background wp-element-button\" href=\"http:\/\/xrm.eudonet.com\/specif\/eudo_06229\/Annuaire\/connexion.aspx\" style=\"border-radius:60px;padding-top:var(--wp--preset--spacing--50);padding-bottom:var(--wp--preset--spacing--50)\" target=\"_blank\" rel=\"noreferrer noopener\">Acc\u00e8s provisoire \u00e0 l&rsquo;annuaire<\/a><\/div>\n<\/div>\n<\/div>\n<\/div>\n\n\n\n<div style=\"height:20px\" aria-hidden=\"true\" class=\"wp-block-spacer\"><\/div>\n\n\n\n<div class=\"wp-block-columns alignwide is-layout-flex wp-container-core-columns-is-layout-28f84493 wp-block-columns-is-layout-flex\">\n<div class=\"wp-block-column is-layout-flow wp-block-column-is-layout-flow\">\n<p>Pour tous les renseignements relatifs aux modalit\u00e9s d\u2019adh\u00e9sion et de cotisation\u00a0s\u2019adresser \u00e0 : <a href=\"mailto:p.ramos@afg.asso.fr\" target=\"_blank\" rel=\"noreferrer noopener\">Paula Ramos<\/a>,\u00a0Secr\u00e9taire G\u00e9n\u00e9rale adjointe\u00a0(T\u00e9l. : 06 17 29 26 29) ou <a href=\"mailto:g.lasne@afg.asso.fr\" target=\"_blank\" rel=\"noreferrer noopener\">Gr\u00e9gory Lasne<\/a>, Directeur Services Membres (T\u00e9l. : 06 14 57 85 40)<\/p>\n\n\n\n<div style=\"height:40px\" aria-hidden=\"true\" class=\"wp-block-spacer\"><\/div>\n<\/div>\n<\/div>\n","protected":false},"excerpt":{"rendered":"<p>Dossier d&rsquo;adh\u00e9sion pour les SGP Vous trouverez ci-dessous l\u2019ensemble des documents vous permettant de constituer votre dossier d\u2019adh\u00e9sion : T\u00e9l\u00e9chargez&hellip;<\/p>\n","protected":false},"author":6,"featured_media":0,"parent":0,"menu_order":0,"comment_status":"closed","ping_status":"closed","template":"","meta":{"_acf_changed":false,"_gspb_post_css":"","footnotes":""},"class_list":["post-10137","page","type-page","status-publish","hentry"],"acf":[],"_links":{"self":[{"href":"https:\/\/www.afg.asso.fr\/fr\/wp-json\/wp\/v2\/pages\/10137","targetHints":{"allow":["GET"]}}],"collection":[{"href":"https:\/\/www.afg.asso.fr\/fr\/wp-json\/wp\/v2\/pages"}],"about":[{"href":"https:\/\/www.afg.asso.fr\/fr\/wp-json\/wp\/v2\/types\/page"}],"author":[{"embeddable":true,"href":"https:\/\/www.afg.asso.fr\/fr\/wp-json\/wp\/v2\/users\/6"}],"replies":[{"embeddable":true,"href":"https:\/\/www.afg.asso.fr\/fr\/wp-json\/wp\/v2\/comments?post=10137"}],"version-history":[{"count":0,"href":"https:\/\/www.afg.asso.fr\/fr\/wp-json\/wp\/v2\/pages\/10137\/revisions"}],"wp:attachment":[{"href":"https:\/\/www.afg.asso.fr\/fr\/wp-json\/wp\/v2\/media?parent=10137"}],"curies":[{"name":"wp","href":"https:\/\/api.w.org\/{rel}","templated":true}]}}