{"id":10133,"date":"2024-10-08T18:07:45","date_gmt":"2024-10-08T16:07:45","guid":{"rendered":"https:\/\/www.afg.asso.fr\/?page_id=10133"},"modified":"2025-10-02T11:26:30","modified_gmt":"2025-10-02T09:26:30","slug":"adherer-a-lafg","status":"publish","type":"page","link":"https:\/\/www.afg.asso.fr\/fr\/adherer-a-lafg\/","title":{"rendered":"Adh\u00e9rer \u00e0 l&rsquo;AFG"},"content":{"rendered":"\n<div style=\"height:40px\" aria-hidden=\"true\" class=\"wp-block-spacer\"><\/div>\n\n\n\n<div class=\"wp-block-columns alignwide is-layout-flex wp-container-core-columns-is-layout-28f84493 wp-block-columns-is-layout-flex\">\n<div class=\"wp-block-column is-layout-flow wp-block-column-is-layout-flow\">\n<h2 class=\"wp-block-heading\">L\u2019obligation pour les soci\u00e9t\u00e9s de gestion d\u2019adh\u00e9rer \u00e0 une association<\/h2>\n\n\n\n<p class=\"has-blue-color has-text-color has-link-color wp-elements-002703ad8bd90d5544927c0eb1cfdaa9\">Le <strong>code Mon\u00e9taire et Financier <\/strong>(<em>article L 531-8<\/em>) indique que chaque entreprise d\u2019investissement (dont les soci\u00e9t\u00e9s de gestion), adh\u00e8re \u00e0 une association de son choix, charg\u00e9e de la repr\u00e9sentation collective et de la d\u00e9fense des droits et int\u00e9r\u00eats de ses membres. Cette association doit \u00eatre affili\u00e9e \u00e0 l&rsquo;<strong>AFECEI &#8211; Association Fran\u00e7aise des Etablissements de Cr\u00e9dit et des Entreprises d&rsquo;Investissement.<\/strong><\/p>\n\n\n\n<p class=\"has-blue-color has-text-color has-link-color wp-elements-3d4273578ee10316ce0800bfa9141e26\">L\u2019AFG est membre de l\u2019AFECEI depuis le 5 septembre 1996.<\/p>\n\n\n\n<p><strong>Devenir membre de l&rsquo;AFG permet donc de satisfaire cette obligation du Code Mon\u00e9taire et Financier. <\/strong><\/p>\n<\/div>\n<\/div>\n\n\n\n<div style=\"height:60px\" aria-hidden=\"true\" class=\"wp-block-spacer\"><\/div>\n\n\n\n<div class=\"wp-block-columns alignwide is-layout-flex wp-container-core-columns-is-layout-28f84493 wp-block-columns-is-layout-flex\">\n<div class=\"wp-block-column is-layout-flow wp-block-column-is-layout-flow\">\n<h2 class=\"wp-block-heading\">Qui adh\u00e8re \u00e0 l&rsquo;AFG ? <\/h2>\n\n\n\n<p><strong>Les entreprises fran\u00e7aises agr\u00e9\u00e9es pour exercer, de fa\u00e7on habituelle, la gestion de portefeuille pour compte de tiers<\/strong>&nbsp;et les soci\u00e9t\u00e9s d\u2019investissement (en particulier les soci\u00e9t\u00e9s de gestion de portefeuille et les SICAV).<\/p>\n\n\n\n<div class=\"wp-block-buttons is-horizontal is-content-justification-center is-layout-flex wp-container-core-buttons-is-layout-03627597 wp-block-buttons-is-layout-flex\">\n<div class=\"wp-block-button is-style-cyan\"><a class=\"wp-block-button__link has-blue-background-color has-background wp-element-button\" href=\"https:\/\/www.afg.asso.fr\/fr\/adhesion-des-sgp\/\" style=\"border-radius:60px;padding-top:var(--wp--preset--spacing--40);padding-bottom:var(--wp--preset--spacing--40)\" target=\"_blank\" rel=\"noreferrer noopener\">T\u00e9l\u00e9chargez votre dossier d&rsquo;adh\u00e9sion si vous \u00eates une soci\u00e9t\u00e9 de gestion <\/a><\/div>\n<\/div>\n\n\n\n<div style=\"height:40px\" aria-hidden=\"true\" class=\"wp-block-spacer\"><\/div>\n\n\n\n<p>Pour tous les renseignements relatifs aux modalit\u00e9s d&rsquo;adh\u00e9sion et de cotisation, s&rsquo;adresser \u00e0 :<\/p>\n\n\n\n<p><a href=\"mailto:p.ramos@afg.asso.fr\" target=\"_blank\" rel=\"noreferrer noopener\">Paula Ramos<\/a>, Secr\u00e9taire G\u00e9n\u00e9rale adjointe (T\u00e9l : 06 17 29 26 29) ou <a href=\"mailto:g.lasne@afg.asso.fr\" target=\"_blank\" rel=\"noreferrer noopener\">Gr\u00e9gory Lasne<\/a>, Directeur Services Membres (T\u00e9l : 06 14 57 85 40)<\/p>\n\n\n\n<div style=\"height:60px\" aria-hidden=\"true\" class=\"wp-block-spacer\"><\/div>\n<\/div>\n<\/div>\n\n\n\n<div class=\"wp-block-columns alignwide is-layout-flex wp-container-core-columns-is-layout-28f84493 wp-block-columns-is-layout-flex\">\n<div class=\"wp-block-column is-layout-flow wp-block-column-is-layout-flow\">\n<h2 class=\"wp-block-heading\">Membres correspondants <\/h2>\n\n\n\n<ul class=\"wp-block-list\">\n<li>L\u2019AFG a d\u00e9cid\u00e9 en 2009&nbsp;<strong>d\u2019accueillir des \u00ab membres correspondants \u00bb,<\/strong>&nbsp;afin d\u2019\u00e9largir sa capacit\u00e9 de r\u00e9flexion et de proposition, en b\u00e9n\u00e9ficiant de l\u2019expertise de ces prestataires, repr\u00e9sentatifs de son \u00e9cosyst\u00e8me. L\u2019association des membres correspondants \u00e0 la vie de l\u2019AFG se traduit en particulier par une participation aux groupes de travail ad hoc constitu\u00e9s pour traiter un sujet donn\u00e9 impliquant l\u2019industrie fran\u00e7aise de la gestion d\u2019actifs pour compte de tiers.<\/li>\n<\/ul>\n\n\n\n<p><\/p>\n\n\n\n<ul class=\"wp-block-list\">\n<li>Le Conseil d\u2019administration de l\u2019AFG a souhait\u00e9 que ce statut de membres correspondants soit&nbsp;<strong>r\u00e9serv\u00e9 aux prestataires suivants<\/strong>&nbsp;:\n<ul class=\"wp-block-list\">\n<li>avocats, cabinets de conseils juridiques et\/ou fiscaux ; <\/li>\n\n\n\n<li>cabinets de conseil ; <\/li>\n\n\n\n<li>cabinets d\u2019audit, experts comptables, commissaires aux comptes&nbsp;<strong>;<\/strong><\/li>\n\n\n\n<li>soci\u00e9t\u00e9s de services informatiques et \u00e9diteurs de logiciels sp\u00e9cialis\u00e9s dans la gestion financi\u00e8re&nbsp;<strong>;<\/strong><\/li>\n\n\n\n<li>fournisseurs d\u2019informations et d\u2019analyses financi\u00e8res&nbsp;<strong>;<\/strong><\/li>\n\n\n\n<li>succursales fran\u00e7aises des&nbsp;soci\u00e9t\u00e9s de gestion \u00e9trang\u00e8res.<\/li>\n<\/ul>\n<\/li>\n<\/ul>\n\n\n\n<p>Pour tous les renseignements concernant <strong>ce statut de \u00ab\u00a0membre correspondant\u00a0\u00bb,\u00a0<\/strong>vous pouvez contacter\u00a0<a href=\"mailto:g.lasne@afg.asso.fr\" target=\"_blank\" rel=\"noreferrer noopener\">Gr\u00e9gory Lasne<\/a>, Directeur Services Membres (T\u00e9l : 06 14 57 85 40)<br><br>Pour compl\u00e9ter votre dossier, merci d&rsquo;utiliser l\u2019<a href=\"http:\/\/xrm.eudonet.com\/specif\/eudo_06229\/Annuaire\/connexion.aspx\" target=\"_blank\" rel=\"noreferrer noopener\">Acc\u00e8s provisoire \u00e0 l\u2019annuaire<\/a><\/p>\n<\/div>\n<\/div>\n\n\n\n<div style=\"height:30px\" aria-hidden=\"true\" class=\"wp-block-spacer\"><\/div>\n","protected":false},"excerpt":{"rendered":"<p>L\u2019obligation pour les soci\u00e9t\u00e9s de gestion d\u2019adh\u00e9rer \u00e0 une association Le code Mon\u00e9taire et Financier (article L 531-8) indique que&hellip;<\/p>\n","protected":false},"author":6,"featured_media":0,"parent":0,"menu_order":0,"comment_status":"closed","ping_status":"closed","template":"","meta":{"_acf_changed":false,"_gspb_post_css":"","footnotes":""},"class_list":["post-10133","page","type-page","status-publish","hentry"],"acf":[],"_links":{"self":[{"href":"https:\/\/www.afg.asso.fr\/fr\/wp-json\/wp\/v2\/pages\/10133","targetHints":{"allow":["GET"]}}],"collection":[{"href":"https:\/\/www.afg.asso.fr\/fr\/wp-json\/wp\/v2\/pages"}],"about":[{"href":"https:\/\/www.afg.asso.fr\/fr\/wp-json\/wp\/v2\/types\/page"}],"author":[{"embeddable":true,"href":"https:\/\/www.afg.asso.fr\/fr\/wp-json\/wp\/v2\/users\/6"}],"replies":[{"embeddable":true,"href":"https:\/\/www.afg.asso.fr\/fr\/wp-json\/wp\/v2\/comments?post=10133"}],"version-history":[{"count":0,"href":"https:\/\/www.afg.asso.fr\/fr\/wp-json\/wp\/v2\/pages\/10133\/revisions"}],"wp:attachment":[{"href":"https:\/\/www.afg.asso.fr\/fr\/wp-json\/wp\/v2\/media?parent=10133"}],"curies":[{"name":"wp","href":"https:\/\/api.w.org\/{rel}","templated":true}]}}