{"id":30871,"date":"2024-08-12T17:30:41","date_gmt":"2024-08-12T15:30:41","guid":{"rendered":"https:\/\/www.afg.asso.fr\/web-serie-tous-experts\/"},"modified":"2025-09-30T16:45:17","modified_gmt":"2025-09-30T14:45:17","slug":"web-serie-tous-experts","status":"publish","type":"page","link":"https:\/\/www.afg.asso.fr\/en\/web-serie-tous-experts\/","title":{"rendered":"All experts !"},"content":{"rendered":"\n<div style=\"height:50px\" aria-hidden=\"true\" class=\"wp-block-spacer\"><\/div>\n\n\n\n<h2 class=\"wp-block-heading\"><strong>Questions <\/strong>for AFG experts (<em>audio french only<\/em>)<\/h2>\n\n\n\n<div style=\"height:30px\" aria-hidden=\"true\" class=\"wp-block-spacer\"><\/div>\n\n\n\n<p class=\"has-text-align-left\">To better understand the challenges facing the asset management industry, we&#8217;ve created a series of videos with our experts, inspired by the Konbini format. These short, dynamic videos provide a <strong>clear and simple overview of the challenges facing the industry.<\/strong><\/p>\n\n\n\n<h3 class=\"wp-block-heading has-cyan-color has-text-color has-link-color wp-elements-8b855133833b8f0b707f99ebb6cdfdad\">Experts Express #1 : Asset management by Adina Gurau-Audibert, Head of Asset management Expertise<\/h3>\n\n\n<div class=\"wp-block-image\">\n<figure class=\"aligncenter size-large is-resized\"><img loading=\"lazy\" decoding=\"async\" width=\"1024\" height=\"1024\" src=\"https:\/\/www.afg.asso.fr\/app\/uploads\/2024\/11\/EXPERTISES-ADINA-1024x1024.png\" alt=\"Main portant un engrenage avec le signe 'valid\u00e9&quot;\" class=\"wp-image-110653\" style=\"width:174px;height:auto\" srcset=\"https:\/\/www.afg.asso.fr\/app\/uploads\/2024\/11\/EXPERTISES-ADINA-1024x1024.png 1024w, https:\/\/www.afg.asso.fr\/app\/uploads\/2024\/11\/EXPERTISES-ADINA-300x300.png 300w, https:\/\/www.afg.asso.fr\/app\/uploads\/2024\/11\/EXPERTISES-ADINA-150x150.png 150w, https:\/\/www.afg.asso.fr\/app\/uploads\/2024\/11\/EXPERTISES-ADINA-768x768.png 768w, https:\/\/www.afg.asso.fr\/app\/uploads\/2024\/11\/EXPERTISES-ADINA-1536x1536.png 1536w, https:\/\/www.afg.asso.fr\/app\/uploads\/2024\/11\/EXPERTISES-ADINA-306x306.png 306w, https:\/\/www.afg.asso.fr\/app\/uploads\/2024\/11\/EXPERTISES-ADINA-60x60.png 60w, https:\/\/www.afg.asso.fr\/app\/uploads\/2024\/11\/EXPERTISES-ADINA.png 2000w\" sizes=\"auto, (max-width: 1024px) 100vw, 1024px\" \/><\/figure>\n<\/div>\n\n\n<p>\ud83d\udcac \u00ab <strong><em>\u201cThe asset management business is different from the banking business: we don&#8217;t hold the funds.<\/em><\/strong> \u00bb : Adina Gurau-Audibert explains what asset management is all about!<\/p>\n\n\n\n<figure class=\"wp-block-embed is-type-video is-provider-vimeo wp-block-embed-vimeo wp-embed-aspect-16-9 wp-has-aspect-ratio\"><div class=\"wp-block-embed__wrapper\">\n<iframe loading=\"lazy\" title=\"Experts Express #1 La gestion d&#039;actifs - Adina Gurau Audibert - Directrice des Expertises\" src=\"https:\/\/player.vimeo.com\/video\/1031856273?h=ffe4f3482a&amp;dnt=1&amp;app_id=122963\" width=\"500\" height=\"281\" frameborder=\"0\" allow=\"autoplay; fullscreen; picture-in-picture; clipboard-write; encrypted-media; web-share\" referrerpolicy=\"strict-origin-when-cross-origin\"><\/iframe>\n<\/div><\/figure>\n\n\n\n<div style=\"height:30px\" aria-hidden=\"true\" class=\"wp-block-spacer\"><\/div>\n\n\n\n<h3 class=\"wp-block-heading has-cyan-color has-text-color has-link-color wp-elements-5c12922af6f5006ee90ddc64044a361e\">Experts Express #2 : Employee savings and retirement by Gregory Miroux, Employee and Retirement Savings director <\/h3>\n\n\n<div class=\"wp-block-image\">\n<figure class=\"aligncenter size-large is-resized\"><img loading=\"lazy\" decoding=\"async\" width=\"1024\" height=\"1024\" src=\"https:\/\/www.afg.asso.fr\/app\/uploads\/2024\/12\/EPARGNE-GREGORY-euro-1024x1024.png\" alt=\"Main qui d\u00e9pose une pi\u00e8ce de monnaie (euros) dans un bocal plein de pi\u00e8ces.\" class=\"wp-image-111766\" style=\"width:190px;height:auto\" srcset=\"https:\/\/www.afg.asso.fr\/app\/uploads\/2024\/12\/EPARGNE-GREGORY-euro-1024x1024.png 1024w, https:\/\/www.afg.asso.fr\/app\/uploads\/2024\/12\/EPARGNE-GREGORY-euro-300x300.png 300w, https:\/\/www.afg.asso.fr\/app\/uploads\/2024\/12\/EPARGNE-GREGORY-euro-150x150.png 150w, https:\/\/www.afg.asso.fr\/app\/uploads\/2024\/12\/EPARGNE-GREGORY-euro-768x768.png 768w, https:\/\/www.afg.asso.fr\/app\/uploads\/2024\/12\/EPARGNE-GREGORY-euro-1536x1536.png 1536w, https:\/\/www.afg.asso.fr\/app\/uploads\/2024\/12\/EPARGNE-GREGORY-euro-459x459.png 459w, https:\/\/www.afg.asso.fr\/app\/uploads\/2024\/12\/EPARGNE-GREGORY-euro-60x60.png 60w, https:\/\/www.afg.asso.fr\/app\/uploads\/2024\/12\/EPARGNE-GREGORY-euro.png 2000w\" sizes=\"auto, (max-width: 1024px) 100vw, 1024px\" \/><\/figure>\n<\/div>\n\n\n<p>\ud83d\udcac \u00ab <strong><em>Employee and pension savings are invested in financing the economy. It creates a virtuous circle between the wealth produced and the sums saved and invested to create the wealth of tomorrow. <\/em><\/strong>\u00bb : Gr\u00e9gory Miroux explains the importance, for both companies and employees, of these schemes, whose outstandings continue to grow.<\/p>\n\n\n\n<figure class=\"wp-block-embed is-type-video is-provider-vimeo wp-block-embed-vimeo wp-embed-aspect-16-9 wp-has-aspect-ratio\"><div class=\"wp-block-embed__wrapper\">\n<iframe loading=\"lazy\" title=\"Experts Express #2 Epargne salariale et retraite - Gregory Miroux - Directeur Epargne salariale et Epargne retraite\" src=\"https:\/\/player.vimeo.com\/video\/1031873746?h=870c5f34af&amp;dnt=1&amp;app_id=122963\" width=\"500\" height=\"281\" frameborder=\"0\" allow=\"autoplay; fullscreen; picture-in-picture; clipboard-write; encrypted-media; web-share\" referrerpolicy=\"strict-origin-when-cross-origin\"><\/iframe>\n<\/div><\/figure>\n\n\n\n<div style=\"height:30px\" aria-hidden=\"true\" class=\"wp-block-spacer\"><\/div>\n\n\n\n<h3 class=\"wp-block-heading has-cyan-color has-text-color has-link-color wp-elements-6e79581656cd890c8f2738194416bcd6\">Experts Express #3 : Real assets by David Muresianu, Real assets director <\/h3>\n\n\n<div class=\"wp-block-image\">\n<figure class=\"aligncenter size-large is-resized\"><img loading=\"lazy\" decoding=\"async\" width=\"1024\" height=\"1024\" src=\"https:\/\/www.afg.asso.fr\/app\/uploads\/2024\/12\/ACTIFS-REELS-DAVID-euro-1024x1024.png\" alt=\"Dessin de b\u00e2timents et maison repr\u00e9sentant l'immobilier avec une pi\u00e8ce de monnaie au premier plan.\" class=\"wp-image-111768\" style=\"width:184px;height:auto\" srcset=\"https:\/\/www.afg.asso.fr\/app\/uploads\/2024\/12\/ACTIFS-REELS-DAVID-euro-1024x1024.png 1024w, https:\/\/www.afg.asso.fr\/app\/uploads\/2024\/12\/ACTIFS-REELS-DAVID-euro-300x300.png 300w, https:\/\/www.afg.asso.fr\/app\/uploads\/2024\/12\/ACTIFS-REELS-DAVID-euro-150x150.png 150w, https:\/\/www.afg.asso.fr\/app\/uploads\/2024\/12\/ACTIFS-REELS-DAVID-euro-768x768.png 768w, https:\/\/www.afg.asso.fr\/app\/uploads\/2024\/12\/ACTIFS-REELS-DAVID-euro-1536x1536.png 1536w, https:\/\/www.afg.asso.fr\/app\/uploads\/2024\/12\/ACTIFS-REELS-DAVID-euro-459x459.png 459w, https:\/\/www.afg.asso.fr\/app\/uploads\/2024\/12\/ACTIFS-REELS-DAVID-euro-60x60.png 60w, https:\/\/www.afg.asso.fr\/app\/uploads\/2024\/12\/ACTIFS-REELS-DAVID-euro.png 2000w\" sizes=\"auto, (max-width: 1024px) 100vw, 1024px\" \/><\/figure>\n<\/div>\n\n\n<p>\ud83d\udcac \u00ab<strong><em> Our businesses are ones of conviction. Funds are becoming increasingly important in the financing of major infrastructures that will benefit us all.<\/em><\/strong> \u00bb David Muresianu explains why investing in real estate, infrastructure (renewable energies, water, fiber optics) or unlisted companies are diversification opportunities for investors and help finance tomorrow&#8217;s world.<\/p>\n\n\n\n<figure class=\"wp-block-embed is-type-video is-provider-vimeo wp-block-embed-vimeo wp-embed-aspect-16-9 wp-has-aspect-ratio\"><div class=\"wp-block-embed__wrapper\">\n<iframe loading=\"lazy\" title=\"Experts Express #3 Actifs r\u00e9els - David Muresianu - Directeur Actifs r\u00e9els\" src=\"https:\/\/player.vimeo.com\/video\/1031875031?h=576d6ab22c&amp;dnt=1&amp;app_id=122963\" width=\"500\" height=\"281\" frameborder=\"0\" allow=\"autoplay; fullscreen; picture-in-picture; clipboard-write; encrypted-media; web-share\" referrerpolicy=\"strict-origin-when-cross-origin\"><\/iframe>\n<\/div><\/figure>\n\n\n\n<div style=\"height:30px\" aria-hidden=\"true\" class=\"wp-block-spacer\"><\/div>\n\n\n\n<h3 class=\"wp-block-heading has-cyan-color has-text-color has-link-color wp-elements-96a2d05fedfb4b2d3388c8f46a80e652\">Experts Express #4 : Sustainable Investment by Ana Pires, Sustainable Investment director<\/h3>\n\n\n<div class=\"wp-block-image\">\n<figure class=\"aligncenter size-large is-resized\"><img loading=\"lazy\" decoding=\"async\" width=\"1024\" height=\"1024\" src=\"https:\/\/www.afg.asso.fr\/app\/uploads\/2024\/11\/IR-ANA-1024x1024.png\" alt=\"Dessin d'une main contenant une pi\u00e8ce avec une plante \u00e0 l'int\u00e9rieur de celle-ci. \" class=\"wp-image-110659\" style=\"width:144px;height:auto\" srcset=\"https:\/\/www.afg.asso.fr\/app\/uploads\/2024\/11\/IR-ANA-1024x1024.png 1024w, https:\/\/www.afg.asso.fr\/app\/uploads\/2024\/11\/IR-ANA-300x300.png 300w, https:\/\/www.afg.asso.fr\/app\/uploads\/2024\/11\/IR-ANA-150x150.png 150w, https:\/\/www.afg.asso.fr\/app\/uploads\/2024\/11\/IR-ANA-768x768.png 768w, https:\/\/www.afg.asso.fr\/app\/uploads\/2024\/11\/IR-ANA-1536x1536.png 1536w, https:\/\/www.afg.asso.fr\/app\/uploads\/2024\/11\/IR-ANA-306x306.png 306w, https:\/\/www.afg.asso.fr\/app\/uploads\/2024\/11\/IR-ANA-60x60.png 60w, https:\/\/www.afg.asso.fr\/app\/uploads\/2024\/11\/IR-ANA.png 2000w\" sizes=\"auto, (max-width: 1024px) 100vw, 1024px\" \/><\/figure>\n<\/div>\n\n\n<p>\ud83d\udcac\u201c<strong><em>There is growing interest in sustainable finance products and a growing awareness of the importance of extra-financial criteria. Companies are realizing that it&#8217;s worth looking into the issue to invest in the transition and support change in our economy.<\/em><\/strong>\u201d : Ana Pires explains the various issues and challenges of sustainable finance in today&#8217;s asset management industry.<\/p>\n\n\n\n<figure class=\"wp-block-embed is-type-video is-provider-vimeo wp-block-embed-vimeo wp-embed-aspect-16-9 wp-has-aspect-ratio\"><div class=\"wp-block-embed__wrapper\">\n<iframe loading=\"lazy\" title=\"Experts Express #4 L&#039;investissement responsable - Ana Pires - Directrice Investissement Responsable\" src=\"https:\/\/player.vimeo.com\/video\/1031890347?h=69a30ff232&amp;dnt=1&amp;app_id=122963\" width=\"500\" height=\"281\" frameborder=\"0\" allow=\"autoplay; fullscreen; picture-in-picture; clipboard-write; encrypted-media; web-share\" referrerpolicy=\"strict-origin-when-cross-origin\"><\/iframe>\n<\/div><\/figure>\n\n\n\n<div style=\"height:100px\" aria-hidden=\"true\" class=\"wp-block-spacer\"><\/div>\n","protected":false},"excerpt":{"rendered":"<p>Questions for AFG experts (audio french only) To better understand the challenges facing the asset management industry, we&#8217;ve created a&hellip;<\/p>\n","protected":false},"author":6,"featured_media":0,"parent":0,"menu_order":0,"comment_status":"closed","ping_status":"closed","template":"","meta":{"_acf_changed":false,"_gspb_post_css":"","footnotes":""},"class_list":["post-30871","page","type-page","status-publish","hentry"],"acf":[],"_links":{"self":[{"href":"https:\/\/www.afg.asso.fr\/en\/wp-json\/wp\/v2\/pages\/30871","targetHints":{"allow":["GET"]}}],"collection":[{"href":"https:\/\/www.afg.asso.fr\/en\/wp-json\/wp\/v2\/pages"}],"about":[{"href":"https:\/\/www.afg.asso.fr\/en\/wp-json\/wp\/v2\/types\/page"}],"author":[{"embeddable":true,"href":"https:\/\/www.afg.asso.fr\/en\/wp-json\/wp\/v2\/users\/6"}],"replies":[{"embeddable":true,"href":"https:\/\/www.afg.asso.fr\/en\/wp-json\/wp\/v2\/comments?post=30871"}],"version-history":[{"count":0,"href":"https:\/\/www.afg.asso.fr\/en\/wp-json\/wp\/v2\/pages\/30871\/revisions"}],"wp:attachment":[{"href":"https:\/\/www.afg.asso.fr\/en\/wp-json\/wp\/v2\/media?parent=30871"}],"curies":[{"name":"wp","href":"https:\/\/api.w.org\/{rel}","templated":true}]}}